{"id":992,"date":"2013-01-09T17:25:20","date_gmt":"2013-01-09T16:25:20","guid":{"rendered":"https:\/\/se.csbe.qc.ca\/universsocial\/?page_id=992"},"modified":"2015-08-24T14:08:25","modified_gmt":"2015-08-24T18:08:25","slug":"planification-par-realite-planification-globale-sec-4","status":"publish","type":"page","link":"https:\/\/se.csbe.qc.ca\/universsocial\/planification-par-realite-planification-globale-sec-4\/","title":{"rendered":"Planification par r\u00e9alit\u00e9 + planification globale (Sec.4)"},"content":{"rendered":"<div class=\"page-restrict-output\"><h2><span style=\"color: #000000;\">Voici des mod\u00e8les de planification pour chacune des r\u00e9alit\u00e9s de sec.4 + un mod\u00e8le de planification globale selon les comp\u00e9tences \u00e0 d\u00e9velopper.<\/span><\/h2>\n<h2><\/h2>\n<h2><span style=\"text-decoration: underline; color: #000000;\">Cliquer pour t\u00e9l\u00e9charger<\/span><\/h2>\n<h2><em><a href=\"https:\/\/se.csbe.qc.ca\/universsocial\/files\/2013\/01\/Planification-par-r\u00e9alit\u00e9-Sec.4.zip\">Planification par r\u00e9alit\u00e9 (Sec.4)<\/a><\/em><\/h2>\n<h2><em><a href=\"https:\/\/se.csbe.qc.ca\/universsocial\/files\/2013\/01\/Planification-globale-Histoire-2e-cycle.doc\">Planification globale (Histoire &#8211; 2e cycle)<\/a><\/em><\/h2>\n<!-- WP Attachments -->\r\n        <div style=\"width:100%;margin:10px 0 10px 0;\">\r\n            <h3>Attachments<\/h3>\r\n        <ul class=\"post-attachments\"><li class=\"post-attachment mime-application-zip\"><a href=\"https:\/\/se.csbe.qc.ca\/universsocial\/files\/2013\/01\/Planification-par-r\u00e9alit\u00e9-Sec.4.zip\">Planification par r\u00e9alit\u00e9 (Sec.4)<\/a> <small>(69 kB)<\/small><\/li><li class=\"post-attachment mime-application-msword\"><a href=\"https:\/\/se.csbe.qc.ca\/universsocial\/files\/2013\/01\/Planification-globale-Histoire-2e-cycle.doc\">Planification globale (Histoire - 2e cycle)<\/a> <small>(219 kB)<\/small><\/li><\/ul><\/div><\/div>","protected":false},"excerpt":{"rendered":"<div class=\"page-restrict-output\"><p>Voici des mod\u00e8les de planification pour chacune des r\u00e9alit\u00e9s de sec.4 + un mod\u00e8le de planification globale selon les comp\u00e9tences \u00e0 d\u00e9velopper. Cliquer pour t\u00e9l\u00e9charger Planification par r\u00e9alit\u00e9 (Sec.4) Planification globale (Histoire &#8211; 2e cycle) Attachments Planification par r\u00e9alit\u00e9 (Sec.4) (69 kB)Planification globale (Histoire &#8211; 2e cycle) (219 kB)<\/p>\n<\/div>","protected":false},"author":9,"featured_media":0,"parent":0,"menu_order":0,"comment_status":"open","ping_status":"open","template":"","meta":{"footnotes":""},"class_list":["post-992","page","type-page","status-publish","hentry","nodate","item-wrap"],"_links":{"self":[{"href":"https:\/\/se.csbe.qc.ca\/universsocial\/wp-json\/wp\/v2\/pages\/992","targetHints":{"allow":["GET"]}}],"collection":[{"href":"https:\/\/se.csbe.qc.ca\/universsocial\/wp-json\/wp\/v2\/pages"}],"about":[{"href":"https:\/\/se.csbe.qc.ca\/universsocial\/wp-json\/wp\/v2\/types\/page"}],"author":[{"embeddable":true,"href":"https:\/\/se.csbe.qc.ca\/universsocial\/wp-json\/wp\/v2\/users\/9"}],"replies":[{"embeddable":true,"href":"https:\/\/se.csbe.qc.ca\/universsocial\/wp-json\/wp\/v2\/comments?post=992"}],"version-history":[{"count":4,"href":"https:\/\/se.csbe.qc.ca\/universsocial\/wp-json\/wp\/v2\/pages\/992\/revisions"}],"predecessor-version":[{"id":3924,"href":"https:\/\/se.csbe.qc.ca\/universsocial\/wp-json\/wp\/v2\/pages\/992\/revisions\/3924"}],"wp:attachment":[{"href":"https:\/\/se.csbe.qc.ca\/universsocial\/wp-json\/wp\/v2\/media?parent=992"}],"curies":[{"name":"wp","href":"https:\/\/api.w.org\/{rel}","templated":true}]}}