{"id":965,"date":"2013-01-09T16:54:50","date_gmt":"2013-01-09T15:54:50","guid":{"rendered":"https:\/\/se.csbe.qc.ca\/universsocial\/?page_id=965"},"modified":"2013-01-10T15:58:50","modified_gmt":"2013-01-10T20:58:50","slug":"declaration-de-guerre-officielle-guerre-de-sept-ans-1756","status":"publish","type":"page","link":"https:\/\/se.csbe.qc.ca\/universsocial\/declaration-de-guerre-officielle-guerre-de-sept-ans-1756\/","title":{"rendered":"D\u00e9claration de guerre de 1756 (Guerre de Sept Ans) (2e cycle)"},"content":{"rendered":"<div class=\"page-restrict-output\"><h2><span style=\"color: #000000;\">Voici le texte original de la d\u00e9claration de guerre du roi de France au roi d&rsquo;Angleterre en 1756, qui signa le d\u00e9clenchement de la guerre de Sept ans. Int\u00e9ressant, non?<\/span><\/h2>\n<h2><\/h2>\n<h2><span style=\"text-decoration: underline; color: #000000;\">Cliquer pour t\u00e9l\u00e9charger<\/span><\/h2>\n<h2><em><a href=\"https:\/\/se.csbe.qc.ca\/universsocial\/files\/2013\/01\/D\u00e9claration-de-la-Guerre-de-Sept-Ans-1756.pdf\" target=\"_blank\">D\u00e9claration de la Guerre de Sept Ans (1756)<\/a><\/em><\/h2>\n<!-- WP Attachments -->\r\n        <div style=\"width:100%;margin:10px 0 10px 0;\">\r\n            <h3>Attachments<\/h3>\r\n        <ul class=\"post-attachments\"><li class=\"post-attachment mime-application-pdf\"><a href=\"https:\/\/se.csbe.qc.ca\/universsocial\/files\/2013\/01\/D\u00e9claration-de-la-Guerre-de-Sept-Ans-1756.pdf\">D\u00e9claration de la Guerre de Sept Ans (1756)<\/a> <small>(24 kB)<\/small><\/li><\/ul><\/div><\/div>","protected":false},"excerpt":{"rendered":"<div class=\"page-restrict-output\"><p>Voici le texte original de la d\u00e9claration de guerre du roi de France au roi d&rsquo;Angleterre en 1756, qui signa le d\u00e9clenchement de la guerre de Sept ans. Int\u00e9ressant, non? Cliquer pour t\u00e9l\u00e9charger D\u00e9claration de la Guerre de Sept Ans (1756) Attachments D\u00e9claration de la Guerre de Sept Ans (1756) (24 kB)<\/p>\n<\/div>","protected":false},"author":9,"featured_media":0,"parent":0,"menu_order":0,"comment_status":"open","ping_status":"closed","template":"","meta":{"footnotes":""},"class_list":["post-965","page","type-page","status-publish","hentry","nodate","item-wrap"],"_links":{"self":[{"href":"https:\/\/se.csbe.qc.ca\/universsocial\/wp-json\/wp\/v2\/pages\/965","targetHints":{"allow":["GET"]}}],"collection":[{"href":"https:\/\/se.csbe.qc.ca\/universsocial\/wp-json\/wp\/v2\/pages"}],"about":[{"href":"https:\/\/se.csbe.qc.ca\/universsocial\/wp-json\/wp\/v2\/types\/page"}],"author":[{"embeddable":true,"href":"https:\/\/se.csbe.qc.ca\/universsocial\/wp-json\/wp\/v2\/users\/9"}],"replies":[{"embeddable":true,"href":"https:\/\/se.csbe.qc.ca\/universsocial\/wp-json\/wp\/v2\/comments?post=965"}],"version-history":[{"count":4,"href":"https:\/\/se.csbe.qc.ca\/universsocial\/wp-json\/wp\/v2\/pages\/965\/revisions"}],"predecessor-version":[{"id":1188,"href":"https:\/\/se.csbe.qc.ca\/universsocial\/wp-json\/wp\/v2\/pages\/965\/revisions\/1188"}],"wp:attachment":[{"href":"https:\/\/se.csbe.qc.ca\/universsocial\/wp-json\/wp\/v2\/media?parent=965"}],"curies":[{"name":"wp","href":"https:\/\/api.w.org\/{rel}","templated":true}]}}