{"id":962,"date":"2013-01-09T16:52:59","date_gmt":"2013-01-09T15:52:59","guid":{"rendered":"https:\/\/se.csbe.qc.ca\/universsocial\/?page_id=962"},"modified":"2013-01-14T08:40:52","modified_gmt":"2013-01-14T13:40:52","slug":"dossier-documentaire-affirmation-nationale","status":"publish","type":"page","link":"https:\/\/se.csbe.qc.ca\/universsocial\/dossier-documentaire-affirmation-nationale\/","title":{"rendered":"Dossier documentaire &#8211; Affirmation nationale (2e cycle)"},"content":{"rendered":"<div class=\"page-restrict-output\"><h2><span style=\"color: #000000;\">Voici un dossier documentaire uniquement sur le th\u00e8me de l&rsquo;affirmation nationale. Int\u00e9ressant!<\/span><\/h2>\n<h2><\/h2>\n<h2><span style=\"text-decoration: underline;\">Pour y acc\u00e9der, cliquer sur le lien ci-dessous:<\/span><\/h2>\n<h2><em><a href=\"https:\/\/se.csbe.qc.ca\/universsocial\/files\/2013\/01\/Dossier-documentaire-Affirmation-nationale.docx\" target=\"_blank\">Dossier documentaire &#8211; Affirmation nationale<\/a><\/em><\/h2>\n<!-- WP Attachments -->\r\n        <div style=\"width:100%;margin:10px 0 10px 0;\">\r\n            <h3>Attachments<\/h3>\r\n        <ul class=\"post-attachments\"><li class=\"post-attachment mime-application-vnd-openxmlformats-officedocument-wordprocessingml-document\"><a href=\"https:\/\/se.csbe.qc.ca\/universsocial\/files\/2013\/01\/Dossier-documentaire-Affirmation-nationale.docx\">Dossier documentaire - Affirmation nationale<\/a> <small>(2 MB)<\/small><\/li><\/ul><\/div><\/div>","protected":false},"excerpt":{"rendered":"<div class=\"page-restrict-output\"><p>Voici un dossier documentaire uniquement sur le th\u00e8me de l&rsquo;affirmation nationale. Int\u00e9ressant! Pour y acc\u00e9der, cliquer sur le lien ci-dessous: Dossier documentaire &#8211; Affirmation nationale Attachments Dossier documentaire &#8211; Affirmation nationale (2 MB)<\/p>\n<\/div>","protected":false},"author":9,"featured_media":0,"parent":0,"menu_order":0,"comment_status":"open","ping_status":"closed","template":"","meta":{"footnotes":""},"class_list":["post-962","page","type-page","status-publish","hentry","nodate","item-wrap"],"_links":{"self":[{"href":"https:\/\/se.csbe.qc.ca\/universsocial\/wp-json\/wp\/v2\/pages\/962","targetHints":{"allow":["GET"]}}],"collection":[{"href":"https:\/\/se.csbe.qc.ca\/universsocial\/wp-json\/wp\/v2\/pages"}],"about":[{"href":"https:\/\/se.csbe.qc.ca\/universsocial\/wp-json\/wp\/v2\/types\/page"}],"author":[{"embeddable":true,"href":"https:\/\/se.csbe.qc.ca\/universsocial\/wp-json\/wp\/v2\/users\/9"}],"replies":[{"embeddable":true,"href":"https:\/\/se.csbe.qc.ca\/universsocial\/wp-json\/wp\/v2\/comments?post=962"}],"version-history":[{"count":3,"href":"https:\/\/se.csbe.qc.ca\/universsocial\/wp-json\/wp\/v2\/pages\/962\/revisions"}],"predecessor-version":[{"id":1236,"href":"https:\/\/se.csbe.qc.ca\/universsocial\/wp-json\/wp\/v2\/pages\/962\/revisions\/1236"}],"wp:attachment":[{"href":"https:\/\/se.csbe.qc.ca\/universsocial\/wp-json\/wp\/v2\/media?parent=962"}],"curies":[{"name":"wp","href":"https:\/\/api.w.org\/{rel}","templated":true}]}}