{"id":950,"date":"2013-01-09T16:41:26","date_gmt":"2013-01-09T15:41:26","guid":{"rendered":"https:\/\/se.csbe.qc.ca\/universsocial\/?page_id=950"},"modified":"2013-01-11T12:47:10","modified_gmt":"2013-01-11T17:47:10","slug":"plan-de-rome-au-ive-siecle-sec-1","status":"publish","type":"page","link":"https:\/\/se.csbe.qc.ca\/universsocial\/plan-de-rome-au-ive-siecle-sec-1\/","title":{"rendered":"Plan de Rome au IVe si\u00e8cle (Sec.1)"},"content":{"rendered":"<div class=\"page-restrict-output\"><h2><span style=\"color: #000000;\">Il s&rsquo;agit d&rsquo;une reconstitution d&rsquo;un plan de la ville de Rome au IVe si\u00e8cle ap. J-C, avec l&#8217;emplacement des tous les principaux b\u00e2timents.<\/span><\/h2>\n<h2><\/h2>\n<h2><span style=\"text-decoration: underline;\"><span style=\"color: #000000; text-decoration: underline;\">Pour y acc\u00e9der, cliquer sur le lien ci-dessous:<\/span><\/span><\/h2>\n<h2><em><a href=\"https:\/\/se.csbe.qc.ca\/universsocial\/files\/2013\/01\/Plan-de-Rome.pdf\" target=\"_blank\">Plan de Rome<\/a><\/em><\/h2>\n<!-- WP Attachments -->\r\n        <div style=\"width:100%;margin:10px 0 10px 0;\">\r\n            <h3>Attachments<\/h3>\r\n        <ul class=\"post-attachments\"><li class=\"post-attachment mime-application-pdf\"><a href=\"https:\/\/se.csbe.qc.ca\/universsocial\/files\/2013\/01\/Plan-de-Rome.pdf\">Plan de Rome<\/a> <small>(5 MB)<\/small><\/li><\/ul><\/div><\/div>","protected":false},"excerpt":{"rendered":"<div class=\"page-restrict-output\"><p>Il s&rsquo;agit d&rsquo;une reconstitution d&rsquo;un plan de la ville de Rome au IVe si\u00e8cle ap. J-C, avec l&#8217;emplacement des tous les principaux b\u00e2timents. Pour y acc\u00e9der, cliquer sur le lien ci-dessous: Plan de Rome Attachments Plan de Rome (5 MB)<\/p>\n<\/div>","protected":false},"author":9,"featured_media":0,"parent":0,"menu_order":0,"comment_status":"open","ping_status":"open","template":"","meta":{"footnotes":""},"class_list":["post-950","page","type-page","status-publish","hentry","nodate","item-wrap"],"_links":{"self":[{"href":"https:\/\/se.csbe.qc.ca\/universsocial\/wp-json\/wp\/v2\/pages\/950","targetHints":{"allow":["GET"]}}],"collection":[{"href":"https:\/\/se.csbe.qc.ca\/universsocial\/wp-json\/wp\/v2\/pages"}],"about":[{"href":"https:\/\/se.csbe.qc.ca\/universsocial\/wp-json\/wp\/v2\/types\/page"}],"author":[{"embeddable":true,"href":"https:\/\/se.csbe.qc.ca\/universsocial\/wp-json\/wp\/v2\/users\/9"}],"replies":[{"embeddable":true,"href":"https:\/\/se.csbe.qc.ca\/universsocial\/wp-json\/wp\/v2\/comments?post=950"}],"version-history":[{"count":3,"href":"https:\/\/se.csbe.qc.ca\/universsocial\/wp-json\/wp\/v2\/pages\/950\/revisions"}],"predecessor-version":[{"id":1221,"href":"https:\/\/se.csbe.qc.ca\/universsocial\/wp-json\/wp\/v2\/pages\/950\/revisions\/1221"}],"wp:attachment":[{"href":"https:\/\/se.csbe.qc.ca\/universsocial\/wp-json\/wp\/v2\/media?parent=950"}],"curies":[{"name":"wp","href":"https:\/\/api.w.org\/{rel}","templated":true}]}}