{"id":932,"date":"2013-01-09T16:25:20","date_gmt":"2013-01-09T15:25:20","guid":{"rendered":"https:\/\/se.csbe.qc.ca\/universsocial\/?page_id=932"},"modified":"2013-01-11T12:41:56","modified_gmt":"2013-01-11T17:41:56","slug":"les-competences-en-histoire-1er-cycle","status":"publish","type":"page","link":"https:\/\/se.csbe.qc.ca\/universsocial\/les-competences-en-histoire-1er-cycle\/","title":{"rendered":"Les comp\u00e9tences en histoire (1er cycle)"},"content":{"rendered":"<div class=\"page-restrict-output\"><h2><span style=\"color: #000000;\">Voici des documents pr\u00e9sentant une explication de chacune des comp\u00e9tences en histoire au 1er cycle, en plus d&rsquo;un sch\u00e9ma sur leur insertion dans les s\u00e9quences (compl\u00e9t\u00e9 + vierge)<\/span><\/h2>\n<h2><\/h2>\n<h2><span style=\"text-decoration: underline; color: #000000;\">Pour y acc\u00e9der, cliquer sur le lien ci-dessous:<\/span><\/h2>\n<h2><em><a href=\"https:\/\/se.csbe.qc.ca\/universsocial\/files\/2013\/01\/Comp\u00e9tences-Explication-Histoire-1er-cycle.doc\" target=\"_blank\">Comp\u00e9tences &#8211; Explication (Histoire 1er cycle)<\/a><\/em><\/h2>\n<h2><em><a href=\"https:\/\/se.csbe.qc.ca\/universsocial\/files\/2013\/01\/Les-comp\u00e9tences-\u00e0-lint\u00e9rieur-des-s\u00e9quences.doc\" target=\"_blank\">Les comp\u00e9tences \u00e0 l&rsquo;int\u00e9rieur des s\u00e9quences<\/a><\/em><\/h2>\n<h2><em><a href=\"https:\/\/se.csbe.qc.ca\/universsocial\/files\/2013\/01\/Les-comp\u00e9tences-\u00e0-lint\u00e9rieur-des-s\u00e9quences-vierge.doc\" target=\"_blank\">Les comp\u00e9tences \u00e0 l&rsquo;int\u00e9rieur des s\u00e9quences (vierge)<\/a><\/em><\/h2>\n<!-- WP Attachments -->\r\n        <div style=\"width:100%;margin:10px 0 10px 0;\">\r\n            <h3>Attachments<\/h3>\r\n        <ul class=\"post-attachments\"><li class=\"post-attachment mime-application-msword\"><a href=\"https:\/\/se.csbe.qc.ca\/universsocial\/files\/2013\/01\/Comp\u00e9tences-Explication-Histoire-1er-cycle.doc\">Comp\u00e9tences - Explication (Histoire 1er cycle)<\/a> <small>(614 kB)<\/small><\/li><li class=\"post-attachment mime-application-msword\"><a href=\"https:\/\/se.csbe.qc.ca\/universsocial\/files\/2013\/01\/Les-comp\u00e9tences-\u00e0-lint\u00e9rieur-des-s\u00e9quences.doc\">Les comp\u00e9tences \u00e0 l'int\u00e9rieur des s\u00e9quences<\/a> <small>(36 kB)<\/small><\/li><li class=\"post-attachment mime-application-msword\"><a href=\"https:\/\/se.csbe.qc.ca\/universsocial\/files\/2013\/01\/Les-comp\u00e9tences-\u00e0-lint\u00e9rieur-des-s\u00e9quences-vierge.doc\">Les comp\u00e9tences \u00e0 l'int\u00e9rieur des s\u00e9quences (vierge)<\/a> <small>(48 kB)<\/small><\/li><\/ul><\/div><\/div>","protected":false},"excerpt":{"rendered":"<div class=\"page-restrict-output\"><p>Voici des documents pr\u00e9sentant une explication de chacune des comp\u00e9tences en histoire au 1er cycle, en plus d&rsquo;un sch\u00e9ma sur leur insertion dans les s\u00e9quences (compl\u00e9t\u00e9 + vierge) Pour y acc\u00e9der, cliquer sur le lien ci-dessous: Comp\u00e9tences &#8211; Explication (Histoire 1er cycle) Les comp\u00e9tences \u00e0 l&rsquo;int\u00e9rieur des s\u00e9quences Les comp\u00e9tences \u00e0 l&rsquo;int\u00e9rieur des s\u00e9quences (vierge) &hellip; <\/p>\n<p><a class=\"more-link btn\" href=\"https:\/\/se.csbe.qc.ca\/universsocial\/les-competences-en-histoire-1er-cycle\/\">Lire la suite<\/a><\/p>\n<\/div>","protected":false},"author":9,"featured_media":0,"parent":0,"menu_order":0,"comment_status":"open","ping_status":"open","template":"","meta":{"footnotes":""},"class_list":["post-932","page","type-page","status-publish","hentry","nodate","item-wrap"],"_links":{"self":[{"href":"https:\/\/se.csbe.qc.ca\/universsocial\/wp-json\/wp\/v2\/pages\/932","targetHints":{"allow":["GET"]}}],"collection":[{"href":"https:\/\/se.csbe.qc.ca\/universsocial\/wp-json\/wp\/v2\/pages"}],"about":[{"href":"https:\/\/se.csbe.qc.ca\/universsocial\/wp-json\/wp\/v2\/types\/page"}],"author":[{"embeddable":true,"href":"https:\/\/se.csbe.qc.ca\/universsocial\/wp-json\/wp\/v2\/users\/9"}],"replies":[{"embeddable":true,"href":"https:\/\/se.csbe.qc.ca\/universsocial\/wp-json\/wp\/v2\/comments?post=932"}],"version-history":[{"count":3,"href":"https:\/\/se.csbe.qc.ca\/universsocial\/wp-json\/wp\/v2\/pages\/932\/revisions"}],"predecessor-version":[{"id":937,"href":"https:\/\/se.csbe.qc.ca\/universsocial\/wp-json\/wp\/v2\/pages\/932\/revisions\/937"}],"wp:attachment":[{"href":"https:\/\/se.csbe.qc.ca\/universsocial\/wp-json\/wp\/v2\/media?parent=932"}],"curies":[{"name":"wp","href":"https:\/\/api.w.org\/{rel}","templated":true}]}}