{"id":921,"date":"2013-01-09T16:01:29","date_gmt":"2013-01-09T15:01:29","guid":{"rendered":"https:\/\/se.csbe.qc.ca\/universsocial\/?page_id=921"},"modified":"2019-03-22T15:55:41","modified_gmt":"2019-03-22T19:55:41","slug":"operations-intellectuelles-grilles-de-correction","status":"publish","type":"page","link":"https:\/\/se.csbe.qc.ca\/universsocial\/operations-intellectuelles-grilles-de-correction\/","title":{"rendered":"Grilles de correction"},"content":{"rendered":"<div class=\"page-restrict-output\"><h2><span style=\"color: #000000\">Voici des grilles de correction pour chacune des op\u00e9rations intellectuelles en univers social et pour les questions \u00e0 d\u00e9veloppement de chacun des programmes.<\/span><\/h2>\n<h2><span style=\"color: #000000\">Vous pouvez les adapter, mais il est recommand\u00e9 d&rsquo;utiliser le m\u00eame nombre de points, car il s&rsquo;agit de grilles construites \u00e0 partir des pond\u00e9rations du MEES.<\/span><\/h2>\n<h2>\u00a0<span style=\"text-decoration: underline;color: #000000\">Pour y acc\u00e9der, cliquer sur le lien ci-dessous:<\/span><\/h2>\n<h2><a href=\"https:\/\/se.csbe.qc.ca\/universsocial\/files\/2013\/01\/G\u00e9ographie.Grilles2017.docx\">G\u00e9ographie.Grilles2017<\/a><\/h2>\n<h2><a href=\"https:\/\/se.csbe.qc.ca\/universsocial\/files\/2013\/01\/HEC.Grilles2017.docx\">HEC.Grilles2017<\/a><\/h2>\n<h2><a href=\"https:\/\/se.csbe.qc.ca\/universsocial\/files\/2019\/03\/HQC-Grilles_Mars_2019.docx\">HQC Grilles_Mars_2019<\/a><\/h2>\n<h2><a href=\"https:\/\/se.csbe.qc.ca\/universsocial\/files\/2019\/03\/MC_Grilles_2019.docx\">MC_Grilles_2019<\/a><\/h2>\n<h2><a href=\"https:\/\/se.csbe.qc.ca\/universsocial\/files\/2019\/03\/EF_Grilles_Mars_2019.docx\">EF_Grilles_Mars_2019<\/a><\/h2>\n<h2><\/h2>\n<h2><\/h2>\n<!-- WP Attachments -->\r\n        <div style=\"width:100%;margin:10px 0 10px 0;\">\r\n            <h3>Attachments<\/h3>\r\n        <ul class=\"post-attachments\"><li class=\"post-attachment mime-application-vnd-openxmlformats-officedocument-wordprocessingml-document\"><a href=\"https:\/\/se.csbe.qc.ca\/universsocial\/files\/2019\/03\/EF_Grilles_Mars_2019.docx\">EF_Grilles_Mars_2019<\/a> <small>(49 kB)<\/small><\/li><li class=\"post-attachment mime-application-vnd-openxmlformats-officedocument-wordprocessingml-document\"><a href=\"https:\/\/se.csbe.qc.ca\/universsocial\/files\/2013\/01\/G\u00e9ographie.Grilles2017.docx\">G\u00e9ographie.Grilles2017<\/a> <small>(36 kB)<\/small><\/li><li class=\"post-attachment mime-application-vnd-openxmlformats-officedocument-wordprocessingml-document\"><a href=\"https:\/\/se.csbe.qc.ca\/universsocial\/files\/2019\/03\/HQC-Grilles_Mars_2019.docx\">HQC Grilles_Mars_2019<\/a> <small>(51 kB)<\/small><\/li><li class=\"post-attachment mime-application-vnd-openxmlformats-officedocument-wordprocessingml-document\"><a href=\"https:\/\/se.csbe.qc.ca\/universsocial\/files\/2013\/01\/HEC.Grilles2017.docx\">HEC.Grilles2017<\/a> <small>(42 kB)<\/small><\/li><li class=\"post-attachment mime-application-vnd-openxmlformats-officedocument-wordprocessingml-document\"><a href=\"https:\/\/se.csbe.qc.ca\/universsocial\/files\/2019\/03\/MC_Grilles_2019.docx\">MC_Grilles_2019<\/a> <small>(41 kB)<\/small><\/li><\/ul><\/div><\/div>","protected":false},"excerpt":{"rendered":"<div class=\"page-restrict-output\"><p>Voici des grilles de correction pour chacune des op\u00e9rations intellectuelles en univers social et pour les questions \u00e0 d\u00e9veloppement de chacun des programmes. Vous pouvez les adapter, mais il est recommand\u00e9 d&rsquo;utiliser le m\u00eame nombre de points, car il s&rsquo;agit de grilles construites \u00e0 partir des pond\u00e9rations du MEES. \u00a0Pour y acc\u00e9der, cliquer sur le &hellip; <\/p>\n<p><a class=\"more-link btn\" href=\"https:\/\/se.csbe.qc.ca\/universsocial\/operations-intellectuelles-grilles-de-correction\/\">Lire la suite<\/a><\/p>\n<\/div>","protected":false},"author":209,"featured_media":0,"parent":0,"menu_order":0,"comment_status":"open","ping_status":"open","template":"","meta":{"footnotes":""},"class_list":["post-921","page","type-page","status-publish","hentry","nodate","item-wrap"],"_links":{"self":[{"href":"https:\/\/se.csbe.qc.ca\/universsocial\/wp-json\/wp\/v2\/pages\/921","targetHints":{"allow":["GET"]}}],"collection":[{"href":"https:\/\/se.csbe.qc.ca\/universsocial\/wp-json\/wp\/v2\/pages"}],"about":[{"href":"https:\/\/se.csbe.qc.ca\/universsocial\/wp-json\/wp\/v2\/types\/page"}],"author":[{"embeddable":true,"href":"https:\/\/se.csbe.qc.ca\/universsocial\/wp-json\/wp\/v2\/users\/209"}],"replies":[{"embeddable":true,"href":"https:\/\/se.csbe.qc.ca\/universsocial\/wp-json\/wp\/v2\/comments?post=921"}],"version-history":[{"count":19,"href":"https:\/\/se.csbe.qc.ca\/universsocial\/wp-json\/wp\/v2\/pages\/921\/revisions"}],"predecessor-version":[{"id":6854,"href":"https:\/\/se.csbe.qc.ca\/universsocial\/wp-json\/wp\/v2\/pages\/921\/revisions\/6854"}],"wp:attachment":[{"href":"https:\/\/se.csbe.qc.ca\/universsocial\/wp-json\/wp\/v2\/media?parent=921"}],"curies":[{"name":"wp","href":"https:\/\/api.w.org\/{rel}","templated":true}]}}