{"id":890,"date":"2012-12-20T15:59:16","date_gmt":"2012-12-20T14:59:16","guid":{"rendered":"https:\/\/se.csbe.qc.ca\/universsocial\/?page_id=890"},"modified":"2022-03-01T14:19:30","modified_gmt":"2022-03-01T19:19:30","slug":"sae-et-se","status":"publish","type":"page","link":"https:\/\/se.csbe.qc.ca\/universsocial\/sae-et-se\/","title":{"rendered":"SA\u00c9, S\u00c9 et situations complexes"},"content":{"rendered":"<div class=\"page-restrict-output\"><h2><span style=\"font-size: 14pt\">1.\u00a0<em><a href=\"https:\/\/se.csbe.qc.ca\/universsocial\/files\/2012\/10\/Lecture-du-territoire-de-Paris.zip\">Lecture du territoire de Paris<\/a><\/em><\/span><\/h2>\n<h2 style=\"padding-left: 30px\"><span style=\"font-size: 14pt\">Un petit tutoriel qui pourrait vous donner de bonnes id\u00e9es pour faire l\u2019analyse d\u2019un territoire urbain. \u00c0<em style=\"font-family: inherit\">\u00a0utiliser avec Google Earth ou Google Maps.<\/em><\/span><\/h2>\n<h2><\/h2>\n<p><span style=\"font-size: 14pt;color: #1f1a22;font-family: inherit;font-weight: bold\">3.\u00a0SA\u00c9 \u2013 M\u00e9tropoles (G\u00e9ographie)<\/span><\/p>\n<p style=\"padding-left: 30px\"><span style=\"font-size: 14pt;color: #1f1a22;font-family: inherit;font-weight: bold\">Une SA\u00c9 sur Le Caire qui provient du MELS.<\/span><\/p>\n<p style=\"padding-left: 30px\"><strong style=\"font-size: 14pt;color: #1f1a22;font-family: inherit\">Pour y acc\u00e9der, cliquer sur les liens ci-dessous:<\/strong><\/p>\n<p style=\"padding-left: 30px\"><em style=\"font-size: 14pt;color: #1f1a22;font-family: inherit;font-weight: bold\"><strong><a href=\"https:\/\/se.csbe.qc.ca\/universsocial\/files\/2012\/10\/sec_geo_vie_documentenseignant.pdf\" target=\"_blank\" rel=\"noopener\">sec_geo_vie_documentenseignant<\/a><\/strong><\/em><\/p>\n<p style=\"padding-left: 30px\"><em style=\"font-size: 14pt;color: #1f1a22;font-family: inherit;font-weight: bold\"><strong><a href=\"https:\/\/se.csbe.qc.ca\/universsocial\/files\/2012\/10\/sec_geo_vie_dossiersdocumentaires1.pdf\" target=\"_blank\" rel=\"noopener\">sec_geo_vie_dossiersdocumentaires<\/a><\/strong><\/em><\/p>\n<p style=\"padding-left: 30px\"><em style=\"font-size: 14pt;color: #1f1a22;font-family: inherit;font-weight: bold\"><strong><a href=\"https:\/\/se.csbe.qc.ca\/universsocial\/files\/2012\/10\/sec_geo_vie_journaldebordeleve.pdf\" target=\"_blank\" rel=\"noopener\">sec_geo_vie_journaldebordeleve<\/a><\/strong><\/em><\/p>\n<p style=\"padding-left: 30px\"><em style=\"font-size: 14pt;color: #1f1a22;font-family: inherit;font-weight: bold\"><strong><a href=\"https:\/\/se.csbe.qc.ca\/universsocial\/files\/2012\/10\/sec_geo_vie_presentation.pdf\" target=\"_blank\" rel=\"noopener\">sec_geo_vie_presentation<\/a><\/strong><\/em><\/p>\n<div class=\"entry-content clearfix\">\n<div class=\"page-restrict-output\">\n<h1 class=\"post-title entry-title\"><\/h1>\n<div class=\"entry-content clearfix\">\n<div class=\"page-restrict-output\"><\/div>\n<\/div>\n<h2><\/h2>\n<h2><\/h2>\n<h2><\/h2>\n<h2><\/h2>\n<\/div>\n<\/div>\n<h2><\/h2>\n<\/div>","protected":false},"excerpt":{"rendered":"<div class=\"page-restrict-output\"><p>1.\u00a0Lecture du territoire de Paris Un petit tutoriel qui pourrait vous donner de bonnes id\u00e9es pour faire l\u2019analyse d\u2019un territoire urbain. \u00c0\u00a0utiliser avec Google Earth ou Google Maps. 3.\u00a0SA\u00c9 \u2013 M\u00e9tropoles (G\u00e9ographie) Une SA\u00c9 sur Le Caire qui provient du MELS. Pour y acc\u00e9der, cliquer sur les liens ci-dessous: sec_geo_vie_documentenseignant sec_geo_vie_dossiersdocumentaires sec_geo_vie_journaldebordeleve sec_geo_vie_presentation<\/p>\n<\/div>","protected":false},"author":9,"featured_media":0,"parent":0,"menu_order":0,"comment_status":"open","ping_status":"closed","template":"","meta":{"footnotes":""},"class_list":["post-890","page","type-page","status-publish","hentry","nodate","item-wrap"],"_links":{"self":[{"href":"https:\/\/se.csbe.qc.ca\/universsocial\/wp-json\/wp\/v2\/pages\/890","targetHints":{"allow":["GET"]}}],"collection":[{"href":"https:\/\/se.csbe.qc.ca\/universsocial\/wp-json\/wp\/v2\/pages"}],"about":[{"href":"https:\/\/se.csbe.qc.ca\/universsocial\/wp-json\/wp\/v2\/types\/page"}],"author":[{"embeddable":true,"href":"https:\/\/se.csbe.qc.ca\/universsocial\/wp-json\/wp\/v2\/users\/9"}],"replies":[{"embeddable":true,"href":"https:\/\/se.csbe.qc.ca\/universsocial\/wp-json\/wp\/v2\/comments?post=890"}],"version-history":[{"count":10,"href":"https:\/\/se.csbe.qc.ca\/universsocial\/wp-json\/wp\/v2\/pages\/890\/revisions"}],"predecessor-version":[{"id":7051,"href":"https:\/\/se.csbe.qc.ca\/universsocial\/wp-json\/wp\/v2\/pages\/890\/revisions\/7051"}],"wp:attachment":[{"href":"https:\/\/se.csbe.qc.ca\/universsocial\/wp-json\/wp\/v2\/media?parent=890"}],"curies":[{"name":"wp","href":"https:\/\/api.w.org\/{rel}","templated":true}]}}