{"id":745,"date":"2012-12-06T15:49:28","date_gmt":"2012-12-06T14:49:28","guid":{"rendered":"https:\/\/se.csbe.qc.ca\/universsocial\/?page_id=745"},"modified":"2013-01-11T10:31:34","modified_gmt":"2013-01-11T15:31:34","slug":"grille-devaluation-question-a-reponse-elaboree-2e-cycle","status":"publish","type":"page","link":"https:\/\/se.csbe.qc.ca\/universsocial\/grille-devaluation-question-a-reponse-elaboree-2e-cycle\/","title":{"rendered":"Grille d&rsquo;\u00e9valuation &#8211; Question \u00e0 r\u00e9ponse \u00e9labor\u00e9e (2e cycle)"},"content":{"rendered":"<div class=\"page-restrict-output\"><h2>Voici une grille semblable \u00e0 celle utilis\u00e9e par le MELS pour les questions \u00e0 r\u00e9ponse \u00e9labor\u00e9e&#8230; il ne vous reste plus qu&rsquo;\u00e0 l&rsquo;imprimer!<\/h2>\n<h2><\/h2>\n<h2><span style=\"text-decoration: underline;\"><strong>Cliquez sur le lien ci-dessous pour la t\u00e9l\u00e9charger:<\/strong><\/span><\/h2>\n<h2><em><a href=\"https:\/\/se.csbe.qc.ca\/universsocial\/files\/2012\/12\/Grille-d\u00e9valuation-Question-\u00e0-r\u00e9ponse-\u00e9labor\u00e9e.docx\">Grille d&rsquo;\u00e9valuation &#8211; Question \u00e0 r\u00e9ponse \u00e9labor\u00e9e<\/a><\/em><\/h2>\n<!-- WP Attachments -->\r\n        <div style=\"width:100%;margin:10px 0 10px 0;\">\r\n            <h3>Attachments<\/h3>\r\n        <ul class=\"post-attachments\"><li class=\"post-attachment mime-application-msword\"><a href=\"https:\/\/se.csbe.qc.ca\/universsocial\/files\/2012\/12\/Grille-d\u00e9valuation-Question-\u00e0-r\u00e9ponse-\u00e9labor\u00e9e.docx\">Grille d'\u00e9valuation - Question \u00e0 r\u00e9ponse \u00e9labor\u00e9e<\/a> <small>(15 kB)<\/small><\/li><\/ul><\/div><\/div>","protected":false},"excerpt":{"rendered":"<div class=\"page-restrict-output\"><p>Voici une grille semblable \u00e0 celle utilis\u00e9e par le MELS pour les questions \u00e0 r\u00e9ponse \u00e9labor\u00e9e&#8230; il ne vous reste plus qu&rsquo;\u00e0 l&rsquo;imprimer! Cliquez sur le lien ci-dessous pour la t\u00e9l\u00e9charger: Grille d&rsquo;\u00e9valuation &#8211; Question \u00e0 r\u00e9ponse \u00e9labor\u00e9e Attachments Grille d&rsquo;\u00e9valuation &#8211; Question \u00e0 r\u00e9ponse \u00e9labor\u00e9e (15 kB)<\/p>\n<\/div>","protected":false},"author":9,"featured_media":0,"parent":0,"menu_order":0,"comment_status":"open","ping_status":"open","template":"","meta":{"footnotes":""},"class_list":["post-745","page","type-page","status-publish","hentry","nodate","item-wrap"],"_links":{"self":[{"href":"https:\/\/se.csbe.qc.ca\/universsocial\/wp-json\/wp\/v2\/pages\/745","targetHints":{"allow":["GET"]}}],"collection":[{"href":"https:\/\/se.csbe.qc.ca\/universsocial\/wp-json\/wp\/v2\/pages"}],"about":[{"href":"https:\/\/se.csbe.qc.ca\/universsocial\/wp-json\/wp\/v2\/types\/page"}],"author":[{"embeddable":true,"href":"https:\/\/se.csbe.qc.ca\/universsocial\/wp-json\/wp\/v2\/users\/9"}],"replies":[{"embeddable":true,"href":"https:\/\/se.csbe.qc.ca\/universsocial\/wp-json\/wp\/v2\/comments?post=745"}],"version-history":[{"count":5,"href":"https:\/\/se.csbe.qc.ca\/universsocial\/wp-json\/wp\/v2\/pages\/745\/revisions"}],"predecessor-version":[{"id":1193,"href":"https:\/\/se.csbe.qc.ca\/universsocial\/wp-json\/wp\/v2\/pages\/745\/revisions\/1193"}],"wp:attachment":[{"href":"https:\/\/se.csbe.qc.ca\/universsocial\/wp-json\/wp\/v2\/media?parent=745"}],"curies":[{"name":"wp","href":"https:\/\/api.w.org\/{rel}","templated":true}]}}