{"id":702,"date":"2012-11-16T19:44:17","date_gmt":"2012-11-16T18:44:17","guid":{"rendered":"https:\/\/se.csbe.qc.ca\/universsocial\/?page_id=702"},"modified":"2016-06-07T09:02:36","modified_gmt":"2016-06-07T13:02:36","slug":"questions-a-reponse-elaboree-sec-3","status":"publish","type":"page","link":"https:\/\/se.csbe.qc.ca\/universsocial\/questions-a-reponse-elaboree-sec-3\/","title":{"rendered":"Question \u00e0 r\u00e9ponse \u00e9labor\u00e9e &#8211; Revendications et luttes (Sec.3)"},"content":{"rendered":"<div class=\"page-restrict-output\"><h2><span style=\"color: #000000;\">Une question \u00e0 r\u00e9ponse \u00e9labor\u00e9e est disponible pour fins d&rsquo;\u00e9valuation ou de r\u00e9vision en vue de l&rsquo;\u00e9preuve unique du MELS&#8230; elle porte sur <em>\u00ab\u00a0Revendications et luttes dans la colonie britannique\u00a0\u00bb<\/em><\/span><\/h2>\n<h2><span style=\"color: #000000;\"><em>\u00a0<\/em><\/span><\/h2>\n<h2><span style=\"color: #000000;\">Ce lien nous provient d&rsquo;un \u00e9change avec la C.S. des Phares&#8230; merci \u00e0 eux!<\/span><\/h2>\n<h2><span style=\"color: #000000;\">\u00a0<\/span><\/h2>\n<h2><span style=\"text-decoration: underline; color: #000000;\"><strong>Pour la t\u00e9l\u00e9charger, cliquez sur le lien ci-dessous:<\/strong><\/span><\/h2>\n<h2><em><a href=\"https:\/\/se.csbe.qc.ca\/universsocial\/files\/2012\/11\/C.S.-des-Phares-Question-\u00e0-r\u00e9ponse-\u00e9labor\u00e9e.zip\">C.S. des Phares &#8211; Question \u00e0 r\u00e9ponse \u00e9labor\u00e9e<\/a><\/em><\/h2>\n<!-- WP Attachments -->\r\n        <div style=\"width:100%;margin:10px 0 10px 0;\">\r\n            <h3>Attachments<\/h3>\r\n        <ul class=\"post-attachments\"><li class=\"post-attachment mime-application-zip\"><a href=\"https:\/\/se.csbe.qc.ca\/universsocial\/files\/2012\/11\/C.S.-des-Phares-Question-\u00e0-r\u00e9ponse-\u00e9labor\u00e9e.zip\">C.S. des Phares - Question \u00e0 r\u00e9ponse \u00e9labor\u00e9e<\/a> <small>(2 MB)<\/small><\/li><\/ul><\/div><\/div>","protected":false},"excerpt":{"rendered":"<div class=\"page-restrict-output\"><p>Une question \u00e0 r\u00e9ponse \u00e9labor\u00e9e est disponible pour fins d&rsquo;\u00e9valuation ou de r\u00e9vision en vue de l&rsquo;\u00e9preuve unique du MELS&#8230; elle porte sur \u00ab\u00a0Revendications et luttes dans la colonie britannique\u00a0\u00bb \u00a0 Ce lien nous provient d&rsquo;un \u00e9change avec la C.S. des Phares&#8230; merci \u00e0 eux! \u00a0 Pour la t\u00e9l\u00e9charger, cliquez sur le lien ci-dessous: C.S. &hellip; <\/p>\n<p><a class=\"more-link btn\" href=\"https:\/\/se.csbe.qc.ca\/universsocial\/questions-a-reponse-elaboree-sec-3\/\">Lire la suite<\/a><\/p>\n<\/div>","protected":false},"author":9,"featured_media":0,"parent":0,"menu_order":0,"comment_status":"open","ping_status":"open","template":"","meta":{"footnotes":""},"class_list":["post-702","page","type-page","status-publish","hentry","nodate","item-wrap"],"_links":{"self":[{"href":"https:\/\/se.csbe.qc.ca\/universsocial\/wp-json\/wp\/v2\/pages\/702","targetHints":{"allow":["GET"]}}],"collection":[{"href":"https:\/\/se.csbe.qc.ca\/universsocial\/wp-json\/wp\/v2\/pages"}],"about":[{"href":"https:\/\/se.csbe.qc.ca\/universsocial\/wp-json\/wp\/v2\/types\/page"}],"author":[{"embeddable":true,"href":"https:\/\/se.csbe.qc.ca\/universsocial\/wp-json\/wp\/v2\/users\/9"}],"replies":[{"embeddable":true,"href":"https:\/\/se.csbe.qc.ca\/universsocial\/wp-json\/wp\/v2\/comments?post=702"}],"version-history":[{"count":8,"href":"https:\/\/se.csbe.qc.ca\/universsocial\/wp-json\/wp\/v2\/pages\/702\/revisions"}],"predecessor-version":[{"id":3607,"href":"https:\/\/se.csbe.qc.ca\/universsocial\/wp-json\/wp\/v2\/pages\/702\/revisions\/3607"}],"wp:attachment":[{"href":"https:\/\/se.csbe.qc.ca\/universsocial\/wp-json\/wp\/v2\/media?parent=702"}],"curies":[{"name":"wp","href":"https:\/\/api.w.org\/{rel}","templated":true}]}}