{"id":6999,"date":"2020-04-15T15:16:57","date_gmt":"2020-04-15T19:16:57","guid":{"rendered":"https:\/\/se.csbe.qc.ca\/universsocial\/?page_id=6999"},"modified":"2020-04-15T15:16:59","modified_gmt":"2020-04-15T19:16:59","slug":"une-revision-tout-en-action","status":"publish","type":"page","link":"https:\/\/se.csbe.qc.ca\/universsocial\/une-revision-tout-en-action\/","title":{"rendered":"Une r\u00e9vision tout en action!"},"content":{"rendered":"<div class=\"page-restrict-output\">\n<p><strong>Outils de r\u00e9vision<\/strong><\/p>\n<p>Voici des outils de r\u00e9vision en <strong>histoire de 4e secondaire <\/strong>pr\u00e9sent\u00e9s au congr\u00e8s de l&rsquo;AQEUS en d\u00e9cembre dernier.<\/p>\n<table width=\"100%\">\n<tbody>\n<tr>\n<td colspan=\"2\" width=\"440\">\n<p><strong><a href=\"https:\/\/drive.google.com\/drive\/folders\/1_rA_NQ0ThO6XTDT5JU18q7qGaEmY8DqP\">Atelier 102 pr\u00e9sent\u00e9 par Lise Proulx et Marie-Jos\u00e9e Morneau: Une r\u00e9vision tout en action!<\/a><\/strong><\/p>\n<p>Ces documents am\u00e8nent les \u00e9l\u00e8ves \u00e0 s\u2019impliquer dans la r\u00e9vision des connaissances, \u00e0 travailler les dossiers documentaires et \u00e0 consolider les comp\u00e9tences du programme.<\/p>\n<\/td>\n<\/tr>\n<tr>\n<td width=\"220\">\u00a0<\/td>\n<td width=\"220\">\u00a0<\/td>\n<\/tr>\n<\/tbody>\n<\/table>\n<\/div>","protected":false},"excerpt":{"rendered":"<div class=\"page-restrict-output\"><p>Outils de r\u00e9vision Voici des outils de r\u00e9vision en histoire de 4e secondaire pr\u00e9sent\u00e9s au congr\u00e8s de l&rsquo;AQEUS en d\u00e9cembre dernier. Atelier 102 pr\u00e9sent\u00e9 par Lise Proulx et Marie-Jos\u00e9e Morneau: Une r\u00e9vision tout en action! Ces documents am\u00e8nent les \u00e9l\u00e8ves \u00e0 s\u2019impliquer dans la r\u00e9vision des connaissances, \u00e0 travailler les dossiers documentaires et \u00e0 consolider &hellip; <\/p>\n<p><a class=\"more-link btn\" href=\"https:\/\/se.csbe.qc.ca\/universsocial\/une-revision-tout-en-action\/\">Lire la suite<\/a><\/p>\n<\/div>","protected":false},"author":209,"featured_media":0,"parent":0,"menu_order":0,"comment_status":"closed","ping_status":"closed","template":"","meta":{"footnotes":""},"class_list":["post-6999","page","type-page","status-publish","hentry","nodate","item-wrap"],"_links":{"self":[{"href":"https:\/\/se.csbe.qc.ca\/universsocial\/wp-json\/wp\/v2\/pages\/6999","targetHints":{"allow":["GET"]}}],"collection":[{"href":"https:\/\/se.csbe.qc.ca\/universsocial\/wp-json\/wp\/v2\/pages"}],"about":[{"href":"https:\/\/se.csbe.qc.ca\/universsocial\/wp-json\/wp\/v2\/types\/page"}],"author":[{"embeddable":true,"href":"https:\/\/se.csbe.qc.ca\/universsocial\/wp-json\/wp\/v2\/users\/209"}],"replies":[{"embeddable":true,"href":"https:\/\/se.csbe.qc.ca\/universsocial\/wp-json\/wp\/v2\/comments?post=6999"}],"version-history":[{"count":1,"href":"https:\/\/se.csbe.qc.ca\/universsocial\/wp-json\/wp\/v2\/pages\/6999\/revisions"}],"predecessor-version":[{"id":7000,"href":"https:\/\/se.csbe.qc.ca\/universsocial\/wp-json\/wp\/v2\/pages\/6999\/revisions\/7000"}],"wp:attachment":[{"href":"https:\/\/se.csbe.qc.ca\/universsocial\/wp-json\/wp\/v2\/media?parent=6999"}],"curies":[{"name":"wp","href":"https:\/\/api.w.org\/{rel}","templated":true}]}}