{"id":6993,"date":"2020-04-15T10:34:18","date_gmt":"2020-04-15T14:34:18","guid":{"rendered":"https:\/\/se.csbe.qc.ca\/universsocial\/?page_id=6993"},"modified":"2020-04-15T10:34:21","modified_gmt":"2020-04-15T14:34:21","slug":"la-democratie-athenienne-analyse-3qpo","status":"publish","type":"page","link":"https:\/\/se.csbe.qc.ca\/universsocial\/la-democratie-athenienne-analyse-3qpo\/","title":{"rendered":"La d\u00e9mocratie ath\u00e9nienne &#8211; Analyse 3QPO"},"content":{"rendered":"<div class=\"page-restrict-output\">\n<p><strong><em>La d\u00e9mocratie ath\u00e9nienne, les lieux\u00a0<\/em><\/strong><\/p>\n<p>Partage de Johanne Rodrigue \u2013 \u00c9cole des Deux-Rives &#8211; Avril 2020<\/p>\n<p><a href=\"https:\/\/se.csbe.qc.ca\/universsocial\/files\/2020\/04\/La-d\u00e9mocratie-ath\u00e9nienne-Analyse-3QPO.docx\">La d\u00e9mocratie ath\u00e9nienne &#8211; Analyse 3QPO<\/a><\/p>\n<p><img loading=\"lazy\" decoding=\"async\" class=\"alignnone  wp-image-6994\" src=\"https:\/\/se.csbe.qc.ca\/universsocial\/files\/2020\/04\/D\u00e9mo-300x132.jpg\" alt=\"\" width=\"495\" height=\"218\" srcset=\"https:\/\/se.csbe.qc.ca\/universsocial\/files\/2020\/04\/D\u00e9mo-300x132.jpg 300w, https:\/\/se.csbe.qc.ca\/universsocial\/files\/2020\/04\/D\u00e9mo-1024x451.jpg 1024w, https:\/\/se.csbe.qc.ca\/universsocial\/files\/2020\/04\/D\u00e9mo-768x338.jpg 768w, https:\/\/se.csbe.qc.ca\/universsocial\/files\/2020\/04\/D\u00e9mo-1536x676.jpg 1536w, https:\/\/se.csbe.qc.ca\/universsocial\/files\/2020\/04\/D\u00e9mo.jpg 1576w\" sizes=\"auto, (max-width: 495px) 100vw, 495px\" \/><\/p>\n<p>Une t\u00e2che d\u2019analyse de documents inspir\u00e9e du 3QPOC \u00e0 partir d\u2019un tour guid\u00e9 en 360 \u00e0 l\u2019aide de Google Tour Creator.\u00a0<\/p>\n<p>Merci beaucoup Johanne!<\/p>\n<!-- WP Attachments -->\r\n        <div style=\"width:100%;margin:10px 0 10px 0;\">\r\n            <h3>Attachments<\/h3>\r\n        <ul class=\"post-attachments\"><li class=\"post-attachment mime-application-vnd-openxmlformats-officedocument-wordprocessingml-document\"><a href=\"https:\/\/se.csbe.qc.ca\/universsocial\/files\/2020\/04\/AnaylyseD\u00e9mocratie.docx\">AnaylyseD\u00e9mocratie<\/a> <small>(14 kB)<\/small><\/li><li class=\"post-attachment mime-application-vnd-openxmlformats-officedocument-wordprocessingml-document\"><a href=\"https:\/\/se.csbe.qc.ca\/universsocial\/files\/2020\/04\/La-d\u00e9mocratie-ath\u00e9nienne-Analyse-3QPO.docx\">La d\u00e9mocratie ath\u00e9nienne - Analyse 3QPO<\/a> <small>(14 kB)<\/small><\/li><\/ul><\/div><\/div>","protected":false},"excerpt":{"rendered":"<div class=\"page-restrict-output\"><p>La d\u00e9mocratie ath\u00e9nienne, les lieux\u00a0 Partage de Johanne Rodrigue \u2013 \u00c9cole des Deux-Rives &#8211; Avril 2020 La d\u00e9mocratie ath\u00e9nienne &#8211; Analyse 3QPO Une t\u00e2che d\u2019analyse de documents inspir\u00e9e du 3QPOC \u00e0 partir d\u2019un tour guid\u00e9 en 360 \u00e0 l\u2019aide de Google Tour Creator.\u00a0 Merci beaucoup Johanne! Attachments AnaylyseD\u00e9mocratie (14 kB) La d\u00e9mocratie ath\u00e9nienne &#8211; Analyse &hellip; <\/p>\n<p><a class=\"more-link btn\" href=\"https:\/\/se.csbe.qc.ca\/universsocial\/la-democratie-athenienne-analyse-3qpo\/\">Lire la suite<\/a><\/p>\n<\/div>","protected":false},"author":209,"featured_media":0,"parent":0,"menu_order":0,"comment_status":"closed","ping_status":"closed","template":"","meta":{"footnotes":""},"class_list":["post-6993","page","type-page","status-publish","hentry","nodate","item-wrap"],"_links":{"self":[{"href":"https:\/\/se.csbe.qc.ca\/universsocial\/wp-json\/wp\/v2\/pages\/6993","targetHints":{"allow":["GET"]}}],"collection":[{"href":"https:\/\/se.csbe.qc.ca\/universsocial\/wp-json\/wp\/v2\/pages"}],"about":[{"href":"https:\/\/se.csbe.qc.ca\/universsocial\/wp-json\/wp\/v2\/types\/page"}],"author":[{"embeddable":true,"href":"https:\/\/se.csbe.qc.ca\/universsocial\/wp-json\/wp\/v2\/users\/209"}],"replies":[{"embeddable":true,"href":"https:\/\/se.csbe.qc.ca\/universsocial\/wp-json\/wp\/v2\/comments?post=6993"}],"version-history":[{"count":1,"href":"https:\/\/se.csbe.qc.ca\/universsocial\/wp-json\/wp\/v2\/pages\/6993\/revisions"}],"predecessor-version":[{"id":6997,"href":"https:\/\/se.csbe.qc.ca\/universsocial\/wp-json\/wp\/v2\/pages\/6993\/revisions\/6997"}],"wp:attachment":[{"href":"https:\/\/se.csbe.qc.ca\/universsocial\/wp-json\/wp\/v2\/media?parent=6993"}],"curies":[{"name":"wp","href":"https:\/\/api.w.org\/{rel}","templated":true}]}}