{"id":6980,"date":"2020-04-15T09:16:54","date_gmt":"2020-04-15T13:16:54","guid":{"rendered":"https:\/\/se.csbe.qc.ca\/universsocial\/?page_id=6980"},"modified":"2020-04-15T09:22:33","modified_gmt":"2020-04-15T13:22:33","slug":"2017-2018","status":"publish","type":"page","link":"https:\/\/se.csbe.qc.ca\/universsocial\/2017-2018\/","title":{"rendered":"2017-2018"},"content":{"rendered":"<div class=\"page-restrict-output\">\n<p><a href=\"https:\/\/se.csbe.qc.ca\/universsocial\/files\/2020\/04\/CSBE_US_Infolettre-Ao%C3%BBt2017.pdf\">CSBE_US_Infolettre Ao\u00fbt2017<\/a><\/p>\n<p><a href=\"https:\/\/se.csbe.qc.ca\/universsocial\/files\/2020\/04\/CSBE_US_Infolettre.Octobre2017.pdf\">CSBE_US_Infolettre.Octobre2017<\/a><\/p>\n<p><a href=\"https:\/\/se.csbe.qc.ca\/universsocial\/files\/2020\/04\/CSBE_US_Infolettre.Novembre2017.pdf\">CSBE_US_Infolettre.Novembre2017<\/a><\/p>\n<p><a href=\"https:\/\/se.csbe.qc.ca\/universsocial\/files\/2020\/04\/CSBE_US_Infolettre.D%C3%A9cembre-2017.pdf\">CSBE_US_Infolettre.D\u00e9cembre 2017<\/a><\/p>\n<p><a href=\"https:\/\/se.csbe.qc.ca\/universsocial\/files\/2020\/04\/CSBE_US_Infolettre.Janvier-2018.pdf\">CSBE_US_Infolettre.Janvier 2018<\/a><\/p>\n<p><a href=\"https:\/\/se.csbe.qc.ca\/universsocial\/files\/2020\/04\/CSBE_US_Infolettre_F%C3%A9vrier-2018_2.pdf\">CSBE_US_Infolettre_F\u00e9vrier 2018_2<\/a><\/p>\n<p><a href=\"https:\/\/se.csbe.qc.ca\/universsocial\/files\/2020\/04\/CSBE_US_Infolettre_Mars-2018.pdf\">CSBE_US_Infolettre_Mars 2018<\/a><\/p>\n<p><a href=\"https:\/\/se.csbe.qc.ca\/universsocial\/files\/2020\/04\/CSBE_US_Infolettre_Avril_2018.pdf\">CSBE_US_Infolettre_Avril_2018<\/a><\/p>\n<p><a href=\"https:\/\/se.csbe.qc.ca\/universsocial\/files\/2020\/04\/CSBE_US_Infolettre_Mai_2018.pdf\">CSBE_US_Infolettre_Mai_2018<\/a><\/p>\n<p><a href=\"https:\/\/se.csbe.qc.ca\/universsocial\/files\/2020\/04\/CSBE_US_Infolettre_Juin_2018.pdf\">CSBE_US_Infolettre_Juin_2018<\/a><\/p>\n<\/div>","protected":false},"excerpt":{"rendered":"<div class=\"page-restrict-output\"><p>CSBE_US_Infolettre Ao\u00fbt2017 CSBE_US_Infolettre.Octobre2017 CSBE_US_Infolettre.Novembre2017 CSBE_US_Infolettre.D\u00e9cembre 2017 CSBE_US_Infolettre.Janvier 2018 CSBE_US_Infolettre_F\u00e9vrier 2018_2 CSBE_US_Infolettre_Mars 2018 CSBE_US_Infolettre_Avril_2018 CSBE_US_Infolettre_Mai_2018 CSBE_US_Infolettre_Juin_2018<\/p>\n<\/div>","protected":false},"author":209,"featured_media":0,"parent":0,"menu_order":0,"comment_status":"closed","ping_status":"closed","template":"","meta":{"footnotes":""},"class_list":["post-6980","page","type-page","status-publish","hentry","nodate","item-wrap"],"_links":{"self":[{"href":"https:\/\/se.csbe.qc.ca\/universsocial\/wp-json\/wp\/v2\/pages\/6980","targetHints":{"allow":["GET"]}}],"collection":[{"href":"https:\/\/se.csbe.qc.ca\/universsocial\/wp-json\/wp\/v2\/pages"}],"about":[{"href":"https:\/\/se.csbe.qc.ca\/universsocial\/wp-json\/wp\/v2\/types\/page"}],"author":[{"embeddable":true,"href":"https:\/\/se.csbe.qc.ca\/universsocial\/wp-json\/wp\/v2\/users\/209"}],"replies":[{"embeddable":true,"href":"https:\/\/se.csbe.qc.ca\/universsocial\/wp-json\/wp\/v2\/comments?post=6980"}],"version-history":[{"count":1,"href":"https:\/\/se.csbe.qc.ca\/universsocial\/wp-json\/wp\/v2\/pages\/6980\/revisions"}],"predecessor-version":[{"id":6981,"href":"https:\/\/se.csbe.qc.ca\/universsocial\/wp-json\/wp\/v2\/pages\/6980\/revisions\/6981"}],"wp:attachment":[{"href":"https:\/\/se.csbe.qc.ca\/universsocial\/wp-json\/wp\/v2\/media?parent=6980"}],"curies":[{"name":"wp","href":"https:\/\/api.w.org\/{rel}","templated":true}]}}