{"id":6940,"date":"2020-04-14T15:03:42","date_gmt":"2020-04-14T19:03:42","guid":{"rendered":"https:\/\/se.csbe.qc.ca\/universsocial\/?page_id=6940"},"modified":"2020-04-14T15:13:04","modified_gmt":"2020-04-14T19:13:04","slug":"infolettres","status":"publish","type":"page","link":"https:\/\/se.csbe.qc.ca\/universsocial\/infolettres\/","title":{"rendered":"Infolettres"},"content":{"rendered":"<div class=\"page-restrict-output\">\n<div class=\"wp-block-file\"><a href=\"https:\/\/se.csbe.qc.ca\/universsocial\/files\/2020\/04\/CSBE_US_Infolettre.Mars2017.pdf\" class=\"wp-block-file__button\" download>T\u00e9l\u00e9charger<\/a><\/div>\n\n\n\n<p>Voici toutes les infolettres que je vous ai fait parvenir dans les derni\u00e8res ann\u00e9es.<\/p>\n<p>2019-2020<\/p>\n<p><a href=\"https:\/\/se.csbe.qc.ca\/universsocial\/files\/2020\/04\/CSBE_US_Infolettre_Septembre-2019_2.pdf\">CSBE_US_Infolettre_Septembre 2019_2<\/a><\/p>\n<p><a href=\"https:\/\/se.csbe.qc.ca\/universsocial\/files\/2020\/04\/CSBE_US_Infolettre_D\u00e9cembre-2019.pdf\">CSBE_US_Infolettre_D\u00e9cembre 2019<\/a><\/p>\n<p><a href=\"https:\/\/se.csbe.qc.ca\/universsocial\/files\/2020\/04\/CSBE_US_Infolettre_Janvier-2020.pdf\">CSBE_US_Infolettre_Janvier 2020<\/a><\/p>\n<p><a href=\"https:\/\/se.csbe.qc.ca\/universsocial\/files\/2020\/04\/CSBE_US_Infolettre_F\u00e9vrier-2020.pdf\">CSBE_US_Infolettre_F\u00e9vrier 2020<\/a><\/p>\n<p>2018-2019<\/p>\n<p><a href=\"https:\/\/se.csbe.qc.ca\/universsocial\/files\/2020\/04\/CSBE_US_Infolettre_Ao\u00fbt_2018.pdf\">CSBE_US_Infolettre_Ao\u00fbt_2018<\/a><\/p>\n<p><a href=\"https:\/\/se.csbe.qc.ca\/universsocial\/files\/2020\/04\/CSBE_US_Infolettre_Octobre-Novembre_2018.pdf\">CSBE_US_Infolettre_Octobre-Novembre_2018<\/a> <a href=\"https:\/\/se.csbe.qc.ca\/universsocial\/files\/2020\/04\/CSBE_US_Infolettre_D\u00e9cembre_2018.pdf\">CSBE_US_Infolettre_D\u00e9cembre_2018<\/a><\/p>\n<p><a href=\"https:\/\/se.csbe.qc.ca\/universsocial\/files\/2020\/04\/CSBE_US_Infolettre_F\u00e9vrier_2019.pdf\">CSBE_US_Infolettre_F\u00e9vrier_2019<\/a><\/p>\n<p><a href=\"https:\/\/se.csbe.qc.ca\/universsocial\/files\/2020\/04\/CSBE_US_Infolettre_Mars_2019.pdf\">CSBE_US_Infolettre_Mars_2019<\/a><\/p>\n<p><a href=\"https:\/\/se.csbe.qc.ca\/universsocial\/files\/2020\/04\/CSBE_US_Infolettre_Avril_2019.pdf\">CSBE_US_Infolettre_Avril_2019<\/a><\/p>\n<p><a href=\"https:\/\/se.csbe.qc.ca\/universsocial\/files\/2020\/04\/CSBE_US_Infolettre_Mai_2019.pdf\">CSBE_US_Infolettre_Mai_2019<\/a><\/p>\n<p>2017-2018<\/p>\n<p><a href=\"https:\/\/se.csbe.qc.ca\/universsocial\/files\/2020\/04\/CSBE_US_Infolettre-Ao\u00fbt2017.pdf\">CSBE_US_Infolettre Ao\u00fbt2017<\/a><\/p>\n<p><a href=\"https:\/\/se.csbe.qc.ca\/universsocial\/files\/2020\/04\/CSBE_US_Infolettre.Octobre2017.pdf\">CSBE_US_Infolettre.Octobre2017<\/a><\/p>\n<p><a href=\"https:\/\/se.csbe.qc.ca\/universsocial\/files\/2020\/04\/CSBE_US_Infolettre.Novembre2017.pdf\">CSBE_US_Infolettre.Novembre2017<\/a><\/p>\n<p><a href=\"https:\/\/se.csbe.qc.ca\/universsocial\/files\/2020\/04\/CSBE_US_Infolettre.D\u00e9cembre-2017.pdf\">CSBE_US_Infolettre.D\u00e9cembre 2017<\/a><\/p>\n<p><a href=\"https:\/\/se.csbe.qc.ca\/universsocial\/files\/2020\/04\/CSBE_US_Infolettre.Janvier-2018.pdf\">CSBE_US_Infolettre.Janvier 2018<\/a><\/p>\n<p><a href=\"https:\/\/se.csbe.qc.ca\/universsocial\/files\/2020\/04\/CSBE_US_Infolettre_F\u00e9vrier-2018_2.pdf\">CSBE_US_Infolettre_F\u00e9vrier 2018_2<\/a><\/p>\n<p><a href=\"https:\/\/se.csbe.qc.ca\/universsocial\/files\/2020\/04\/CSBE_US_Infolettre_Mars-2018.pdf\">CSBE_US_Infolettre_Mars 2018<\/a><\/p>\n<p><a href=\"https:\/\/se.csbe.qc.ca\/universsocial\/files\/2020\/04\/CSBE_US_Infolettre_Avril_2018.pdf\">CSBE_US_Infolettre_Avril_2018<\/a><\/p>\n<p><a href=\"https:\/\/se.csbe.qc.ca\/universsocial\/files\/2020\/04\/CSBE_US_Infolettre_Mai_2018.pdf\">CSBE_US_Infolettre_Mai_2018<\/a><\/p>\n<p><a href=\"https:\/\/se.csbe.qc.ca\/universsocial\/files\/2020\/04\/CSBE_US_Infolettre_Juin_2018.pdf\">CSBE_US_Infolettre_Juin_2018<\/a><\/p>\n<p>2016-2017<\/p>\n<p><a href=\"https:\/\/se.csbe.qc.ca\/universsocial\/files\/2020\/04\/CSBE_US_Infolettre.Janvier2017.pdf\">CSBE_US_Infolettre.Janvier2017<\/a><\/p>\n<p><a href=\"https:\/\/se.csbe.qc.ca\/universsocial\/files\/2020\/04\/CSBE_US_Infolettre.F\u00e9vrier2017.pdf\">CSBE_US_Infolettre.F\u00e9vrier2017<\/a><\/p>\n<p><a href=\"https:\/\/se.csbe.qc.ca\/universsocial\/files\/2020\/04\/CSBE_US_Infolettre.Mars2017.pdf\">CSBE_US_Infolettre.Mars2017<\/a><\/p>\n<p><a href=\"https:\/\/se.csbe.qc.ca\/universsocial\/files\/2020\/04\/CSBE_US_Infolettre.Avril2017.pdf\">CSBE_US_Infolettre.Avril2017<\/a><\/p>\n<p><a href=\"https:\/\/se.csbe.qc.ca\/universsocial\/files\/2020\/04\/CSBE_US_Infolettre.Mai2017.pdf\">CSBE_US_Infolettre.Mai2017<\/a><\/p>\n<p><a href=\"https:\/\/se.csbe.qc.ca\/universsocial\/files\/2020\/04\/CSBE_US_Infolettre-Juin2017.pdf\">CSBE_US_Infolettre Juin2017<\/a><\/p>\n<p>\u00a0<\/p>\n<!-- WP Attachments -->\r\n        <div style=\"width:100%;margin:10px 0 10px 0;\">\r\n            <h3>Attachments<\/h3>\r\n        <ul class=\"post-attachments\"><li class=\"post-attachment mime-application-pdf\"><a href=\"https:\/\/se.csbe.qc.ca\/universsocial\/files\/2020\/04\/CSBE_US_Infolettre.F\u00e9vrier2017.pdf\">CSBE_US_Infolettre.F\u00e9vrier2017<\/a> <small>(631 kB)<\/small><\/li><li class=\"post-attachment mime-application-pdf\"><a href=\"https:\/\/se.csbe.qc.ca\/universsocial\/files\/2020\/04\/CSBE_US_Infolettre.Avril2017.pdf\">CSBE_US_Infolettre.Avril2017<\/a> <small>(967 kB)<\/small><\/li><li class=\"post-attachment mime-application-pdf\"><a href=\"https:\/\/se.csbe.qc.ca\/universsocial\/files\/2020\/04\/CSBE_US_Infolettre.Mars2017.pdf\">CSBE_US_Infolettre.Mars2017<\/a> <small>(620 kB)<\/small><\/li><li class=\"post-attachment mime-application-pdf\"><a href=\"https:\/\/se.csbe.qc.ca\/universsocial\/files\/2020\/04\/CSBE_US_Infolettre-Juin2017.pdf\">CSBE_US_Infolettre Juin2017<\/a> <small>(276 kB)<\/small><\/li><li class=\"post-attachment mime-application-pdf\"><a href=\"https:\/\/se.csbe.qc.ca\/universsocial\/files\/2020\/04\/CSBE_US_Infolettre.Janvier2017.pdf\">CSBE_US_Infolettre.Janvier2017<\/a> <small>(699 kB)<\/small><\/li><li class=\"post-attachment mime-application-pdf\"><a href=\"https:\/\/se.csbe.qc.ca\/universsocial\/files\/2020\/04\/CSBE_US_Infolettre.Mai2017.pdf\">CSBE_US_Infolettre.Mai2017<\/a> <small>(805 kB)<\/small><\/li><li class=\"post-attachment mime-application-pdf\"><a href=\"https:\/\/se.csbe.qc.ca\/universsocial\/files\/2020\/04\/CSBE_US_Infolettre.Mars2017-1.pdf\">CSBE_US_Infolettre.Mars2017<\/a> <small>(620 kB)<\/small><\/li><li class=\"post-attachment mime-application-pdf\"><a href=\"https:\/\/se.csbe.qc.ca\/universsocial\/files\/2020\/04\/CSBE_US_Infolettre_Ao\u00fbt_2018.pdf\">CSBE_US_Infolettre_Ao\u00fbt_2018<\/a> <small>(2 MB)<\/small><\/li><li class=\"post-attachment mime-application-pdf\"><a href=\"https:\/\/se.csbe.qc.ca\/universsocial\/files\/2020\/04\/CSBE_US_Infolettre-Ao\u00fbt2017.pdf\">CSBE_US_Infolettre Ao\u00fbt2017<\/a> <small>(578 kB)<\/small><\/li><li class=\"post-attachment mime-application-pdf\"><a href=\"https:\/\/se.csbe.qc.ca\/universsocial\/files\/2020\/04\/CSBE_US_Infolettre.D\u00e9cembre-2017.pdf\">CSBE_US_Infolettre.D\u00e9cembre 2017<\/a> <small>(904 kB)<\/small><\/li><li class=\"post-attachment mime-application-pdf\"><a href=\"https:\/\/se.csbe.qc.ca\/universsocial\/files\/2020\/04\/CSBE_US_Infolettre.Janvier-2018.pdf\">CSBE_US_Infolettre.Janvier 2018<\/a> <small>(2 MB)<\/small><\/li><li class=\"post-attachment mime-application-pdf\"><a href=\"https:\/\/se.csbe.qc.ca\/universsocial\/files\/2020\/04\/CSBE_US_Infolettre.Novembre2017.pdf\">CSBE_US_Infolettre.Novembre2017<\/a> <small>(798 kB)<\/small><\/li><li class=\"post-attachment mime-application-pdf\"><a href=\"https:\/\/se.csbe.qc.ca\/universsocial\/files\/2020\/04\/CSBE_US_Infolettre.Octobre2017.pdf\">CSBE_US_Infolettre.Octobre2017<\/a> <small>(927 kB)<\/small><\/li><li class=\"post-attachment mime-application-pdf\"><a href=\"https:\/\/se.csbe.qc.ca\/universsocial\/files\/2020\/04\/CSBE_US_Infolettre_Avril_2018.pdf\">CSBE_US_Infolettre_Avril_2018<\/a> <small>(2 MB)<\/small><\/li><li class=\"post-attachment mime-application-pdf\"><a href=\"https:\/\/se.csbe.qc.ca\/universsocial\/files\/2020\/04\/CSBE_US_Infolettre_F\u00e9vrier-2018_2.pdf\">CSBE_US_Infolettre_F\u00e9vrier 2018_2<\/a> <small>(2 MB)<\/small><\/li><li class=\"post-attachment mime-application-pdf\"><a href=\"https:\/\/se.csbe.qc.ca\/universsocial\/files\/2020\/04\/CSBE_US_Infolettre_Juin_2018.pdf\">CSBE_US_Infolettre_Juin_2018<\/a> <small>(585 kB)<\/small><\/li><li class=\"post-attachment mime-application-pdf\"><a href=\"https:\/\/se.csbe.qc.ca\/universsocial\/files\/2020\/04\/CSBE_US_Infolettre_Mai_2018.pdf\">CSBE_US_Infolettre_Mai_2018<\/a> <small>(2 MB)<\/small><\/li><li class=\"post-attachment mime-application-pdf\"><a href=\"https:\/\/se.csbe.qc.ca\/universsocial\/files\/2020\/04\/CSBE_US_Infolettre_Mars-2018.pdf\">CSBE_US_Infolettre_Mars 2018<\/a> <small>(2 MB)<\/small><\/li><li class=\"post-attachment mime-application-pdf\"><a href=\"https:\/\/se.csbe.qc.ca\/universsocial\/files\/2020\/04\/CSBE_US_Infolettre_Avril_2019.pdf\">CSBE_US_Infolettre_Avril_2019<\/a> <small>(835 kB)<\/small><\/li><li class=\"post-attachment mime-application-pdf\"><a href=\"https:\/\/se.csbe.qc.ca\/universsocial\/files\/2020\/04\/CSBE_US_Infolettre_D\u00e9cembre_2018.pdf\">CSBE_US_Infolettre_D\u00e9cembre_2018<\/a> <small>(824 kB)<\/small><\/li><li class=\"post-attachment mime-application-pdf\"><a href=\"https:\/\/se.csbe.qc.ca\/universsocial\/files\/2020\/04\/CSBE_US_Infolettre_F\u00e9vrier_2019.pdf\">CSBE_US_Infolettre_F\u00e9vrier_2019<\/a> <small>(881 kB)<\/small><\/li><li class=\"post-attachment mime-application-pdf\"><a href=\"https:\/\/se.csbe.qc.ca\/universsocial\/files\/2020\/04\/CSBE_US_Infolettre_Mai_2019.pdf\">CSBE_US_Infolettre_Mai_2019<\/a> <small>(980 kB)<\/small><\/li><li class=\"post-attachment mime-application-pdf\"><a href=\"https:\/\/se.csbe.qc.ca\/universsocial\/files\/2020\/04\/CSBE_US_Infolettre_Mars_2019.pdf\">CSBE_US_Infolettre_Mars_2019<\/a> <small>(979 kB)<\/small><\/li><li class=\"post-attachment mime-application-pdf\"><a href=\"https:\/\/se.csbe.qc.ca\/universsocial\/files\/2020\/04\/CSBE_US_Infolettre_Octobre-Novembre_2018.pdf\">CSBE_US_Infolettre_Octobre-Novembre_2018<\/a> <small>(2 MB)<\/small><\/li><li class=\"post-attachment mime-application-pdf\"><a href=\"https:\/\/se.csbe.qc.ca\/universsocial\/files\/2020\/04\/CSBE_US_Infolettre_D\u00e9cembre-2019.pdf\">CSBE_US_Infolettre_D\u00e9cembre 2019<\/a> <small>(2 MB)<\/small><\/li><li class=\"post-attachment mime-application-pdf\"><a href=\"https:\/\/se.csbe.qc.ca\/universsocial\/files\/2020\/04\/CSBE_US_Infolettre_F\u00e9vrier-2020.pdf\">CSBE_US_Infolettre_F\u00e9vrier 2020<\/a> <small>(683 kB)<\/small><\/li><li class=\"post-attachment mime-application-pdf\"><a href=\"https:\/\/se.csbe.qc.ca\/universsocial\/files\/2020\/04\/CSBE_US_Infolettre_Janvier-2020.pdf\">CSBE_US_Infolettre_Janvier 2020<\/a> <small>(930 kB)<\/small><\/li><li class=\"post-attachment mime-application-pdf\"><a href=\"https:\/\/se.csbe.qc.ca\/universsocial\/files\/2020\/04\/CSBE_US_Infolettre_Septembre-2019_2.pdf\">CSBE_US_Infolettre_Septembre 2019_2<\/a> <small>(2 MB)<\/small><\/li><\/ul><\/div><\/div>","protected":false},"excerpt":{"rendered":"<div class=\"page-restrict-output\"><p>Voici toutes les infolettres que je vous ai fait parvenir dans les derni\u00e8res ann\u00e9es. 2019-2020 CSBE_US_Infolettre_Septembre 2019_2 CSBE_US_Infolettre_D\u00e9cembre 2019 CSBE_US_Infolettre_Janvier 2020 CSBE_US_Infolettre_F\u00e9vrier 2020 2018-2019 CSBE_US_Infolettre_Ao\u00fbt_2018 CSBE_US_Infolettre_Octobre-Novembre_2018 CSBE_US_Infolettre_D\u00e9cembre_2018 CSBE_US_Infolettre_F\u00e9vrier_2019 CSBE_US_Infolettre_Mars_2019 CSBE_US_Infolettre_Avril_2019 CSBE_US_Infolettre_Mai_2019 2017-2018 CSBE_US_Infolettre Ao\u00fbt2017 CSBE_US_Infolettre.Octobre2017 CSBE_US_Infolettre.Novembre2017 CSBE_US_Infolettre.D\u00e9cembre 2017 CSBE_US_Infolettre.Janvier 2018 CSBE_US_Infolettre_F\u00e9vrier 2018_2 CSBE_US_Infolettre_Mars 2018 CSBE_US_Infolettre_Avril_2018 CSBE_US_Infolettre_Mai_2018 CSBE_US_Infolettre_Juin_2018 2016-2017 CSBE_US_Infolettre.Janvier2017 CSBE_US_Infolettre.F\u00e9vrier2017 CSBE_US_Infolettre.Mars2017 CSBE_US_Infolettre.Avril2017 CSBE_US_Infolettre.Mai2017 CSBE_US_Infolettre Juin2017 &hellip; <\/p>\n<p><a class=\"more-link btn\" href=\"https:\/\/se.csbe.qc.ca\/universsocial\/infolettres\/\">Lire la suite<\/a><\/p>\n<\/div>","protected":false},"author":209,"featured_media":0,"parent":0,"menu_order":0,"comment_status":"closed","ping_status":"closed","template":"","meta":{"footnotes":""},"class_list":["post-6940","page","type-page","status-publish","hentry","nodate","item-wrap"],"_links":{"self":[{"href":"https:\/\/se.csbe.qc.ca\/universsocial\/wp-json\/wp\/v2\/pages\/6940","targetHints":{"allow":["GET"]}}],"collection":[{"href":"https:\/\/se.csbe.qc.ca\/universsocial\/wp-json\/wp\/v2\/pages"}],"about":[{"href":"https:\/\/se.csbe.qc.ca\/universsocial\/wp-json\/wp\/v2\/types\/page"}],"author":[{"embeddable":true,"href":"https:\/\/se.csbe.qc.ca\/universsocial\/wp-json\/wp\/v2\/users\/209"}],"replies":[{"embeddable":true,"href":"https:\/\/se.csbe.qc.ca\/universsocial\/wp-json\/wp\/v2\/comments?post=6940"}],"version-history":[{"count":2,"href":"https:\/\/se.csbe.qc.ca\/universsocial\/wp-json\/wp\/v2\/pages\/6940\/revisions"}],"predecessor-version":[{"id":6970,"href":"https:\/\/se.csbe.qc.ca\/universsocial\/wp-json\/wp\/v2\/pages\/6940\/revisions\/6970"}],"wp:attachment":[{"href":"https:\/\/se.csbe.qc.ca\/universsocial\/wp-json\/wp\/v2\/media?parent=6940"}],"curies":[{"name":"wp","href":"https:\/\/api.w.org\/{rel}","templated":true}]}}