{"id":6927,"date":"2020-01-13T11:14:34","date_gmt":"2020-01-13T16:14:34","guid":{"rendered":"https:\/\/se.csbe.qc.ca\/universsocial\/?page_id=6927"},"modified":"2020-01-13T11:14:37","modified_gmt":"2020-01-13T16:14:37","slug":"formation-mees-monde-contemporain-et-interdisciplinarite","status":"publish","type":"page","link":"https:\/\/se.csbe.qc.ca\/universsocial\/formation-mees-monde-contemporain-et-interdisciplinarite\/","title":{"rendered":"Formation MEES : Monde contemporain et interdisciplinarit\u00e9"},"content":{"rendered":"<div class=\"page-restrict-output\">\n<p>Le MEES a offert une formation en visioconf\u00e9rence le 12 d\u00e9cembre 2019 sur\u00a0<strong>l\u2019interdisciplinarit\u00e9\u00a0<\/strong>en Monde contemporain.\u00a0 On y pr\u00e9sentait deux essais de mod\u00e9lisation de t\u00e2ches interdisciplinaires :<\/p>\n<p>\u00b7\u00a0\u00a0\u00a0\u00a0\u00a0\u00a0 MC et Anglais\u00a0: LES TENSIONS SINO-AM\u00c9RICAINES VUES DANS LES COURS MONDE CONTEMPORAIN ET ANGLAIS, LANGUE SECONDE<\/p>\n<p>\u00b7\u00a0\u00a0\u00a0\u00a0\u00a0\u00a0 MC et ECR\u00a0: LA CRISE DES MIGRANTS VUE DANS LES COURS MONDE CONTEMPORAIN ET \u00c9THIQUE ET CULTURE RELIGIEUSE<\/p>\n<p>En plus de permettre de gagner du temps et de diminuer le nombre d\u2019\u00e9valuations, ces t\u00e2ches permettent\u00a0 de donner du sens aux apprentissages des \u00e9l\u00e8ves. Cliquez sur l\u2019image dans ce document.\u00a0\u00a0<\/p>\n\n\n\n<div class=\"wp-block-file\"><a href=\"https:\/\/se.csbe.qc.ca\/universsocial\/files\/2020\/01\/EMT_MC-ECR_A2019-1.pdf\">EMT_MC-ECR_A2019-1<\/a><a href=\"https:\/\/se.csbe.qc.ca\/universsocial\/files\/2020\/01\/EMT_MC-ECR_A2019-1.pdf\" class=\"wp-block-file__button\" download>T\u00e9l\u00e9charger<\/a><\/div>\n\n\n\n<div class=\"wp-block-file\"><a href=\"https:\/\/se.csbe.qc.ca\/universsocial\/files\/2020\/01\/PPT_A2019_MC_Interdisciplinarite__2_-1.pdf\">PPT_A2019_MC_Interdisciplinarite__2_-1<\/a><a href=\"https:\/\/se.csbe.qc.ca\/universsocial\/files\/2020\/01\/PPT_A2019_MC_Interdisciplinarite__2_-1.pdf\" class=\"wp-block-file__button\" download>T\u00e9l\u00e9charger<\/a><\/div>\n\n\n\n<div class=\"wp-block-file\"><a href=\"https:\/\/se.csbe.qc.ca\/universsocial\/files\/2020\/01\/EMT_MC-ANG_A2019-1.pdf\">EMT_MC-ANG_A2019-1<\/a><a href=\"https:\/\/se.csbe.qc.ca\/universsocial\/files\/2020\/01\/EMT_MC-ANG_A2019-1.pdf\" class=\"wp-block-file__button\" download>T\u00e9l\u00e9charger<\/a><\/div>\n<!-- WP Attachments -->\r\n        <div style=\"width:100%;margin:10px 0 10px 0;\">\r\n            <h3>Attachments<\/h3>\r\n        <ul class=\"post-attachments\"><li class=\"post-attachment mime-application-pdf\"><a href=\"https:\/\/se.csbe.qc.ca\/universsocial\/files\/2020\/01\/EMT_MC-ECR_A2019-1.pdf\">EMT_MC-ECR_A2019-1<\/a> <small>(157 kB)<\/small><\/li><li class=\"post-attachment mime-application-pdf\"><a href=\"https:\/\/se.csbe.qc.ca\/universsocial\/files\/2020\/01\/EMT_MC-ANG_A2019-1.pdf\">EMT_MC-ANG_A2019-1<\/a> <small>(157 kB)<\/small><\/li><li class=\"post-attachment mime-application-pdf\"><a href=\"https:\/\/se.csbe.qc.ca\/universsocial\/files\/2020\/01\/PPT_A2019_MC_Interdisciplinarite__2_-1.pdf\">PPT_A2019_MC_Interdisciplinarite__2_-1<\/a> <small>(392 kB)<\/small><\/li><\/ul><\/div><\/div>","protected":false},"excerpt":{"rendered":"<div class=\"page-restrict-output\"><p>Le MEES a offert une formation en visioconf\u00e9rence le 12 d\u00e9cembre 2019 sur\u00a0l\u2019interdisciplinarit\u00e9\u00a0en Monde contemporain.\u00a0 On y pr\u00e9sentait deux essais de mod\u00e9lisation de t\u00e2ches interdisciplinaires : \u00b7\u00a0\u00a0\u00a0\u00a0\u00a0\u00a0 MC et Anglais\u00a0: LES TENSIONS SINO-AM\u00c9RICAINES VUES DANS LES COURS MONDE CONTEMPORAIN ET ANGLAIS, LANGUE SECONDE \u00b7\u00a0\u00a0\u00a0\u00a0\u00a0\u00a0 MC et ECR\u00a0: LA CRISE DES MIGRANTS VUE DANS LES COURS &hellip; <\/p>\n<p><a class=\"more-link btn\" href=\"https:\/\/se.csbe.qc.ca\/universsocial\/formation-mees-monde-contemporain-et-interdisciplinarite\/\">Lire la suite<\/a><\/p>\n<\/div>","protected":false},"author":209,"featured_media":0,"parent":0,"menu_order":0,"comment_status":"closed","ping_status":"closed","template":"","meta":{"footnotes":""},"class_list":["post-6927","page","type-page","status-publish","hentry","nodate","item-wrap"],"_links":{"self":[{"href":"https:\/\/se.csbe.qc.ca\/universsocial\/wp-json\/wp\/v2\/pages\/6927","targetHints":{"allow":["GET"]}}],"collection":[{"href":"https:\/\/se.csbe.qc.ca\/universsocial\/wp-json\/wp\/v2\/pages"}],"about":[{"href":"https:\/\/se.csbe.qc.ca\/universsocial\/wp-json\/wp\/v2\/types\/page"}],"author":[{"embeddable":true,"href":"https:\/\/se.csbe.qc.ca\/universsocial\/wp-json\/wp\/v2\/users\/209"}],"replies":[{"embeddable":true,"href":"https:\/\/se.csbe.qc.ca\/universsocial\/wp-json\/wp\/v2\/comments?post=6927"}],"version-history":[{"count":1,"href":"https:\/\/se.csbe.qc.ca\/universsocial\/wp-json\/wp\/v2\/pages\/6927\/revisions"}],"predecessor-version":[{"id":6931,"href":"https:\/\/se.csbe.qc.ca\/universsocial\/wp-json\/wp\/v2\/pages\/6927\/revisions\/6931"}],"wp:attachment":[{"href":"https:\/\/se.csbe.qc.ca\/universsocial\/wp-json\/wp\/v2\/media?parent=6927"}],"curies":[{"name":"wp","href":"https:\/\/api.w.org\/{rel}","templated":true}]}}