{"id":6892,"date":"2019-11-07T09:56:38","date_gmt":"2019-11-07T14:56:38","guid":{"rendered":"https:\/\/se.csbe.qc.ca\/universsocial\/?page_id=6892"},"modified":"2019-11-07T09:56:41","modified_gmt":"2019-11-07T14:56:41","slug":"atelier-monde-contemporain-50-heures","status":"publish","type":"page","link":"https:\/\/se.csbe.qc.ca\/universsocial\/atelier-monde-contemporain-50-heures\/","title":{"rendered":"Atelier Monde contemporain &#8211; 50 heures"},"content":{"rendered":"<div class=\"page-restrict-output\">\n<p>Voici un lien vers les ressources d&rsquo;un atelier pr\u00e9sent\u00e9 par S\u00e9bastien Quirion,\u00a0 CP \u00e0 la CSMV, et \u00c8ve Thomas au congr\u00e8s de l&rsquo;AQEUS.<\/p>\n<p><a href=\"https:\/\/goo.gl\/kEXt4G\">https:\/\/goo.gl\/kEXt4G<\/a><\/p>\n<\/div>","protected":false},"excerpt":{"rendered":"<div class=\"page-restrict-output\"><p>Voici un lien vers les ressources d&rsquo;un atelier pr\u00e9sent\u00e9 par S\u00e9bastien Quirion,\u00a0 CP \u00e0 la CSMV, et \u00c8ve Thomas au congr\u00e8s de l&rsquo;AQEUS. https:\/\/goo.gl\/kEXt4G<\/p>\n<\/div>","protected":false},"author":209,"featured_media":0,"parent":0,"menu_order":0,"comment_status":"closed","ping_status":"closed","template":"","meta":{"footnotes":""},"class_list":["post-6892","page","type-page","status-publish","hentry","nodate","item-wrap"],"_links":{"self":[{"href":"https:\/\/se.csbe.qc.ca\/universsocial\/wp-json\/wp\/v2\/pages\/6892","targetHints":{"allow":["GET"]}}],"collection":[{"href":"https:\/\/se.csbe.qc.ca\/universsocial\/wp-json\/wp\/v2\/pages"}],"about":[{"href":"https:\/\/se.csbe.qc.ca\/universsocial\/wp-json\/wp\/v2\/types\/page"}],"author":[{"embeddable":true,"href":"https:\/\/se.csbe.qc.ca\/universsocial\/wp-json\/wp\/v2\/users\/209"}],"replies":[{"embeddable":true,"href":"https:\/\/se.csbe.qc.ca\/universsocial\/wp-json\/wp\/v2\/comments?post=6892"}],"version-history":[{"count":1,"href":"https:\/\/se.csbe.qc.ca\/universsocial\/wp-json\/wp\/v2\/pages\/6892\/revisions"}],"predecessor-version":[{"id":6893,"href":"https:\/\/se.csbe.qc.ca\/universsocial\/wp-json\/wp\/v2\/pages\/6892\/revisions\/6893"}],"wp:attachment":[{"href":"https:\/\/se.csbe.qc.ca\/universsocial\/wp-json\/wp\/v2\/media?parent=6892"}],"curies":[{"name":"wp","href":"https:\/\/api.w.org\/{rel}","templated":true}]}}