{"id":6787,"date":"2019-01-29T15:19:18","date_gmt":"2019-01-29T20:19:18","guid":{"rendered":"https:\/\/se.csbe.qc.ca\/universsocial\/?page_id=6787"},"modified":"2019-01-29T15:19:21","modified_gmt":"2019-01-29T20:19:21","slug":"linference-en-geographie","status":"publish","type":"page","link":"https:\/\/se.csbe.qc.ca\/universsocial\/linference-en-geographie\/","title":{"rendered":"L&rsquo;inf\u00e9rence en g\u00e9ographie"},"content":{"rendered":"<div class=\"page-restrict-output\">\n<p>Cette activit\u00e9 permet \u00e0 l&rsquo;\u00e9l\u00e8ve de comprendre le r\u00f4le de documents en g\u00e9ographie et de travailler l&rsquo;inf\u00e9rence, n\u00e9cessaire \u00e0 l&rsquo;analyse documentaire.<\/p>\n<p>Merci \u00e0 madame Johanne Rodrigue et \u00e0 monsieur Yann Lessard pour la cr\u00e9ation de cette activit\u00e9 et le partage!<\/p>\n<p><a href=\"https:\/\/se.csbe.qc.ca\/universsocial\/files\/2019\/01\/1-G\u00c9O-R\u00f4le-des-documents.docx\">1 &#8211; G\u00c9O &#8211; R\u00f4le des documents<\/a><\/p>\n<p><a href=\"https:\/\/se.csbe.qc.ca\/universsocial\/files\/2019\/01\/2-G\u00c9O-Le-hockey-et-lanalyse-documentaire.docx\">2 &#8211; G\u00c9O &#8211; Le hockey et l&rsquo;analyse documentaire<\/a><\/p>\n<p><a href=\"https:\/\/se.csbe.qc.ca\/universsocial\/files\/2019\/01\/3-G\u00c9O-Le-secret-analyse_doc.docx\">3 &#8211; G\u00c9O &#8211; Le secret analyse_doc<\/a>\u00a0<\/p>\n<p><a href=\"https:\/\/se.csbe.qc.ca\/universsocial\/files\/2019\/01\/4-G\u00c9O-Analyse_doc.docx\">4 &#8211; G\u00c9O &#8211; Analyse_doc<\/a><\/p>\n<p><a href=\"https:\/\/se.csbe.qc.ca\/universsocial\/files\/2019\/01\/3QPOC-Affiche_SL_2019_V2-PRINT.pdf\">3QPOC-Affiche_SL_2019_V2-PRINT<\/a><\/p>\n<!-- WP Attachments -->\r\n        <div style=\"width:100%;margin:10px 0 10px 0;\">\r\n            <h3>Attachments<\/h3>\r\n        <ul class=\"post-attachments\"><li class=\"post-attachment mime-application-vnd-openxmlformats-officedocument-wordprocessingml-document\"><a href=\"https:\/\/se.csbe.qc.ca\/universsocial\/files\/2019\/01\/1-G\u00c9O-R\u00f4le-des-documents.docx\">1 - G\u00c9O - R\u00f4le des documents<\/a> <small>(250 kB)<\/small><\/li><li class=\"post-attachment mime-application-vnd-openxmlformats-officedocument-wordprocessingml-document\"><a href=\"https:\/\/se.csbe.qc.ca\/universsocial\/files\/2019\/01\/2-G\u00c9O-Le-hockey-et-lanalyse-documentaire.docx\">2 - G\u00c9O - Le hockey et l'analyse documentaire<\/a> <small>(2 MB)<\/small><\/li><li class=\"post-attachment mime-application-vnd-openxmlformats-officedocument-wordprocessingml-document\"><a href=\"https:\/\/se.csbe.qc.ca\/universsocial\/files\/2019\/01\/3-G\u00c9O-Le-secret-analyse_doc.docx\">3 - G\u00c9O - Le secret analyse_doc<\/a> <small>(560 kB)<\/small><\/li><li class=\"post-attachment mime-application-pdf\"><a href=\"https:\/\/se.csbe.qc.ca\/universsocial\/files\/2019\/01\/3QPOC-Affiche_SL_2019_V2-PRINT.pdf\">3QPOC-Affiche_SL_2019_V2-PRINT<\/a> <small>(22 MB)<\/small><\/li><li class=\"post-attachment mime-application-vnd-openxmlformats-officedocument-wordprocessingml-document\"><a href=\"https:\/\/se.csbe.qc.ca\/universsocial\/files\/2019\/01\/4-G\u00c9O-Analyse_doc.docx\">4 - G\u00c9O - Analyse_doc<\/a> <small>(440 kB)<\/small><\/li><\/ul><\/div><\/div>","protected":false},"excerpt":{"rendered":"<div class=\"page-restrict-output\"><p>Cette activit\u00e9 permet \u00e0 l&rsquo;\u00e9l\u00e8ve de comprendre le r\u00f4le de documents en g\u00e9ographie et de travailler l&rsquo;inf\u00e9rence, n\u00e9cessaire \u00e0 l&rsquo;analyse documentaire. Merci \u00e0 madame Johanne Rodrigue et \u00e0 monsieur Yann Lessard pour la cr\u00e9ation de cette activit\u00e9 et le partage! 1 &#8211; G\u00c9O &#8211; R\u00f4le des documents 2 &#8211; G\u00c9O &#8211; Le hockey et l&rsquo;analyse &hellip; <\/p>\n<p><a class=\"more-link btn\" href=\"https:\/\/se.csbe.qc.ca\/universsocial\/linference-en-geographie\/\">Lire la suite<\/a><\/p>\n<\/div>","protected":false},"author":209,"featured_media":0,"parent":0,"menu_order":0,"comment_status":"closed","ping_status":"closed","template":"","meta":{"footnotes":""},"class_list":["post-6787","page","type-page","status-publish","hentry","nodate","item-wrap"],"_links":{"self":[{"href":"https:\/\/se.csbe.qc.ca\/universsocial\/wp-json\/wp\/v2\/pages\/6787","targetHints":{"allow":["GET"]}}],"collection":[{"href":"https:\/\/se.csbe.qc.ca\/universsocial\/wp-json\/wp\/v2\/pages"}],"about":[{"href":"https:\/\/se.csbe.qc.ca\/universsocial\/wp-json\/wp\/v2\/types\/page"}],"author":[{"embeddable":true,"href":"https:\/\/se.csbe.qc.ca\/universsocial\/wp-json\/wp\/v2\/users\/209"}],"replies":[{"embeddable":true,"href":"https:\/\/se.csbe.qc.ca\/universsocial\/wp-json\/wp\/v2\/comments?post=6787"}],"version-history":[{"count":1,"href":"https:\/\/se.csbe.qc.ca\/universsocial\/wp-json\/wp\/v2\/pages\/6787\/revisions"}],"predecessor-version":[{"id":6793,"href":"https:\/\/se.csbe.qc.ca\/universsocial\/wp-json\/wp\/v2\/pages\/6787\/revisions\/6793"}],"wp:attachment":[{"href":"https:\/\/se.csbe.qc.ca\/universsocial\/wp-json\/wp\/v2\/media?parent=6787"}],"curies":[{"name":"wp","href":"https:\/\/api.w.org\/{rel}","templated":true}]}}