{"id":669,"date":"2012-11-15T20:22:50","date_gmt":"2012-11-15T19:22:50","guid":{"rendered":"https:\/\/se.csbe.qc.ca\/universsocial\/?page_id=669"},"modified":"2013-01-14T08:38:00","modified_gmt":"2013-01-14T13:38:00","slug":"cadre-devaluation-2e-cycle","status":"publish","type":"page","link":"https:\/\/se.csbe.qc.ca\/universsocial\/cadre-devaluation-2e-cycle\/","title":{"rendered":"Cadre d&rsquo;\u00e9valuation (2e cycle)"},"content":{"rendered":"<div class=\"page-restrict-output\"><h2>Voici le cadre d&rsquo;\u00e9valuation pour les cours d&rsquo;histoire au 2e cycle.<\/h2>\n<h2><\/h2>\n<h2><span style=\"text-decoration: underline;\">Pour y acc\u00e9der, cliquer sur le lien ci-dessous:<\/span><\/h2>\n<h2><em><a href=\"https:\/\/se.csbe.qc.ca\/universsocial\/files\/2012\/11\/Cadre-d\u00e9valuation-Histoire-2e-cycle.pdf\" target=\"_blank\">Cadre d&rsquo;\u00e9valuation &#8211; Histoire (2e cycle)<\/a><\/em><\/h2>\n<!-- WP Attachments -->\r\n        <div style=\"width:100%;margin:10px 0 10px 0;\">\r\n            <h3>Attachments<\/h3>\r\n        <ul class=\"post-attachments\"><li class=\"post-attachment mime-application-pdf\"><a href=\"https:\/\/se.csbe.qc.ca\/universsocial\/files\/2012\/11\/Cadre-d\u00e9valuation-Histoire-2e-cycle.pdf\">Cadre d'\u00e9valuation - Histoire (2e cycle)<\/a> <small>(173 kB)<\/small><\/li><\/ul><\/div><\/div>","protected":false},"excerpt":{"rendered":"<div class=\"page-restrict-output\"><p>Voici le cadre d&rsquo;\u00e9valuation pour les cours d&rsquo;histoire au 2e cycle. Pour y acc\u00e9der, cliquer sur le lien ci-dessous: Cadre d&rsquo;\u00e9valuation &#8211; Histoire (2e cycle) Attachments Cadre d&rsquo;\u00e9valuation &#8211; Histoire (2e cycle) (173 kB)<\/p>\n<\/div>","protected":false},"author":9,"featured_media":0,"parent":0,"menu_order":0,"comment_status":"open","ping_status":"open","template":"","meta":{"footnotes":""},"class_list":["post-669","page","type-page","status-publish","hentry","nodate","item-wrap"],"_links":{"self":[{"href":"https:\/\/se.csbe.qc.ca\/universsocial\/wp-json\/wp\/v2\/pages\/669","targetHints":{"allow":["GET"]}}],"collection":[{"href":"https:\/\/se.csbe.qc.ca\/universsocial\/wp-json\/wp\/v2\/pages"}],"about":[{"href":"https:\/\/se.csbe.qc.ca\/universsocial\/wp-json\/wp\/v2\/types\/page"}],"author":[{"embeddable":true,"href":"https:\/\/se.csbe.qc.ca\/universsocial\/wp-json\/wp\/v2\/users\/9"}],"replies":[{"embeddable":true,"href":"https:\/\/se.csbe.qc.ca\/universsocial\/wp-json\/wp\/v2\/comments?post=669"}],"version-history":[{"count":4,"href":"https:\/\/se.csbe.qc.ca\/universsocial\/wp-json\/wp\/v2\/pages\/669\/revisions"}],"predecessor-version":[{"id":1229,"href":"https:\/\/se.csbe.qc.ca\/universsocial\/wp-json\/wp\/v2\/pages\/669\/revisions\/1229"}],"wp:attachment":[{"href":"https:\/\/se.csbe.qc.ca\/universsocial\/wp-json\/wp\/v2\/media?parent=669"}],"curies":[{"name":"wp","href":"https:\/\/api.w.org\/{rel}","templated":true}]}}