{"id":665,"date":"2012-11-15T20:22:10","date_gmt":"2012-11-15T19:22:10","guid":{"rendered":"https:\/\/se.csbe.qc.ca\/universsocial\/?page_id=665"},"modified":"2020-01-21T15:35:54","modified_gmt":"2020-01-21T20:35:54","slug":"cadre-devaluation-1er-cycle","status":"publish","type":"page","link":"https:\/\/se.csbe.qc.ca\/universsocial\/cadre-devaluation-1er-cycle\/","title":{"rendered":"Cadre d&rsquo;\u00e9valuation (1er cycle)"},"content":{"rendered":"<div class=\"page-restrict-output\"><h2><span style=\"color: #000000\">Voici le cadre d&rsquo;\u00e9valuation pour les cours d&rsquo;histoire au 1er cycle.<\/span><\/h2>\n<h2><\/h2>\n<h2><span style=\"text-decoration: underline;color: #000000\">Pour y acc\u00e9der, cliquer sur le lien ci-dessous:<\/span><\/h2>\n<h2><em><a href=\"https:\/\/se.csbe.qc.ca\/universsocial\/files\/2012\/11\/Cadre-d\u00e9valuation-Histoire-1er-cycle.pdf\" target=\"_blank\" rel=\"noopener noreferrer\">Cadre d&rsquo;\u00e9valuation &#8211; Histoire (1er cycle)<\/a><\/em><\/h2>\n<!-- WP Attachments -->\r\n        <div style=\"width:100%;margin:10px 0 10px 0;\">\r\n            <h3>Attachments<\/h3>\r\n        <ul class=\"post-attachments\"><li class=\"post-attachment mime-application-pdf\"><a href=\"https:\/\/se.csbe.qc.ca\/universsocial\/files\/2020\/01\/CE-PFEQ-histoire-education-citoyennete-VF-2018.pdf\">CE-PFEQ-histoire-education-citoyennete-VF-2018<\/a> <small>(145 kB)<\/small><\/li><\/ul><\/div><\/div>","protected":false},"excerpt":{"rendered":"<div class=\"page-restrict-output\"><p>Voici le cadre d&rsquo;\u00e9valuation pour les cours d&rsquo;histoire au 1er cycle. Pour y acc\u00e9der, cliquer sur le lien ci-dessous: Cadre d&rsquo;\u00e9valuation &#8211; Histoire (1er cycle) Attachments CE-PFEQ-histoire-education-citoyennete-VF-2018 (145 kB)<\/p>\n<\/div>","protected":false},"author":9,"featured_media":0,"parent":0,"menu_order":0,"comment_status":"open","ping_status":"open","template":"","meta":{"footnotes":""},"class_list":["post-665","page","type-page","status-publish","hentry","nodate","item-wrap"],"_links":{"self":[{"href":"https:\/\/se.csbe.qc.ca\/universsocial\/wp-json\/wp\/v2\/pages\/665","targetHints":{"allow":["GET"]}}],"collection":[{"href":"https:\/\/se.csbe.qc.ca\/universsocial\/wp-json\/wp\/v2\/pages"}],"about":[{"href":"https:\/\/se.csbe.qc.ca\/universsocial\/wp-json\/wp\/v2\/types\/page"}],"author":[{"embeddable":true,"href":"https:\/\/se.csbe.qc.ca\/universsocial\/wp-json\/wp\/v2\/users\/9"}],"replies":[{"embeddable":true,"href":"https:\/\/se.csbe.qc.ca\/universsocial\/wp-json\/wp\/v2\/comments?post=665"}],"version-history":[{"count":8,"href":"https:\/\/se.csbe.qc.ca\/universsocial\/wp-json\/wp\/v2\/pages\/665\/revisions"}],"predecessor-version":[{"id":7056,"href":"https:\/\/se.csbe.qc.ca\/universsocial\/wp-json\/wp\/v2\/pages\/665\/revisions\/7056"}],"wp:attachment":[{"href":"https:\/\/se.csbe.qc.ca\/universsocial\/wp-json\/wp\/v2\/media?parent=665"}],"curies":[{"name":"wp","href":"https:\/\/api.w.org\/{rel}","templated":true}]}}