{"id":659,"date":"2012-11-15T20:21:25","date_gmt":"2012-11-15T19:21:25","guid":{"rendered":"https:\/\/se.csbe.qc.ca\/universsocial\/?page_id=659"},"modified":"2018-08-28T10:18:32","modified_gmt":"2018-08-28T14:18:32","slug":"cadres-devaluation-geographie","status":"publish","type":"page","link":"https:\/\/se.csbe.qc.ca\/universsocial\/cadres-devaluation-geographie\/","title":{"rendered":"Cadre d&rsquo;\u00e9valuation (G\u00e9ographie)"},"content":{"rendered":"<div class=\"page-restrict-output\"><h2><span style=\"color: #000000\">Voici le cadre d&rsquo;\u00e9valuation pour le cours de g\u00e9ographie au 1er cycle.<\/span><\/h2>\n<h2><\/h2>\n<h2><span style=\"text-decoration: underline;color: #000000\">Pour y acc\u00e9der, cliquer sur le lien ci-dessous:<\/span><\/h2>\n<h2><em><a href=\"https:\/\/se.csbe.qc.ca\/universsocial\/files\/2012\/11\/Cadre-d\u00e9valuation-G\u00e9ographie.pdf\" target=\"_blank\" rel=\"noopener\">Cadre d&rsquo;\u00e9valuation &#8211; G\u00e9ographie<\/a><\/em><\/h2>\n<!-- WP Attachments -->\r\n        <div style=\"width:100%;margin:10px 0 10px 0;\">\r\n            <h3>Attachments<\/h3>\r\n        <ul class=\"post-attachments\"><li class=\"post-attachment mime-application-pdf\"><a href=\"https:\/\/se.csbe.qc.ca\/universsocial\/files\/2012\/11\/Cadres-d\u00e9valuation-G\u00e9ographie.pdf\">Cadres d'\u00e9valuation - G\u00e9ographie<\/a> <small>(154 kB)<\/small><\/li><li class=\"post-attachment mime-application-pdf\"><a href=\"https:\/\/se.csbe.qc.ca\/universsocial\/files\/2012\/11\/Cadre-d\u00e9valuation-G\u00e9ographie.pdf\">Cadre d'\u00e9valuation - G\u00e9ographie<\/a> <small>(154 kB)<\/small><\/li><\/ul><\/div><\/div>","protected":false},"excerpt":{"rendered":"<div class=\"page-restrict-output\"><p>Voici le cadre d&rsquo;\u00e9valuation pour le cours de g\u00e9ographie au 1er cycle. Pour y acc\u00e9der, cliquer sur le lien ci-dessous: Cadre d&rsquo;\u00e9valuation &#8211; G\u00e9ographie Attachments Cadres d&rsquo;\u00e9valuation &#8211; G\u00e9ographie (154 kB)Cadre d&rsquo;\u00e9valuation &#8211; G\u00e9ographie (154 kB)<\/p>\n<\/div>","protected":false},"author":9,"featured_media":0,"parent":0,"menu_order":0,"comment_status":"open","ping_status":"open","template":"","meta":{"footnotes":""},"class_list":["post-659","page","type-page","status-publish","hentry","nodate","item-wrap"],"_links":{"self":[{"href":"https:\/\/se.csbe.qc.ca\/universsocial\/wp-json\/wp\/v2\/pages\/659","targetHints":{"allow":["GET"]}}],"collection":[{"href":"https:\/\/se.csbe.qc.ca\/universsocial\/wp-json\/wp\/v2\/pages"}],"about":[{"href":"https:\/\/se.csbe.qc.ca\/universsocial\/wp-json\/wp\/v2\/types\/page"}],"author":[{"embeddable":true,"href":"https:\/\/se.csbe.qc.ca\/universsocial\/wp-json\/wp\/v2\/users\/9"}],"replies":[{"embeddable":true,"href":"https:\/\/se.csbe.qc.ca\/universsocial\/wp-json\/wp\/v2\/comments?post=659"}],"version-history":[{"count":9,"href":"https:\/\/se.csbe.qc.ca\/universsocial\/wp-json\/wp\/v2\/pages\/659\/revisions"}],"predecessor-version":[{"id":7054,"href":"https:\/\/se.csbe.qc.ca\/universsocial\/wp-json\/wp\/v2\/pages\/659\/revisions\/7054"}],"wp:attachment":[{"href":"https:\/\/se.csbe.qc.ca\/universsocial\/wp-json\/wp\/v2\/media?parent=659"}],"curies":[{"name":"wp","href":"https:\/\/api.w.org\/{rel}","templated":true}]}}