{"id":6425,"date":"2018-01-10T08:54:58","date_gmt":"2018-01-10T13:54:58","guid":{"rendered":"https:\/\/se.csbe.qc.ca\/universsocial\/?page_id=6425"},"modified":"2018-01-10T08:54:58","modified_gmt":"2018-01-10T13:54:58","slug":"hqc3-jeu-de-cartes-ligne-du-temps-des-origines-a-1840","status":"publish","type":"page","link":"https:\/\/se.csbe.qc.ca\/universsocial\/hqc3-jeu-de-cartes-ligne-du-temps-des-origines-a-1840\/","title":{"rendered":"HQC3 &#8211; Jeu de cartes &#8211; Ligne du temps (Des origines \u00e0 1840)"},"content":{"rendered":"<div class=\"page-restrict-output\"><h4>Voici un jeu de cartes \u00e9labor\u00e9 par madame Sophie Bernier de la Commission scolaire de Charlevoix pour le programme Histoire du Qu\u00e9bec et du Canada de 3e secondaire.<\/h4>\n<h4>Au recto, vous retrouvez des \u00e9v\u00e9nements au programme et au verso, les dates correspondantes.\u00a0 Une belle fa\u00e7on de faire de la chronologie et de pratiquer l&rsquo;op\u00e9ration intellectuelle <em>Situer dans le temps et dans l&rsquo;espace<\/em> de fa\u00e7on ludique avec vos \u00e9l\u00e8ves.<\/h4>\n<h4>Merci \u00e0 madame Bernier pour le partage!<\/h4>\n<p><a href=\"https:\/\/se.csbe.qc.ca\/universsocial\/files\/2018\/01\/JEU-LIGNE-DU-TEMPS-HQC3-avec-date-verso.docx\">JEU LIGNE DU TEMPS HQC3 avec date au verso<\/a><\/p>\n<p><a href=\"https:\/\/se.csbe.qc.ca\/universsocial\/files\/2018\/01\/JEU-LIGNE-DU-TEMPS-HQC3.docx\">JEU LIGNE DU TEMPS HQC3 (avec sources des images)<\/a><\/p>\n<!-- WP Attachments -->\r\n        <div style=\"width:100%;margin:10px 0 10px 0;\">\r\n            <h3>Attachments<\/h3>\r\n        <ul class=\"post-attachments\"><li class=\"post-attachment mime-application-vnd-openxmlformats-officedocument-wordprocessingml-document\"><a href=\"https:\/\/se.csbe.qc.ca\/universsocial\/files\/2018\/01\/JEU-LIGNE-DU-TEMPS-HQC3-avec-date-verso.docx\">JEU LIGNE DU TEMPS HQC3 avec date verso<\/a> <small>(8 MB)<\/small><\/li><li class=\"post-attachment mime-application-vnd-openxmlformats-officedocument-wordprocessingml-document\"><a href=\"https:\/\/se.csbe.qc.ca\/universsocial\/files\/2018\/01\/JEU-LIGNE-DU-TEMPS-HQC3.docx\">JEU LIGNE DU TEMPS HQC3<\/a> <small>(8 MB)<\/small><\/li><\/ul><\/div><\/div>","protected":false},"excerpt":{"rendered":"<div class=\"page-restrict-output\"><p>Voici un jeu de cartes \u00e9labor\u00e9 par madame Sophie Bernier de la Commission scolaire de Charlevoix pour le programme Histoire du Qu\u00e9bec et du Canada de 3e secondaire. Au recto, vous retrouvez des \u00e9v\u00e9nements au programme et au verso, les dates correspondantes.\u00a0 Une belle fa\u00e7on de faire de la chronologie et de pratiquer l&rsquo;op\u00e9ration intellectuelle &hellip; <\/p>\n<p><a class=\"more-link btn\" href=\"https:\/\/se.csbe.qc.ca\/universsocial\/hqc3-jeu-de-cartes-ligne-du-temps-des-origines-a-1840\/\">Lire la suite<\/a><\/p>\n<\/div>","protected":false},"author":209,"featured_media":0,"parent":0,"menu_order":0,"comment_status":"closed","ping_status":"closed","template":"","meta":{"footnotes":""},"class_list":["post-6425","page","type-page","status-publish","hentry","nodate","item-wrap"],"_links":{"self":[{"href":"https:\/\/se.csbe.qc.ca\/universsocial\/wp-json\/wp\/v2\/pages\/6425","targetHints":{"allow":["GET"]}}],"collection":[{"href":"https:\/\/se.csbe.qc.ca\/universsocial\/wp-json\/wp\/v2\/pages"}],"about":[{"href":"https:\/\/se.csbe.qc.ca\/universsocial\/wp-json\/wp\/v2\/types\/page"}],"author":[{"embeddable":true,"href":"https:\/\/se.csbe.qc.ca\/universsocial\/wp-json\/wp\/v2\/users\/209"}],"replies":[{"embeddable":true,"href":"https:\/\/se.csbe.qc.ca\/universsocial\/wp-json\/wp\/v2\/comments?post=6425"}],"version-history":[{"count":1,"href":"https:\/\/se.csbe.qc.ca\/universsocial\/wp-json\/wp\/v2\/pages\/6425\/revisions"}],"predecessor-version":[{"id":6428,"href":"https:\/\/se.csbe.qc.ca\/universsocial\/wp-json\/wp\/v2\/pages\/6425\/revisions\/6428"}],"wp:attachment":[{"href":"https:\/\/se.csbe.qc.ca\/universsocial\/wp-json\/wp\/v2\/media?parent=6425"}],"curies":[{"name":"wp","href":"https:\/\/api.w.org\/{rel}","templated":true}]}}