{"id":6257,"date":"2017-10-31T10:15:29","date_gmt":"2017-10-31T14:15:29","guid":{"rendered":"https:\/\/se.csbe.qc.ca\/universsocial\/?page_id=6257"},"modified":"2017-10-31T10:15:29","modified_gmt":"2017-10-31T14:15:29","slug":"recherche-description-et-analyse-des-postures-epistemologiques-sous-tendues-par-lepreuve-unique-ministerielle-de-quatrieme-secondaire-en-histoire-et-education-a-la-citoyennete","status":"publish","type":"page","link":"https:\/\/se.csbe.qc.ca\/universsocial\/recherche-description-et-analyse-des-postures-epistemologiques-sous-tendues-par-lepreuve-unique-ministerielle-de-quatrieme-secondaire-en-histoire-et-education-a-la-citoyennete\/","title":{"rendered":"Recherche &#8211; DESCRIPTION ET ANALYSE DES POSTURES \u00c9PIST\u00c9MOLOGIQUES SOUS-TENDUES PAR L\u2019\u00c9PREUVE UNIQUE MINIST\u00c9RIELLE DE QUATRI\u00c8ME SECONDAIRE EN HISTOIRE ET \u00c9DUCATION \u00c0 LA CITOYENNET\u00c9"},"content":{"rendered":"<div class=\"page-restrict-output\"><h2><strong>M\u00eame si ce programme n\u2019est plus \u00e0 l\u2019\u00e9tude, cette recherche pr\u00e9sente des pistes de r\u00e9flexion sur les difficult\u00e9s des \u00e9l\u00e8ves en histoire. \u00a0<\/strong><\/h2>\n<h2><strong>\u00a0<a href=\"https:\/\/se.csbe.qc.ca\/universsocial\/files\/2017\/10\/2_D\u00c9RY_Catherine.pdf\">2_D\u00c9RY_Catherine<\/a><\/strong><\/h2>\n<h2>DESCRIPTION ET ANALYSE DES POSTURES \u00c9PIST\u00c9MOLOGIQUES SOUS-TENDUES PAR L\u2019\u00c9PREUVE UNIQUE MINIST\u00c9RIELLE DE QUATRI\u00c8ME SECONDAIRE EN HISTOIRE ET \u00c9DUCATION \u00c0 LA CITOYENNET\u00c9<\/h2>\n<h2><\/h2>\n<h2>CATHERINE D\u00c9RY <em>Universit\u00e9 de Montr\u00e9al<\/em><\/h2>\n<\/div>","protected":false},"excerpt":{"rendered":"<div class=\"page-restrict-output\"><p>M\u00eame si ce programme n\u2019est plus \u00e0 l\u2019\u00e9tude, cette recherche pr\u00e9sente des pistes de r\u00e9flexion sur les difficult\u00e9s des \u00e9l\u00e8ves en histoire. \u00a0 \u00a02_D\u00c9RY_Catherine DESCRIPTION ET ANALYSE DES POSTURES \u00c9PIST\u00c9MOLOGIQUES SOUS-TENDUES PAR L\u2019\u00c9PREUVE UNIQUE MINIST\u00c9RIELLE DE QUATRI\u00c8ME SECONDAIRE EN HISTOIRE ET \u00c9DUCATION \u00c0 LA CITOYENNET\u00c9 CATHERINE D\u00c9RY Universit\u00e9 de Montr\u00e9al<\/p>\n<\/div>","protected":false},"author":209,"featured_media":0,"parent":0,"menu_order":0,"comment_status":"closed","ping_status":"closed","template":"","meta":{"footnotes":""},"class_list":["post-6257","page","type-page","status-publish","hentry","nodate","item-wrap"],"_links":{"self":[{"href":"https:\/\/se.csbe.qc.ca\/universsocial\/wp-json\/wp\/v2\/pages\/6257","targetHints":{"allow":["GET"]}}],"collection":[{"href":"https:\/\/se.csbe.qc.ca\/universsocial\/wp-json\/wp\/v2\/pages"}],"about":[{"href":"https:\/\/se.csbe.qc.ca\/universsocial\/wp-json\/wp\/v2\/types\/page"}],"author":[{"embeddable":true,"href":"https:\/\/se.csbe.qc.ca\/universsocial\/wp-json\/wp\/v2\/users\/209"}],"replies":[{"embeddable":true,"href":"https:\/\/se.csbe.qc.ca\/universsocial\/wp-json\/wp\/v2\/comments?post=6257"}],"version-history":[{"count":1,"href":"https:\/\/se.csbe.qc.ca\/universsocial\/wp-json\/wp\/v2\/pages\/6257\/revisions"}],"predecessor-version":[{"id":6258,"href":"https:\/\/se.csbe.qc.ca\/universsocial\/wp-json\/wp\/v2\/pages\/6257\/revisions\/6258"}],"wp:attachment":[{"href":"https:\/\/se.csbe.qc.ca\/universsocial\/wp-json\/wp\/v2\/media?parent=6257"}],"curies":[{"name":"wp","href":"https:\/\/api.w.org\/{rel}","templated":true}]}}