{"id":6244,"date":"2017-10-26T10:35:04","date_gmt":"2017-10-26T14:35:04","guid":{"rendered":"https:\/\/se.csbe.qc.ca\/universsocial\/?page_id=6244"},"modified":"2017-10-26T10:35:04","modified_gmt":"2017-10-26T14:35:04","slug":"planification-education-financiere","status":"publish","type":"page","link":"https:\/\/se.csbe.qc.ca\/universsocial\/planification-education-financiere\/","title":{"rendered":"Planification &#8211; \u00c9ducation financi\u00e8re"},"content":{"rendered":"<div class=\"page-restrict-output\"><h2>Voici un mod\u00e8le de planification globale pour le cours d&rsquo;\u00c9ducation financi\u00e8re inspir\u00e9 du mat\u00e9riel PROFIL.<\/h2>\n<h2><a href=\"https:\/\/se.csbe.qc.ca\/universsocial\/files\/2017\/10\/Ed_fin_Mod\u00e8le-de-planification-globale-CSBE.doc\">Ed_fin_Mod\u00e8le de planification globale &#8211; CSBE<\/a><\/h2>\n<p>&nbsp;<\/p>\n<!-- WP Attachments -->\r\n        <div style=\"width:100%;margin:10px 0 10px 0;\">\r\n            <h3>Attachments<\/h3>\r\n        <ul class=\"post-attachments\"><li class=\"post-attachment mime-application-msword\"><a href=\"https:\/\/se.csbe.qc.ca\/universsocial\/files\/2017\/10\/Ed_fin_Mod\u00e8le-de-planification-globale-CSBE.doc\">Ed_fin_Mod\u00e8le de planification globale - CSBE<\/a> <small>(90 kB)<\/small><\/li><li class=\"post-attachment mime-application-msword\"><a href=\"https:\/\/se.csbe.qc.ca\/universsocial\/files\/2017\/10\/Ed_fin_Mod\u00e8le-de-planification-globale-CSBE-1.doc\">Ed_fin_Mod\u00e8le de planification globale - CSBE<\/a> <small>(90 kB)<\/small><\/li><\/ul><\/div><\/div>","protected":false},"excerpt":{"rendered":"<div class=\"page-restrict-output\"><p>Voici un mod\u00e8le de planification globale pour le cours d&rsquo;\u00c9ducation financi\u00e8re inspir\u00e9 du mat\u00e9riel PROFIL. Ed_fin_Mod\u00e8le de planification globale &#8211; CSBE &nbsp; Attachments Ed_fin_Mod\u00e8le de planification globale &#8211; CSBE (90 kB)Ed_fin_Mod\u00e8le de planification globale &#8211; CSBE (90 kB)<\/p>\n<\/div>","protected":false},"author":209,"featured_media":0,"parent":0,"menu_order":0,"comment_status":"closed","ping_status":"closed","template":"","meta":{"footnotes":""},"class_list":["post-6244","page","type-page","status-publish","hentry","nodate","item-wrap"],"_links":{"self":[{"href":"https:\/\/se.csbe.qc.ca\/universsocial\/wp-json\/wp\/v2\/pages\/6244","targetHints":{"allow":["GET"]}}],"collection":[{"href":"https:\/\/se.csbe.qc.ca\/universsocial\/wp-json\/wp\/v2\/pages"}],"about":[{"href":"https:\/\/se.csbe.qc.ca\/universsocial\/wp-json\/wp\/v2\/types\/page"}],"author":[{"embeddable":true,"href":"https:\/\/se.csbe.qc.ca\/universsocial\/wp-json\/wp\/v2\/users\/209"}],"replies":[{"embeddable":true,"href":"https:\/\/se.csbe.qc.ca\/universsocial\/wp-json\/wp\/v2\/comments?post=6244"}],"version-history":[{"count":1,"href":"https:\/\/se.csbe.qc.ca\/universsocial\/wp-json\/wp\/v2\/pages\/6244\/revisions"}],"predecessor-version":[{"id":6247,"href":"https:\/\/se.csbe.qc.ca\/universsocial\/wp-json\/wp\/v2\/pages\/6244\/revisions\/6247"}],"wp:attachment":[{"href":"https:\/\/se.csbe.qc.ca\/universsocial\/wp-json\/wp\/v2\/media?parent=6244"}],"curies":[{"name":"wp","href":"https:\/\/api.w.org\/{rel}","templated":true}]}}