{"id":6195,"date":"2017-10-11T09:43:38","date_gmt":"2017-10-11T13:43:38","guid":{"rendered":"https:\/\/se.csbe.qc.ca\/universsocial\/?page_id=6195"},"modified":"2017-10-11T09:43:38","modified_gmt":"2017-10-11T13:43:38","slug":"banque-de-questions-sur-les-operations-intellectuelles-geographie","status":"publish","type":"page","link":"https:\/\/se.csbe.qc.ca\/universsocial\/banque-de-questions-sur-les-operations-intellectuelles-geographie\/","title":{"rendered":"Banque de questions sur les op\u00e9rations intellectuelles &#8211; G\u00e9ographie"},"content":{"rendered":"<div class=\"page-restrict-output\"><h3>Il me fait plaisir de vous partager la banque de questions sur les op\u00e9rations intellectuelles en g\u00e9ographie au 1er cycle du secondaire\u00a0\u00e9labor\u00e9e par la CSBE et la Commission scolaire des D\u00e9couvreurs!<\/h3>\n<h3>Je vous la partage en format Word afin que vous puissiez facilement utiliser les questions, les int\u00e9grer \u00e0 vos t\u00e2ches ou les modifier.\u00a0 Je la d\u00e9poserai \u00e9galement sur le site\u00a0<i>L&rsquo;univers social \u00e0 la CSBE<\/i>.<\/h3>\n<h3>Dans les premi\u00e8res pages du document vous trouverez :<\/h3>\n<ul>\n<li>\n<h3>une description des\u00a0op\u00e9rations intellectuelles;<\/h3>\n<\/li>\n<li>\n<h3>des grilles d&rsquo;\u00e9valuation;<\/h3>\n<\/li>\n<li>\n<h3>le r\u00f4le des documents dans la r\u00e9alisation des OI;<\/h3>\n<\/li>\n<li>\n<h3>un mod\u00e8le d\u2019enseignement\u00a0explicite des OI pour mod\u00e9liser, faire de la pratique guid\u00e9e et de la pratique autonome;<\/h3>\n<\/li>\n<li>\n<h3>des d\u00e9marches pour\u00a0l\u2019enseignement\u00a0explicite des OI.<\/h3>\n<\/li>\n<\/ul>\n<h3><\/h3>\n<h3>Vous trouverez \u00e9galement des questions sur 13 des territoires \u00e0 l&rsquo;\u00e9tude.<\/h3>\n<p class=\"x_MsoNormal\" align=\"center\"><b>Note\u00a0: Pour acc\u00e9der directement \u00e0 un territoire en particulier, cliquez (CTRL + clic) sur le num\u00e9ro de la page dans la table des mati\u00e8res.<\/b><b><\/b><\/p>\n<h3>Merci \u00e0 madame Johanne Rodrigue et \u00e0\u00a0 monsieur Kevin Poulin, enseignants \u00e0\u00a0la CSBE, qui ont travaill\u00e9 \u00e0 l&rsquo;\u00e9laboration de cette banque.<\/h3>\n<h2><strong><a href=\"https:\/\/se.csbe.qc.ca\/universsocial\/files\/2017\/10\/FC_Questions-de-g\u00e9ographie_CSBE_CSDD.docx\">FC_Questions de g\u00e9ographie_CSBE_CSDD<\/a><\/strong><\/h2>\n<!-- WP Attachments -->\r\n        <div style=\"width:100%;margin:10px 0 10px 0;\">\r\n            <h3>Attachments<\/h3>\r\n        <ul class=\"post-attachments\"><li class=\"post-attachment mime-application-vnd-openxmlformats-officedocument-wordprocessingml-document\"><a href=\"https:\/\/se.csbe.qc.ca\/universsocial\/files\/2017\/10\/FC_Questions-de-g\u00e9ographie_CSBE_CSDD.docx\">FC_Questions de g\u00e9ographie_CSBE_CSDD<\/a> <small>(19 MB)<\/small><\/li><\/ul><\/div><\/div>","protected":false},"excerpt":{"rendered":"<div class=\"page-restrict-output\"><p>Il me fait plaisir de vous partager la banque de questions sur les op\u00e9rations intellectuelles en g\u00e9ographie au 1er cycle du secondaire\u00a0\u00e9labor\u00e9e par la CSBE et la Commission scolaire des D\u00e9couvreurs! Je vous la partage en format Word afin que vous puissiez facilement utiliser les questions, les int\u00e9grer \u00e0 vos t\u00e2ches ou les modifier.\u00a0 Je &hellip; <\/p>\n<p><a class=\"more-link btn\" href=\"https:\/\/se.csbe.qc.ca\/universsocial\/banque-de-questions-sur-les-operations-intellectuelles-geographie\/\">Lire la suite<\/a><\/p>\n<\/div>","protected":false},"author":209,"featured_media":0,"parent":0,"menu_order":0,"comment_status":"closed","ping_status":"closed","template":"","meta":{"footnotes":""},"class_list":["post-6195","page","type-page","status-publish","hentry","nodate","item-wrap"],"_links":{"self":[{"href":"https:\/\/se.csbe.qc.ca\/universsocial\/wp-json\/wp\/v2\/pages\/6195","targetHints":{"allow":["GET"]}}],"collection":[{"href":"https:\/\/se.csbe.qc.ca\/universsocial\/wp-json\/wp\/v2\/pages"}],"about":[{"href":"https:\/\/se.csbe.qc.ca\/universsocial\/wp-json\/wp\/v2\/types\/page"}],"author":[{"embeddable":true,"href":"https:\/\/se.csbe.qc.ca\/universsocial\/wp-json\/wp\/v2\/users\/209"}],"replies":[{"embeddable":true,"href":"https:\/\/se.csbe.qc.ca\/universsocial\/wp-json\/wp\/v2\/comments?post=6195"}],"version-history":[{"count":1,"href":"https:\/\/se.csbe.qc.ca\/universsocial\/wp-json\/wp\/v2\/pages\/6195\/revisions"}],"predecessor-version":[{"id":6197,"href":"https:\/\/se.csbe.qc.ca\/universsocial\/wp-json\/wp\/v2\/pages\/6195\/revisions\/6197"}],"wp:attachment":[{"href":"https:\/\/se.csbe.qc.ca\/universsocial\/wp-json\/wp\/v2\/media?parent=6195"}],"curies":[{"name":"wp","href":"https:\/\/api.w.org\/{rel}","templated":true}]}}