{"id":603,"date":"2012-11-15T16:30:56","date_gmt":"2012-11-15T15:30:56","guid":{"rendered":"https:\/\/se.csbe.qc.ca\/universsocial\/?page_id=603"},"modified":"2013-01-11T10:34:45","modified_gmt":"2013-01-11T15:34:45","slug":"schemas-organisateurs-sec-4","status":"publish","type":"page","link":"https:\/\/se.csbe.qc.ca\/universsocial\/schemas-organisateurs-sec-4\/","title":{"rendered":"Sch\u00e9mas organisateurs (Sec.4)"},"content":{"rendered":"<div class=\"page-restrict-output\"><h2><span style=\"color: #000000;\">Salut tout le monde!<\/span><\/h2>\n<h2><span style=\"color: #000000;\">\u00a0<\/span><\/h2>\n<h2><span style=\"color: #000000;\">Petit cadeau\u00a0: des sch\u00e9mas organisateurs pour chacune des 4 r\u00e9alit\u00e9s de sec.4\u2026<\/span><\/h2>\n<h2><span style=\"color: #000000;\">J\u2019ai obtenu cela de ma tr\u00e8s aimable coll\u00e8gue des Premi\u00e8res-Seigneuries en \u00e9change de mat\u00e9riel que nous avons produit ici\u2026<\/span><\/h2>\n<h2><span style=\"color: #000000;\">\u00a0<\/span><\/h2>\n<h2><span style=\"color: #000000;\"><strong>ATTENTION\u00a0:<\/strong>\u00a0Ces sch\u00e9mas ne sont pas \u00e0 remettre d\u00e9j\u00e0 compl\u00e9t\u00e9s aux \u00e9l\u00e8ves, ils ne s\u2019y retrouveront pas et n\u2019acquerront aucun savoir, juste du \u00ab\u00a0par-c\u0153ur\u00a0\u00bb\u2026<\/span><\/h2>\n<h2><span style=\"color: #000000;\">&#8211;\u00a0<em>On leur remet la version vierge au d\u00e9but d\u2019une s\u00e9quence, puis ils la compl\u00e8tent \u00e0 mesure qu\u2019on avance\u2026<\/em><\/span><\/h2>\n<h2><span style=\"color: #000000;\">&#8211;\u00a0<em>La version compl\u00e9t\u00e9e est pour l\u2019enseignant uniquement<\/em><\/span><\/h2>\n<h2><span style=\"color: #000000;\">\u00a0<\/span><\/h2>\n<h2><span style=\"text-decoration: underline;\"><span style=\"color: #000000; text-decoration: underline;\">Pour y acc\u00e9der, cliquez sur le lien ci-dessous:<\/span><\/span><\/h2>\n<h2><em><a href=\"https:\/\/se.csbe.qc.ca\/universsocial\/files\/2012\/11\/Sch\u00e9mas-organisateurs-Secondaire-4.zip\">Sch\u00e9mas organisateurs &#8211; Secondaire 4<\/a><\/em><\/h2>\n<!-- WP Attachments -->\r\n        <div style=\"width:100%;margin:10px 0 10px 0;\">\r\n            <h3>Attachments<\/h3>\r\n        <ul class=\"post-attachments\"><li class=\"post-attachment mime-application-zip\"><a href=\"https:\/\/se.csbe.qc.ca\/universsocial\/files\/2012\/11\/Sch\u00e9mas-organisateurs-Secondaire-4.zip\">Sch\u00e9mas organisateurs - Secondaire 4<\/a> <small>(3 MB)<\/small><\/li><\/ul><\/div><\/div>","protected":false},"excerpt":{"rendered":"<div class=\"page-restrict-output\"><p>Salut tout le monde! \u00a0 Petit cadeau\u00a0: des sch\u00e9mas organisateurs pour chacune des 4 r\u00e9alit\u00e9s de sec.4\u2026 J\u2019ai obtenu cela de ma tr\u00e8s aimable coll\u00e8gue des Premi\u00e8res-Seigneuries en \u00e9change de mat\u00e9riel que nous avons produit ici\u2026 \u00a0 ATTENTION\u00a0:\u00a0Ces sch\u00e9mas ne sont pas \u00e0 remettre d\u00e9j\u00e0 compl\u00e9t\u00e9s aux \u00e9l\u00e8ves, ils ne s\u2019y retrouveront pas et n\u2019acquerront &hellip; <\/p>\n<p><a class=\"more-link btn\" href=\"https:\/\/se.csbe.qc.ca\/universsocial\/schemas-organisateurs-sec-4\/\">Lire la suite<\/a><\/p>\n<\/div>","protected":false},"author":9,"featured_media":0,"parent":0,"menu_order":0,"comment_status":"open","ping_status":"open","template":"","meta":{"footnotes":""},"class_list":["post-603","page","type-page","status-publish","hentry","nodate","item-wrap"],"_links":{"self":[{"href":"https:\/\/se.csbe.qc.ca\/universsocial\/wp-json\/wp\/v2\/pages\/603","targetHints":{"allow":["GET"]}}],"collection":[{"href":"https:\/\/se.csbe.qc.ca\/universsocial\/wp-json\/wp\/v2\/pages"}],"about":[{"href":"https:\/\/se.csbe.qc.ca\/universsocial\/wp-json\/wp\/v2\/types\/page"}],"author":[{"embeddable":true,"href":"https:\/\/se.csbe.qc.ca\/universsocial\/wp-json\/wp\/v2\/users\/9"}],"replies":[{"embeddable":true,"href":"https:\/\/se.csbe.qc.ca\/universsocial\/wp-json\/wp\/v2\/comments?post=603"}],"version-history":[{"count":4,"href":"https:\/\/se.csbe.qc.ca\/universsocial\/wp-json\/wp\/v2\/pages\/603\/revisions"}],"predecessor-version":[{"id":1196,"href":"https:\/\/se.csbe.qc.ca\/universsocial\/wp-json\/wp\/v2\/pages\/603\/revisions\/1196"}],"wp:attachment":[{"href":"https:\/\/se.csbe.qc.ca\/universsocial\/wp-json\/wp\/v2\/media?parent=603"}],"curies":[{"name":"wp","href":"https:\/\/api.w.org\/{rel}","templated":true}]}}