{"id":5998,"date":"2017-08-14T14:04:04","date_gmt":"2017-08-14T18:04:04","guid":{"rendered":"https:\/\/se.csbe.qc.ca\/universsocial\/?page_id=5998"},"modified":"2017-08-14T14:04:04","modified_gmt":"2017-08-14T18:04:04","slug":"planifications-geographie","status":"publish","type":"page","link":"https:\/\/se.csbe.qc.ca\/universsocial\/planifications-geographie\/","title":{"rendered":"Planifications &#8211; G\u00e9ographie"},"content":{"rendered":"<div class=\"page-restrict-output\"><h3>Voici diff\u00e9rents mod\u00e8les de planification en G\u00e9ographie:<\/h3>\n<h4><strong style=\"font-size: 18px\">1. Planifications globales CSBE \u2013 G\u00c9O (2016)<\/strong><\/h4>\n<ul>\n<li class=\"edit-post\">\n<h4><a style=\"font-family: 'Pontano Sans', arial, sans-serif;font-size: 20px\" href=\"https:\/\/se.csbe.qc.ca\/universsocial\/files\/2016\/09\/G%C3%89O1.-Mod%C3%A8le-de-planification-globale-CSBE.doc\">G\u00c9O1. Mod\u00e8le de planification globale \u2013 CSBE<\/a><\/h4>\n<\/li>\n<\/ul>\n<ul>\n<li>\n<h3><a href=\"https:\/\/se.csbe.qc.ca\/universsocial\/files\/2016\/09\/G%C3%89O2.-Mod%C3%A8le-de-planification-globale-CSBE.doc\">G\u00c9O2. Mod\u00e8le de planification globale \u2013 CSBE<\/a><\/h3>\n<\/li>\n<\/ul>\n<h4><\/h4>\n<h3 class=\"post-title entry-title\"><strong>2. Planification globale CSBE (G\u00e9ographie)<\/strong><\/h3>\n<div class=\"entry-content clearfix\">\n<ul>\n<li>\u00a0<em><a href=\"https:\/\/se.csbe.qc.ca\/universsocial\/files\/2014\/08\/CSBE_Planif_globale_GEO_11X17.doc\" target=\"_blank\" rel=\"noopener\">CSBE_Planif_globale_GEO_11X17<\/a><\/em><\/li>\n<li><em><a href=\"https:\/\/se.csbe.qc.ca\/universsocial\/files\/2014\/08\/CSBE_Planif_globale_HIST3_11X17-Complet.doc\" target=\"_blank\" rel=\"noopener\">CSBE_Planif_globale_HIST3_11X17 \u2013 Complet<\/a><\/em><\/li>\n<\/ul>\n<\/div>\n<h3><strong>\u00a03. Planifications par territoire (11) + planification globale (G\u00e9ographie)<\/strong><\/h3>\n<ul>\n<li class=\"edit-post\"><em><a href=\"https:\/\/se.csbe.qc.ca\/universsocial\/files\/2013\/01\/G%C3%A9ographie-Planification-par-territoire.zip\" target=\"_blank\" rel=\"noopener\">G\u00e9ographie \u2013 Planification par territoire<\/a><\/em><\/li>\n<\/ul>\n<div class=\"entry-content clearfix\">\n<ul>\n<li>\n<h3><em><a href=\"https:\/\/se.csbe.qc.ca\/universsocial\/files\/2013\/01\/Planification-Globale-Geographie.doc\" target=\"_blank\" rel=\"noopener\">Planification Globale <\/a><\/em><\/h3>\n<\/li>\n<\/ul>\n<h3><\/h3>\n<h2 class=\"post-title entry-title\"><strong>4. Planification globale (1er cycle) &#8211; CS des D\u00e9couvreurs<\/strong><\/h2>\n<div class=\"page-restrict-output\">\n<ul>\n<li>\u00a0<em><a href=\"https:\/\/se.csbe.qc.ca\/universsocial\/files\/2012\/10\/CS-Decouvreurs-Planification-globale-Univers-social.pdf\" target=\"_blank\" rel=\"noopener\">CS Decouvreurs \u2013 Planification globale Univers social<\/a><\/em><\/li>\n<\/ul>\n<\/div>\n<h3 class=\"page-restrict-output\"><\/h3>\n<\/div>\n<\/div>","protected":false},"excerpt":{"rendered":"<div class=\"page-restrict-output\"><p>Voici diff\u00e9rents mod\u00e8les de planification en G\u00e9ographie: 1. Planifications globales CSBE \u2013 G\u00c9O (2016) G\u00c9O1. Mod\u00e8le de planification globale \u2013 CSBE G\u00c9O2. Mod\u00e8le de planification globale \u2013 CSBE 2. Planification globale CSBE (G\u00e9ographie) \u00a0CSBE_Planif_globale_GEO_11X17 CSBE_Planif_globale_HIST3_11X17 \u2013 Complet \u00a03. Planifications par territoire (11) + planification globale (G\u00e9ographie) G\u00e9ographie \u2013 Planification par territoire Planification Globale 4. Planification &hellip; <\/p>\n<p><a class=\"more-link btn\" href=\"https:\/\/se.csbe.qc.ca\/universsocial\/planifications-geographie\/\">Lire la suite<\/a><\/p>\n<\/div>","protected":false},"author":209,"featured_media":0,"parent":0,"menu_order":0,"comment_status":"closed","ping_status":"closed","template":"","meta":{"footnotes":""},"class_list":["post-5998","page","type-page","status-publish","hentry","nodate","item-wrap"],"_links":{"self":[{"href":"https:\/\/se.csbe.qc.ca\/universsocial\/wp-json\/wp\/v2\/pages\/5998","targetHints":{"allow":["GET"]}}],"collection":[{"href":"https:\/\/se.csbe.qc.ca\/universsocial\/wp-json\/wp\/v2\/pages"}],"about":[{"href":"https:\/\/se.csbe.qc.ca\/universsocial\/wp-json\/wp\/v2\/types\/page"}],"author":[{"embeddable":true,"href":"https:\/\/se.csbe.qc.ca\/universsocial\/wp-json\/wp\/v2\/users\/209"}],"replies":[{"embeddable":true,"href":"https:\/\/se.csbe.qc.ca\/universsocial\/wp-json\/wp\/v2\/comments?post=5998"}],"version-history":[{"count":1,"href":"https:\/\/se.csbe.qc.ca\/universsocial\/wp-json\/wp\/v2\/pages\/5998\/revisions"}],"predecessor-version":[{"id":5999,"href":"https:\/\/se.csbe.qc.ca\/universsocial\/wp-json\/wp\/v2\/pages\/5998\/revisions\/5999"}],"wp:attachment":[{"href":"https:\/\/se.csbe.qc.ca\/universsocial\/wp-json\/wp\/v2\/media?parent=5998"}],"curies":[{"name":"wp","href":"https:\/\/api.w.org\/{rel}","templated":true}]}}