{"id":5970,"date":"2017-06-07T11:39:04","date_gmt":"2017-06-07T15:39:04","guid":{"rendered":"https:\/\/se.csbe.qc.ca\/universsocial\/?page_id=5970"},"modified":"2017-06-07T11:39:04","modified_gmt":"2017-06-07T15:39:04","slug":"lectures","status":"publish","type":"page","link":"https:\/\/se.csbe.qc.ca\/universsocial\/lectures\/","title":{"rendered":"Lectures"},"content":{"rendered":"<div class=\"page-restrict-output\"><h4 class=\"entry-title\"><strong><em>Culture et litt\u00e9ratie financi\u00e8res : Que savent r\u00e9ellement les jeunes de 15 ans ?<\/em><\/strong><\/h4>\n<h4><a href=\"https:\/\/rire.ctreq.qc.ca\/2017\/06\/culture-litteratie-financiere\/\" target=\"_blank\" rel=\"noopener noreferrer\">https:\/\/rire.ctreq.qc.ca\/2017\/06\/culture-litteratie-financiere\/<\/a><\/h4>\n<p>&nbsp;<\/p>\n<\/div>","protected":false},"excerpt":{"rendered":"<div class=\"page-restrict-output\"><p>Culture et litt\u00e9ratie financi\u00e8res : Que savent r\u00e9ellement les jeunes de 15 ans ? https:\/\/rire.ctreq.qc.ca\/2017\/06\/culture-litteratie-financiere\/ &nbsp;<\/p>\n<\/div>","protected":false},"author":209,"featured_media":0,"parent":0,"menu_order":0,"comment_status":"closed","ping_status":"closed","template":"","meta":{"footnotes":""},"class_list":["post-5970","page","type-page","status-publish","hentry","nodate","item-wrap"],"_links":{"self":[{"href":"https:\/\/se.csbe.qc.ca\/universsocial\/wp-json\/wp\/v2\/pages\/5970","targetHints":{"allow":["GET"]}}],"collection":[{"href":"https:\/\/se.csbe.qc.ca\/universsocial\/wp-json\/wp\/v2\/pages"}],"about":[{"href":"https:\/\/se.csbe.qc.ca\/universsocial\/wp-json\/wp\/v2\/types\/page"}],"author":[{"embeddable":true,"href":"https:\/\/se.csbe.qc.ca\/universsocial\/wp-json\/wp\/v2\/users\/209"}],"replies":[{"embeddable":true,"href":"https:\/\/se.csbe.qc.ca\/universsocial\/wp-json\/wp\/v2\/comments?post=5970"}],"version-history":[{"count":1,"href":"https:\/\/se.csbe.qc.ca\/universsocial\/wp-json\/wp\/v2\/pages\/5970\/revisions"}],"predecessor-version":[{"id":5971,"href":"https:\/\/se.csbe.qc.ca\/universsocial\/wp-json\/wp\/v2\/pages\/5970\/revisions\/5971"}],"wp:attachment":[{"href":"https:\/\/se.csbe.qc.ca\/universsocial\/wp-json\/wp\/v2\/media?parent=5970"}],"curies":[{"name":"wp","href":"https:\/\/api.w.org\/{rel}","templated":true}]}}