{"id":5964,"date":"2017-06-07T11:25:23","date_gmt":"2017-06-07T15:25:23","guid":{"rendered":"https:\/\/se.csbe.qc.ca\/universsocial\/?page_id=5964"},"modified":"2018-02-08T15:03:10","modified_gmt":"2018-02-08T20:03:10","slug":"evaluation-dune-page-web","status":"publish","type":"page","link":"https:\/\/se.csbe.qc.ca\/universsocial\/evaluation-dune-page-web\/","title":{"rendered":"\u00c9valuation d&rsquo;une page Web"},"content":{"rendered":"<div class=\"page-restrict-output\"><h3>Comment rep\u00e9rer de fausses nouvelles?<\/h3>\n<p><a href=\"https:\/\/se.csbe.qc.ca\/universsocial\/files\/2017\/04\/fake.png\"><img loading=\"lazy\" decoding=\"async\" class=\"alignnone size-medium wp-image-5665\" src=\"https:\/\/se.csbe.qc.ca\/universsocial\/files\/2017\/04\/fake-529x700.png\" alt=\"\" width=\"529\" height=\"700\" srcset=\"https:\/\/se.csbe.qc.ca\/universsocial\/files\/2017\/04\/fake-529x700.png 529w, https:\/\/se.csbe.qc.ca\/universsocial\/files\/2017\/04\/fake.png 583w\" sizes=\"auto, (max-width: 529px) 100vw, 529px\" \/><\/a><\/p>\n<h3><a href=\"https:\/\/se.csbe.qc.ca\/universsocial\/files\/2017\/04\/french_-_how_to_spot_fake_news-4.pdf\">french_-_how_to_spot_fake_news (4)<\/a><\/h3>\n<p>&nbsp;<\/p>\n<h3>Documents pour d\u00e9velopper l&rsquo;esprit critique, \u00e9valuer une page web et faire de la recherche<\/h3>\n<h3>Merci \u00e0 la CS des Premi\u00e8res Seigneuries pour le partage!<\/h3>\n<p>&nbsp;<\/p>\n<p><a href=\"https:\/\/se.csbe.qc.ca\/universsocial\/files\/2018\/02\/CritiqueAvantDeCroire_Fiche\u00c9l\u00e8ve-1.zip\">CritiqueAvantDeCroire_Fiche\u00c9l\u00e8ve (1)<\/a><\/p>\n<!-- WP Attachments -->\r\n        <div style=\"width:100%;margin:10px 0 10px 0;\">\r\n            <h3>Attachments<\/h3>\r\n        <ul class=\"post-attachments\"><li class=\"post-attachment mime-application-pdf\"><a href=\"https:\/\/se.csbe.qc.ca\/universsocial\/files\/2018\/02\/AideMemoire_AideFinanci\u00e8re_RechercheEvaluationInternet-2.pdf\">AideMemoire_AideFinanci\u00e8re_RechercheEvaluationInternet (2)<\/a> <small>(2 MB)<\/small><\/li><li class=\"post-attachment mime-application-pdf\"><a href=\"https:\/\/se.csbe.qc.ca\/universsocial\/files\/2018\/02\/CritiqueAvantDeCroire_Fiche\u00c9l\u00e8ve-1.pdf\">CritiqueAvantDeCroire_Fiche\u00c9l\u00e8ve (1)<\/a> <small>(500 kB)<\/small><\/li><li class=\"post-attachment mime-application-pdf\"><a href=\"https:\/\/se.csbe.qc.ca\/universsocial\/files\/2018\/02\/IFLA_CommentRep\u00e9rerFaussesNouvelles-1.pdf\">IFLA_CommentRep\u00e9rerFaussesNouvelles (1)<\/a> <small>(555 kB)<\/small><\/li><li class=\"post-attachment mime-application-zip\"><a href=\"https:\/\/se.csbe.qc.ca\/universsocial\/files\/2018\/02\/CritiqueAvantDeCroire_Fiche\u00c9l\u00e8ve-1.zip\">CritiqueAvantDeCroire_Fiche\u00c9l\u00e8ve (1)<\/a> <small>(3 MB)<\/small><\/li><\/ul><\/div><\/div>","protected":false},"excerpt":{"rendered":"<div class=\"page-restrict-output\"><p>Comment rep\u00e9rer de fausses nouvelles? french_-_how_to_spot_fake_news (4) &nbsp; Documents pour d\u00e9velopper l&rsquo;esprit critique, \u00e9valuer une page web et faire de la recherche Merci \u00e0 la CS des Premi\u00e8res Seigneuries pour le partage! &nbsp; CritiqueAvantDeCroire_Fiche\u00c9l\u00e8ve (1) Attachments AideMemoire_AideFinanci\u00e8re_RechercheEvaluationInternet (2) (2 MB)CritiqueAvantDeCroire_Fiche\u00c9l\u00e8ve (1) (500 kB)IFLA_CommentRep\u00e9rerFaussesNouvelles (1) (555 kB)CritiqueAvantDeCroire_Fiche\u00c9l\u00e8ve (1) (3 MB)<\/p>\n<\/div>","protected":false},"author":209,"featured_media":0,"parent":0,"menu_order":0,"comment_status":"closed","ping_status":"closed","template":"","meta":{"footnotes":""},"class_list":["post-5964","page","type-page","status-publish","hentry","nodate","item-wrap"],"_links":{"self":[{"href":"https:\/\/se.csbe.qc.ca\/universsocial\/wp-json\/wp\/v2\/pages\/5964","targetHints":{"allow":["GET"]}}],"collection":[{"href":"https:\/\/se.csbe.qc.ca\/universsocial\/wp-json\/wp\/v2\/pages"}],"about":[{"href":"https:\/\/se.csbe.qc.ca\/universsocial\/wp-json\/wp\/v2\/types\/page"}],"author":[{"embeddable":true,"href":"https:\/\/se.csbe.qc.ca\/universsocial\/wp-json\/wp\/v2\/users\/209"}],"replies":[{"embeddable":true,"href":"https:\/\/se.csbe.qc.ca\/universsocial\/wp-json\/wp\/v2\/comments?post=5964"}],"version-history":[{"count":6,"href":"https:\/\/se.csbe.qc.ca\/universsocial\/wp-json\/wp\/v2\/pages\/5964\/revisions"}],"predecessor-version":[{"id":6503,"href":"https:\/\/se.csbe.qc.ca\/universsocial\/wp-json\/wp\/v2\/pages\/5964\/revisions\/6503"}],"wp:attachment":[{"href":"https:\/\/se.csbe.qc.ca\/universsocial\/wp-json\/wp\/v2\/media?parent=5964"}],"curies":[{"name":"wp","href":"https:\/\/api.w.org\/{rel}","templated":true}]}}