{"id":5960,"date":"2017-05-30T14:09:53","date_gmt":"2017-05-30T18:09:53","guid":{"rendered":"https:\/\/se.csbe.qc.ca\/universsocial\/?page_id=5960"},"modified":"2017-10-26T10:32:13","modified_gmt":"2017-10-26T14:32:13","slug":"recitus","status":"publish","type":"page","link":"https:\/\/se.csbe.qc.ca\/universsocial\/recitus\/","title":{"rendered":"R\u00c9CITUS"},"content":{"rendered":"<div class=\"page-restrict-output\"><h3>Lien vers le site du R\u00c9CIT vers les ressources mentionn\u00e9es plus bas, mais dans leur version la plus r\u00e9cente\u00a0 :<\/h3>\n<p>&nbsp;<\/p>\n<h3><a href=\"http:\/\/www.recitus.qc.ca\/edufin\" target=\"_blank\" rel=\"noopener\">http:\/\/www.recitus.qc.ca\/edufin<\/a><\/h3>\n<h3><\/h3>\n<h3><\/h3>\n<\/div>","protected":false},"excerpt":{"rendered":"<div class=\"page-restrict-output\"><p>Lien vers le site du R\u00c9CIT vers les ressources mentionn\u00e9es plus bas, mais dans leur version la plus r\u00e9cente\u00a0 : &nbsp; http:\/\/www.recitus.qc.ca\/edufin<\/p>\n<\/div>","protected":false},"author":209,"featured_media":0,"parent":0,"menu_order":0,"comment_status":"closed","ping_status":"closed","template":"","meta":{"footnotes":""},"class_list":["post-5960","page","type-page","status-publish","hentry","nodate","item-wrap"],"_links":{"self":[{"href":"https:\/\/se.csbe.qc.ca\/universsocial\/wp-json\/wp\/v2\/pages\/5960","targetHints":{"allow":["GET"]}}],"collection":[{"href":"https:\/\/se.csbe.qc.ca\/universsocial\/wp-json\/wp\/v2\/pages"}],"about":[{"href":"https:\/\/se.csbe.qc.ca\/universsocial\/wp-json\/wp\/v2\/types\/page"}],"author":[{"embeddable":true,"href":"https:\/\/se.csbe.qc.ca\/universsocial\/wp-json\/wp\/v2\/users\/209"}],"replies":[{"embeddable":true,"href":"https:\/\/se.csbe.qc.ca\/universsocial\/wp-json\/wp\/v2\/comments?post=5960"}],"version-history":[{"count":5,"href":"https:\/\/se.csbe.qc.ca\/universsocial\/wp-json\/wp\/v2\/pages\/5960\/revisions"}],"predecessor-version":[{"id":6243,"href":"https:\/\/se.csbe.qc.ca\/universsocial\/wp-json\/wp\/v2\/pages\/5960\/revisions\/6243"}],"wp:attachment":[{"href":"https:\/\/se.csbe.qc.ca\/universsocial\/wp-json\/wp\/v2\/media?parent=5960"}],"curies":[{"name":"wp","href":"https:\/\/api.w.org\/{rel}","templated":true}]}}