{"id":5821,"date":"2017-05-19T10:47:42","date_gmt":"2017-05-19T14:47:42","guid":{"rendered":"https:\/\/se.csbe.qc.ca\/universsocial\/?page_id=5821"},"modified":"2018-05-03T15:53:49","modified_gmt":"2018-05-03T19:53:49","slug":"notes-de-cours-1945-1980","status":"publish","type":"page","link":"https:\/\/se.csbe.qc.ca\/universsocial\/notes-de-cours-1945-1980\/","title":{"rendered":"Notes de cours (1945-1980)"},"content":{"rendered":"<div class=\"page-restrict-output\"><p class=\"x_MsoNormal\">Voici un tableau synth\u00e8se portant sur la r\u00e9alit\u00e9 sociale\u00a0<b><i>La modernisation du Qu\u00e9bec et la R\u00e9volution tranquille\u00a0<\/i><\/b>du programme d\u2019Histoire du Qu\u00e9bec et du Canada de la 4e secondaire<b>.\u00a0<\/b>Ce document synth\u00e8se a \u00e9t\u00e9 \u00e9labor\u00e9 dans le respect du nouveau programme et est le fruit d\u2019un travail conjoint avec deux enseignants de la commission scolaire des Premi\u00e8res-Seigneuries.<\/p>\n<p>Merci \u00e0 Sylvie Perron pour le partage!<\/p>\n<p><a href=\"https:\/\/se.csbe.qc.ca\/universsocial\/files\/2018\/05\/Tableau-synthe\u0300se-La-modernisation-du-Que\u0301bec-et-la-Re\u0301volution-tranquille.docx\">Tableau synthe\u0300se &#8211; La modernisation du Que\u0301bec et la Re\u0301volution tranquille<\/a><\/p>\n<!-- WP Attachments -->\r\n        <div style=\"width:100%;margin:10px 0 10px 0;\">\r\n            <h3>Attachments<\/h3>\r\n        <ul class=\"post-attachments\"><li class=\"post-attachment mime-application-vnd-openxmlformats-officedocument-wordprocessingml-document\"><a href=\"https:\/\/se.csbe.qc.ca\/universsocial\/files\/2018\/05\/Tableau-synthe\u0300se-La-modernisation-du-Que\u0301bec-et-la-Re\u0301volution-tranquille.docx\">Tableau synthe\u0300se - La modernisation du Que\u0301bec et la Re\u0301volution tranquille<\/a> <small>(215 kB)<\/small><\/li><li class=\"post-attachment mime-application-pdf\"><a href=\"https:\/\/se.csbe.qc.ca\/universsocial\/files\/2018\/05\/Tableau-synthe\u0300se-La-modernisation-du-Que\u0301bec-et-la-Re\u0301volution-tranquille.pdf\">Tableau synthe\u0300se - La modernisation du Que\u0301bec et la Re\u0301volution tranquille<\/a> <small>(401 kB)<\/small><\/li><\/ul><\/div><\/div>","protected":false},"excerpt":{"rendered":"<div class=\"page-restrict-output\"><p>Voici un tableau synth\u00e8se portant sur la r\u00e9alit\u00e9 sociale\u00a0La modernisation du Qu\u00e9bec et la R\u00e9volution tranquille\u00a0du programme d\u2019Histoire du Qu\u00e9bec et du Canada de la 4e secondaire.\u00a0Ce document synth\u00e8se a \u00e9t\u00e9 \u00e9labor\u00e9 dans le respect du nouveau programme et est le fruit d\u2019un travail conjoint avec deux enseignants de la commission scolaire des Premi\u00e8res-Seigneuries. Merci &hellip; <\/p>\n<p><a class=\"more-link btn\" href=\"https:\/\/se.csbe.qc.ca\/universsocial\/notes-de-cours-1945-1980\/\">Lire la suite<\/a><\/p>\n<\/div>","protected":false},"author":209,"featured_media":0,"parent":0,"menu_order":0,"comment_status":"closed","ping_status":"closed","template":"","meta":{"footnotes":""},"class_list":["post-5821","page","type-page","status-publish","hentry","nodate","item-wrap"],"_links":{"self":[{"href":"https:\/\/se.csbe.qc.ca\/universsocial\/wp-json\/wp\/v2\/pages\/5821","targetHints":{"allow":["GET"]}}],"collection":[{"href":"https:\/\/se.csbe.qc.ca\/universsocial\/wp-json\/wp\/v2\/pages"}],"about":[{"href":"https:\/\/se.csbe.qc.ca\/universsocial\/wp-json\/wp\/v2\/types\/page"}],"author":[{"embeddable":true,"href":"https:\/\/se.csbe.qc.ca\/universsocial\/wp-json\/wp\/v2\/users\/209"}],"replies":[{"embeddable":true,"href":"https:\/\/se.csbe.qc.ca\/universsocial\/wp-json\/wp\/v2\/comments?post=5821"}],"version-history":[{"count":3,"href":"https:\/\/se.csbe.qc.ca\/universsocial\/wp-json\/wp\/v2\/pages\/5821\/revisions"}],"predecessor-version":[{"id":6628,"href":"https:\/\/se.csbe.qc.ca\/universsocial\/wp-json\/wp\/v2\/pages\/5821\/revisions\/6628"}],"wp:attachment":[{"href":"https:\/\/se.csbe.qc.ca\/universsocial\/wp-json\/wp\/v2\/media?parent=5821"}],"curies":[{"name":"wp","href":"https:\/\/api.w.org\/{rel}","templated":true}]}}