{"id":5819,"date":"2017-05-19T10:47:19","date_gmt":"2017-05-19T14:47:19","guid":{"rendered":"https:\/\/se.csbe.qc.ca\/universsocial\/?page_id=5819"},"modified":"2018-01-19T09:54:47","modified_gmt":"2018-01-19T14:54:47","slug":"evaluations-1896-1945","status":"publish","type":"page","link":"https:\/\/se.csbe.qc.ca\/universsocial\/evaluations-1896-1945\/","title":{"rendered":"\u00c9valuations (1896-1945)"},"content":{"rendered":"<div class=\"page-restrict-output\"><h3>Merci \u00e0 tous pour le partage!<\/h3>\n<p>&nbsp;<\/p>\n<h3>CSBE :<\/h3>\n<h3><a href=\"https:\/\/se.csbe.qc.ca\/universsocial\/files\/2018\/01\/HQC4_Banque_C1_C2_1896-1945.doc\">HQC4_Banque_C1_C2_1896-1945 &#8211; CSBE<\/a><\/h3>\n<h3><\/h3>\n<p>&nbsp;<\/p>\n<h3>R\u00c9CITUS &#8211; \u00c9valuations :<\/h3>\n<ul>\n<li>\n<h3><a href=\"https:\/\/se.csbe.qc.ca\/universsocial\/files\/2017\/05\/Question-longue-C2-1896-\u00e0-1945.pdf\">Question longue C2 &#8211; 1896 \u00e0 1945<\/a><\/h3>\n<\/li>\n<li>\n<h3><a href=\"https:\/\/se.csbe.qc.ca\/universsocial\/files\/2017\/05\/Questions-courtes-1896-1945.pdf\">Questions courtes 1896-1945<\/a><\/h3>\n<\/li>\n<li>\n<h3><a href=\"https:\/\/se.csbe.qc.ca\/universsocial\/files\/2017\/05\/Question-longue-C1-1896-\u00e0-1945.pdf\">Question longue C1 &#8211; 1896 \u00e0 1945<\/a><\/h3>\n<\/li>\n<\/ul>\n<h3><\/h3>\n<h3>Claire Ouellet :<\/h3>\n<h3 style=\"padding-left: 30px\">\u00c9preuve pour \u00e9valuer l&rsquo;\u00e9volution du mouvement syndical pendant la premi\u00e8re moiti\u00e9 du 20e si\u00e8cle. C&rsquo;est une adaptation de l&rsquo;\u00e9preuve propos\u00e9e par le R\u00e9cit de l&rsquo;univers social. Cette \u00e9preuve est en format 11&#215;17. Elle comprend un cahier de l&rsquo;\u00e9l\u00e8ve, un dossier documentaire et un corrig\u00e9.<\/h3>\n<ul>\n<li>\n<h3><a href=\"https:\/\/se.csbe.qc.ca\/universsocial\/files\/2017\/05\/Epreuve1896-1945-Syndicat-CritereRI-Eleve11x17.docx\">Epreuve1896-1945-Syndicat-CritereRI-Eleve11x17<\/a><\/h3>\n<\/li>\n<li>\n<h3><a href=\"https:\/\/se.csbe.qc.ca\/universsocial\/files\/2017\/05\/Epreuve1896-1945-Syndicat-CritereRI-ELEVE-CORRIGE.docx\">Epreuve1896-1945-Syndicat-CritereRI-ELEVE-CORRIGE<\/a><\/h3>\n<\/li>\n<li>\n<h3><a href=\"https:\/\/se.csbe.qc.ca\/universsocial\/files\/2017\/05\/Epreuve1896-1945-Syndicat-Crit\u00e8reRI-DD.docx\">Epreuve1896-1945-Syndicat-Crit\u00e8reRI-DD<\/a><\/h3>\n<\/li>\n<\/ul>\n<h3 style=\"padding-left: 30px\"><\/h3>\n<h3 style=\"padding-left: 30px\">\u00c9preuve contenant 29 questions et 58 documents. Pour sa passation, nous allons le s\u00e9parer en deux. Dans un cours, les \u00e9l\u00e8ves vont recevoir les questionnaires avec les num\u00e9ros de 1 \u00e0 19. Et au cours suivant, ils vont recevoir la 2e page apour pouvoir compl\u00e9ter les num\u00e9ros 20 \u00e0 29.<\/h3>\n<ul>\n<li style=\"padding-left: 30px\">\n<h3><a href=\"https:\/\/se.csbe.qc.ca\/universsocial\/files\/2017\/05\/FR-1896-1945-UAC.docx\">FR-1896-1945-UAC<\/a><\/h3>\n<\/li>\n<li style=\"padding-left: 30px\">\n<h3><a href=\"https:\/\/se.csbe.qc.ca\/universsocial\/files\/2017\/05\/FR-1896-1945-UAC-CORRIGE.docx\">FR-1896-1945-UAC-CORRIGE<\/a><\/h3>\n<\/li>\n<li style=\"padding-left: 30px\">\n<h3><a href=\"https:\/\/se.csbe.qc.ca\/universsocial\/files\/2017\/05\/QuestionnaireCritereUAC-1896-1945.docx\">QuestionnaireCritereUAC-1896-1945<\/a><\/h3>\n<\/li>\n<li style=\"padding-left: 30px\">\n<h3><a href=\"https:\/\/se.csbe.qc.ca\/universsocial\/files\/2017\/05\/DD-1896-1945-UAC.docx\">DD-1896-1945-UAC<\/a><\/h3>\n<\/li>\n<\/ul>\n<h3 style=\"padding-left: 30px\"><\/h3>\n<h3 style=\"padding-left: 30px\">Cette \u00e9preuve provient du Document de r\u00e9f\u00e9rence propos\u00e9 par le MEES de juin 2016. La feuille de r\u00e9ponses \u00e0 \u00e9t\u00e9 redispos\u00e9e en format 11 x 17. JCette \u00e9preuve demande \u00e0 l&rsquo;\u00e9l\u00e8ve d&rsquo;expliquer trois cons\u00e9quences \u00e9conomiques de la participation canadienne \u00e0 la Seconde Guerre mondiale.<\/h3>\n<ul>\n<li style=\"padding-left: 30px\">\n<h3><a href=\"https:\/\/se.csbe.qc.ca\/universsocial\/files\/2017\/05\/Epreuve1896-1945-2e-Guerre-CritereRI-11x17.docx\">Epreuve1896-1945-2e Guerre-CritereRI-11&#215;17<\/a><\/h3>\n<\/li>\n<li style=\"padding-left: 30px\">\n<h3><a href=\"https:\/\/se.csbe.qc.ca\/universsocial\/files\/2017\/05\/Epreuve1896-1945-2e-Guerre-CritereRI-CORRIGE.docx\">Epreuve1896-1945-2e Guerre-CritereRI-CORRIGE<\/a><\/h3>\n<\/li>\n<li style=\"padding-left: 30px\">\n<h3><a href=\"https:\/\/se.csbe.qc.ca\/universsocial\/files\/2017\/05\/Epreuve1896-1945-2e-Guerre-Crit\u00e8reRI-DD.docx\">Epreuve1896-1945-2e Guerre-Crit\u00e8reRI-DD<\/a><\/h3>\n<\/li>\n<\/ul>\n<h3 style=\"padding-left: 30px\"><\/h3>\n<h3 style=\"padding-left: 30px\">Cette \u00e9preuve est une adaptation de l&rsquo;\u00e9preuve propos\u00e9e par le R\u00e9cit de l&rsquo;univers social. Elle comprend un cahier de l&rsquo;\u00e9l\u00e8ve, un dossier documentaire et un corrig\u00e9.<\/h3>\n<ul>\n<li>\n<h3><a href=\"https:\/\/se.csbe.qc.ca\/universsocial\/files\/2017\/05\/QL-Comp-1_1896-1945-2eIndustrialisation-ELEVE.docx\">QL-Comp-1_1896-1945-2eIndustrialisation-ELEVE<\/a><\/h3>\n<\/li>\n<li>\n<h3><a href=\"https:\/\/se.csbe.qc.ca\/universsocial\/files\/2017\/05\/QL-DD_Comp-1_1896-1945-2eIndustrialisation.docx\">QL-DD_Comp-1_1896-1945-2eIndustrialisation<\/a><\/h3>\n<\/li>\n<li>\n<h3><a href=\"https:\/\/se.csbe.qc.ca\/universsocial\/files\/2017\/05\/QL-Comp-1_1896-1945-2eIndustrialisationCORRIGE.docx\">QL-Comp-1_1896-1945-2eIndustrialisationCORRIGE<\/a><\/h3>\n<\/li>\n<\/ul>\n<!-- WP Attachments -->\r\n        <div style=\"width:100%;margin:10px 0 10px 0;\">\r\n            <h3>Attachments<\/h3>\r\n        <ul class=\"post-attachments\"><li class=\"post-attachment mime-application-pdf\"><a href=\"https:\/\/se.csbe.qc.ca\/universsocial\/files\/2017\/05\/Question-longue-C2-1896-\u00e0-1945.pdf\">Question longue C2 - 1896 \u00e0 1945<\/a> <small>(691 kB)<\/small><\/li><li class=\"post-attachment mime-application-pdf\"><a href=\"https:\/\/se.csbe.qc.ca\/universsocial\/files\/2017\/05\/Questions-courtes-1896-1945.pdf\">Questions courtes 1896-1945<\/a> <small>(485 kB)<\/small><\/li><li class=\"post-attachment mime-application-pdf\"><a href=\"https:\/\/se.csbe.qc.ca\/universsocial\/files\/2017\/05\/Question-longue-C1-1896-\u00e0-1945.pdf\">Question longue C1 - 1896 \u00e0 1945<\/a> <small>(786 kB)<\/small><\/li><li class=\"post-attachment mime-application-vnd-openxmlformats-officedocument-wordprocessingml-document\"><a href=\"https:\/\/se.csbe.qc.ca\/universsocial\/files\/2017\/05\/Epreuve1896-1945-Syndicat-CritereRI-Eleve11x17.docx\">Epreuve1896-1945-Syndicat-CritereRI-Eleve11x17<\/a> <small>(48 kB)<\/small><\/li><li class=\"post-attachment mime-application-vnd-openxmlformats-officedocument-wordprocessingml-document\"><a href=\"https:\/\/se.csbe.qc.ca\/universsocial\/files\/2017\/05\/Epreuve1896-1945-Syndicat-CritereRI-ELEVE-CORRIGE.docx\">Epreuve1896-1945-Syndicat-CritereRI-ELEVE-CORRIGE<\/a> <small>(60 kB)<\/small><\/li><li class=\"post-attachment mime-application-vnd-openxmlformats-officedocument-wordprocessingml-document\"><a href=\"https:\/\/se.csbe.qc.ca\/universsocial\/files\/2017\/05\/Epreuve1896-1945-Syndicat-Crit\u00e8reRI-DD.docx\">Epreuve1896-1945-Syndicat-Crit\u00e8reRI-DD<\/a> <small>(229 kB)<\/small><\/li><li class=\"post-attachment mime-application-vnd-openxmlformats-officedocument-wordprocessingml-document\"><a href=\"https:\/\/se.csbe.qc.ca\/universsocial\/files\/2017\/05\/FR-1896-1945-UAC.docx\">FR-1896-1945-UAC<\/a> <small>(83 kB)<\/small><\/li><li class=\"post-attachment mime-application-vnd-openxmlformats-officedocument-wordprocessingml-document\"><a href=\"https:\/\/se.csbe.qc.ca\/universsocial\/files\/2017\/05\/FR-1896-1945-UAC-CORRIGE.docx\">FR-1896-1945-UAC-CORRIGE<\/a> <small>(88 kB)<\/small><\/li><li class=\"post-attachment mime-application-vnd-openxmlformats-officedocument-wordprocessingml-document\"><a href=\"https:\/\/se.csbe.qc.ca\/universsocial\/files\/2017\/05\/QuestionnaireCritereUAC-1896-1945.docx\">QuestionnaireCritereUAC-1896-1945<\/a> <small>(25 kB)<\/small><\/li><li class=\"post-attachment mime-application-vnd-openxmlformats-officedocument-wordprocessingml-document\"><a href=\"https:\/\/se.csbe.qc.ca\/universsocial\/files\/2017\/05\/DD-1896-1945-UAC.docx\">DD-1896-1945-UAC<\/a> <small>(4 MB)<\/small><\/li><li class=\"post-attachment mime-application-vnd-openxmlformats-officedocument-wordprocessingml-document\"><a href=\"https:\/\/se.csbe.qc.ca\/universsocial\/files\/2017\/05\/Epreuve1896-1945-2e-Guerre-CritereRI-11x17.docx\">Epreuve1896-1945-2e Guerre-CritereRI-11x17<\/a> <small>(42 kB)<\/small><\/li><li class=\"post-attachment mime-application-vnd-openxmlformats-officedocument-wordprocessingml-document\"><a href=\"https:\/\/se.csbe.qc.ca\/universsocial\/files\/2017\/05\/Epreuve1896-1945-2e-Guerre-CritereRI-CORRIGE.docx\">Epreuve1896-1945-2e Guerre-CritereRI-CORRIGE<\/a> <small>(64 kB)<\/small><\/li><li class=\"post-attachment mime-application-vnd-openxmlformats-officedocument-wordprocessingml-document\"><a href=\"https:\/\/se.csbe.qc.ca\/universsocial\/files\/2017\/05\/Epreuve1896-1945-2e-Guerre-Crit\u00e8reRI-DD.docx\">Epreuve1896-1945-2e Guerre-Crit\u00e8reRI-DD<\/a> <small>(501 kB)<\/small><\/li><li class=\"post-attachment mime-application-vnd-openxmlformats-officedocument-wordprocessingml-document\"><a href=\"https:\/\/se.csbe.qc.ca\/universsocial\/files\/2017\/05\/QL-Comp-1_1896-1945-2eIndustrialisation-ELEVE.docx\">QL-Comp-1_1896-1945-2eIndustrialisation-ELEVE<\/a> <small>(20 kB)<\/small><\/li><li class=\"post-attachment mime-application-vnd-openxmlformats-officedocument-wordprocessingml-document\"><a href=\"https:\/\/se.csbe.qc.ca\/universsocial\/files\/2017\/05\/QL-DD_Comp-1_1896-1945-2eIndustrialisation.docx\">QL-DD_Comp-1_1896-1945-2eIndustrialisation<\/a> <small>(3 MB)<\/small><\/li><li class=\"post-attachment mime-application-vnd-openxmlformats-officedocument-wordprocessingml-document\"><a href=\"https:\/\/se.csbe.qc.ca\/universsocial\/files\/2017\/05\/QL-Comp-1_1896-1945-2eIndustrialisationCORRIGE.docx\">QL-Comp-1_1896-1945-2eIndustrialisationCORRIGE<\/a> <small>(20 kB)<\/small><\/li><li class=\"post-attachment mime-application-msword\"><a href=\"https:\/\/se.csbe.qc.ca\/universsocial\/files\/2018\/01\/HQC4_Banque_C1_C2_1896-1945.doc\">HQC4_Banque_C1_C2_1896-1945<\/a> <small>(5 MB)<\/small><\/li><\/ul><\/div><\/div>","protected":false},"excerpt":{"rendered":"<div class=\"page-restrict-output\"><p>Merci \u00e0 tous pour le partage! &nbsp; CSBE : HQC4_Banque_C1_C2_1896-1945 &#8211; CSBE &nbsp; R\u00c9CITUS &#8211; \u00c9valuations : Question longue C2 &#8211; 1896 \u00e0 1945 Questions courtes 1896-1945 Question longue C1 &#8211; 1896 \u00e0 1945 Claire Ouellet : \u00c9preuve pour \u00e9valuer l&rsquo;\u00e9volution du mouvement syndical pendant la premi\u00e8re moiti\u00e9 du 20e si\u00e8cle. C&rsquo;est une adaptation de &hellip; <\/p>\n<p><a class=\"more-link btn\" href=\"https:\/\/se.csbe.qc.ca\/universsocial\/evaluations-1896-1945\/\">Lire la suite<\/a><\/p>\n<\/div>","protected":false},"author":209,"featured_media":0,"parent":0,"menu_order":0,"comment_status":"closed","ping_status":"closed","template":"","meta":{"footnotes":""},"class_list":["post-5819","page","type-page","status-publish","hentry","nodate","item-wrap"],"_links":{"self":[{"href":"https:\/\/se.csbe.qc.ca\/universsocial\/wp-json\/wp\/v2\/pages\/5819","targetHints":{"allow":["GET"]}}],"collection":[{"href":"https:\/\/se.csbe.qc.ca\/universsocial\/wp-json\/wp\/v2\/pages"}],"about":[{"href":"https:\/\/se.csbe.qc.ca\/universsocial\/wp-json\/wp\/v2\/types\/page"}],"author":[{"embeddable":true,"href":"https:\/\/se.csbe.qc.ca\/universsocial\/wp-json\/wp\/v2\/users\/209"}],"replies":[{"embeddable":true,"href":"https:\/\/se.csbe.qc.ca\/universsocial\/wp-json\/wp\/v2\/comments?post=5819"}],"version-history":[{"count":9,"href":"https:\/\/se.csbe.qc.ca\/universsocial\/wp-json\/wp\/v2\/pages\/5819\/revisions"}],"predecessor-version":[{"id":6445,"href":"https:\/\/se.csbe.qc.ca\/universsocial\/wp-json\/wp\/v2\/pages\/5819\/revisions\/6445"}],"wp:attachment":[{"href":"https:\/\/se.csbe.qc.ca\/universsocial\/wp-json\/wp\/v2\/media?parent=5819"}],"curies":[{"name":"wp","href":"https:\/\/api.w.org\/{rel}","templated":true}]}}