{"id":5817,"date":"2017-05-19T10:46:53","date_gmt":"2017-05-19T14:46:53","guid":{"rendered":"https:\/\/se.csbe.qc.ca\/universsocial\/?page_id=5817"},"modified":"2018-02-07T13:25:38","modified_gmt":"2018-02-07T18:25:38","slug":"taches-1896-1945","status":"publish","type":"page","link":"https:\/\/se.csbe.qc.ca\/universsocial\/taches-1896-1945\/","title":{"rendered":"T\u00e2ches (1896-1945)"},"content":{"rendered":"<div class=\"page-restrict-output\"><h3>Merci \u00e0 tous pour le partage!<\/h3>\n<p>&nbsp;<\/p>\n<h3>R\u00c9CITUS :\u00a0<a href=\"http:\/\/documents.recitus.qc.ca\/secondaire4\" target=\"_blank\" rel=\"noopener noreferrer\">http:\/\/documents.recitus.qc.ca\/secondaire4<\/a><\/h3>\n<p>&nbsp;<\/p>\n<h3>Jesse Boulette &#8211; CSDP :\u00a0<a href=\"https:\/\/se.csbe.qc.ca\/universsocial\/files\/2017\/05\/Ruban-du-temps_r\u00e9alit\u00e9_2_4e-secondaire.JB_.docx\">Ruban du temps_r\u00e9alit\u00e9_2_4e secondaire.JB<\/a><\/h3>\n<h3><\/h3>\n<h3>Claire Ouellet : Adaptation de t\u00e2ches du R\u00c9CITUS :<\/h3>\n<h3 style=\"padding-left: 30px\">Cl\u00e9rico-natioalistes<\/h3>\n<ul>\n<li style=\"padding-left: 30px\"><a href=\"https:\/\/se.csbe.qc.ca\/universsocial\/files\/2017\/05\/ACT-CLERICO-DD.docx\">ACT-CLERICO-DD<\/a><\/li>\n<li style=\"padding-left: 30px\"><a href=\"https:\/\/se.csbe.qc.ca\/universsocial\/files\/2017\/05\/ACT-Clerico-FR.docx\">ACT-Clerico-FR<\/a><\/li>\n<li style=\"padding-left: 30px\"><a href=\"https:\/\/se.csbe.qc.ca\/universsocial\/files\/2017\/05\/ACT-Clerico-FR-corrige.docx\">ACT-Clerico-FR-corrige<\/a><\/li>\n<\/ul>\n<h3 style=\"padding-left: 30px\">Imp\u00e9rialistes et nationalistes<\/h3>\n<ul>\n<li><a href=\"https:\/\/se.csbe.qc.ca\/universsocial\/files\/2017\/05\/IMP\u00c9RIALISTE-ET-NATIONALISTE.docx\">IMP\u00c9RIALISTE ET NATIONALISTE<\/a><\/li>\n<li><a href=\"https:\/\/se.csbe.qc.ca\/universsocial\/files\/2017\/05\/IMP\u00c9RIALISTE-ET-NATIONALISTE-FR.docx\">IMP\u00c9RIALISTE ET NATIONALISTE-FR<\/a><\/li>\n<li><a href=\"https:\/\/se.csbe.qc.ca\/universsocial\/files\/2017\/05\/IMP\u00c9RIALISTE-ET-NATIONALISTE-FR-CORRIGE.docx\">IMP\u00c9RIALISTE ET NATIONALISTE-FR-CORRIGE<\/a><\/li>\n<\/ul>\n<h3>CSDPS <a href=\"https:\/\/se.csbe.qc.ca\/universsocial\/files\/2018\/02\/Tableau-synthe\u0300se-Les-nationnalismes-et-lautonomie-du-Canada.docx\">Tableau synthe\u0300se &#8211; Les nationalismes et l&rsquo;autonomie du Canada<\/a> <a href=\"https:\/\/se.csbe.qc.ca\/universsocial\/files\/2018\/02\/Tableau-synthe\u0300se-Les-nationnalismes-et-lautonomie-du-Canada.pdf\">Tableau synthe\u0300se &#8211; Les nationalismes et l&rsquo;autonomie du Canada<\/a><\/h3>\n<!-- WP Attachments -->\r\n        <div style=\"width:100%;margin:10px 0 10px 0;\">\r\n            <h3>Attachments<\/h3>\r\n        <ul class=\"post-attachments\"><li class=\"post-attachment mime-application-vnd-openxmlformats-officedocument-wordprocessingml-document\"><a href=\"https:\/\/se.csbe.qc.ca\/universsocial\/files\/2017\/05\/Ruban-du-temps_r\u00e9alit\u00e9_2_4e-secondaire.JB_.docx\">Ruban du temps_r\u00e9alit\u00e9_2_4e secondaire.JB<\/a> <small>(40 kB)<\/small><\/li><li class=\"post-attachment mime-application-zip\"><a href=\"https:\/\/se.csbe.qc.ca\/universsocial\/files\/2017\/05\/ACT-Clerico-FR.zip\">ACT-Clerico-FR<\/a> <small>(850 kB)<\/small><\/li><li class=\"post-attachment mime-application-vnd-openxmlformats-officedocument-wordprocessingml-document\"><a href=\"https:\/\/se.csbe.qc.ca\/universsocial\/files\/2017\/05\/ACT-CLERICO-DD.docx\">ACT-CLERICO-DD<\/a> <small>(823 kB)<\/small><\/li><li class=\"post-attachment mime-application-vnd-openxmlformats-officedocument-wordprocessingml-document\"><a href=\"https:\/\/se.csbe.qc.ca\/universsocial\/files\/2017\/05\/ACT-Clerico-FR.docx\">ACT-Clerico-FR<\/a> <small>(15 kB)<\/small><\/li><li class=\"post-attachment mime-application-vnd-openxmlformats-officedocument-wordprocessingml-document\"><a href=\"https:\/\/se.csbe.qc.ca\/universsocial\/files\/2017\/05\/ACT-Clerico-FR-corrige.docx\">ACT-Clerico-FR-corrige<\/a> <small>(23 kB)<\/small><\/li><li class=\"post-attachment mime-application-vnd-openxmlformats-officedocument-wordprocessingml-document\"><a href=\"https:\/\/se.csbe.qc.ca\/universsocial\/files\/2017\/05\/IMP\u00c9RIALISTE-ET-NATIONALISTE.docx\">IMP\u00c9RIALISTE ET NATIONALISTE<\/a> <small>(3 MB)<\/small><\/li><li class=\"post-attachment mime-application-vnd-openxmlformats-officedocument-wordprocessingml-document\"><a href=\"https:\/\/se.csbe.qc.ca\/universsocial\/files\/2017\/05\/IMP\u00c9RIALISTE-ET-NATIONALISTE-FR.docx\">IMP\u00c9RIALISTE ET NATIONALISTE-FR<\/a> <small>(43 kB)<\/small><\/li><li class=\"post-attachment mime-application-vnd-openxmlformats-officedocument-wordprocessingml-document\"><a href=\"https:\/\/se.csbe.qc.ca\/universsocial\/files\/2017\/05\/IMP\u00c9RIALISTE-ET-NATIONALISTE-FR-CORRIGE.docx\">IMP\u00c9RIALISTE ET NATIONALISTE-FR-CORRIGE<\/a> <small>(46 kB)<\/small><\/li><li class=\"post-attachment mime-application-vnd-openxmlformats-officedocument-wordprocessingml-document\"><a href=\"https:\/\/se.csbe.qc.ca\/universsocial\/files\/2018\/02\/Tableau-synthe\u0300se-Les-nationnalismes-et-lautonomie-du-Canada.docx\">Tableau synthe\u0300se - Les nationnalismes et lautonomie du Canada<\/a> <small>(179 kB)<\/small><\/li><li class=\"post-attachment mime-application-pdf\"><a href=\"https:\/\/se.csbe.qc.ca\/universsocial\/files\/2018\/02\/Tableau-synthe\u0300se-Les-nationnalismes-et-lautonomie-du-Canada.pdf\">Tableau synthe\u0300se - Les nationnalismes et lautonomie du Canada<\/a> <small>(576 kB)<\/small><\/li><\/ul><\/div><\/div>","protected":false},"excerpt":{"rendered":"<div class=\"page-restrict-output\"><p>Merci \u00e0 tous pour le partage! &nbsp; R\u00c9CITUS :\u00a0http:\/\/documents.recitus.qc.ca\/secondaire4 &nbsp; Jesse Boulette &#8211; CSDP :\u00a0Ruban du temps_r\u00e9alit\u00e9_2_4e secondaire.JB Claire Ouellet : Adaptation de t\u00e2ches du R\u00c9CITUS : Cl\u00e9rico-natioalistes ACT-CLERICO-DD ACT-Clerico-FR ACT-Clerico-FR-corrige Imp\u00e9rialistes et nationalistes IMP\u00c9RIALISTE ET NATIONALISTE IMP\u00c9RIALISTE ET NATIONALISTE-FR IMP\u00c9RIALISTE ET NATIONALISTE-FR-CORRIGE CSDPS Tableau synthe\u0300se &#8211; Les nationalismes et l&rsquo;autonomie du Canada Tableau synthe\u0300se &hellip; <\/p>\n<p><a class=\"more-link btn\" href=\"https:\/\/se.csbe.qc.ca\/universsocial\/taches-1896-1945\/\">Lire la suite<\/a><\/p>\n<\/div>","protected":false},"author":209,"featured_media":0,"parent":0,"menu_order":0,"comment_status":"closed","ping_status":"closed","template":"","meta":{"footnotes":""},"class_list":["post-5817","page","type-page","status-publish","hentry","nodate","item-wrap"],"_links":{"self":[{"href":"https:\/\/se.csbe.qc.ca\/universsocial\/wp-json\/wp\/v2\/pages\/5817","targetHints":{"allow":["GET"]}}],"collection":[{"href":"https:\/\/se.csbe.qc.ca\/universsocial\/wp-json\/wp\/v2\/pages"}],"about":[{"href":"https:\/\/se.csbe.qc.ca\/universsocial\/wp-json\/wp\/v2\/types\/page"}],"author":[{"embeddable":true,"href":"https:\/\/se.csbe.qc.ca\/universsocial\/wp-json\/wp\/v2\/users\/209"}],"replies":[{"embeddable":true,"href":"https:\/\/se.csbe.qc.ca\/universsocial\/wp-json\/wp\/v2\/comments?post=5817"}],"version-history":[{"count":4,"href":"https:\/\/se.csbe.qc.ca\/universsocial\/wp-json\/wp\/v2\/pages\/5817\/revisions"}],"predecessor-version":[{"id":6494,"href":"https:\/\/se.csbe.qc.ca\/universsocial\/wp-json\/wp\/v2\/pages\/5817\/revisions\/6494"}],"wp:attachment":[{"href":"https:\/\/se.csbe.qc.ca\/universsocial\/wp-json\/wp\/v2\/media?parent=5817"}],"curies":[{"name":"wp","href":"https:\/\/api.w.org\/{rel}","templated":true}]}}