{"id":5811,"date":"2017-05-19T10:45:42","date_gmt":"2017-05-19T14:45:42","guid":{"rendered":"https:\/\/se.csbe.qc.ca\/universsocial\/?page_id=5811"},"modified":"2017-06-19T14:55:22","modified_gmt":"2017-06-19T18:55:22","slug":"notes-de-cours-1840-1896","status":"publish","type":"page","link":"https:\/\/se.csbe.qc.ca\/universsocial\/notes-de-cours-1840-1896\/","title":{"rendered":"Notes de cours (1840-1896)"},"content":{"rendered":"<div class=\"page-restrict-output\"><h3>Merci \u00e0 tous ceux qui ont partag\u00e9 des ressources !<\/h3>\n<h3>Dans le cadre du projet pilote 2016-17 en 4<sup>e<\/sup> secondaire, voici des notes de cours r\u00e9alis\u00e9es par Sylvie L\u00e9tourneau et Claire Ouellet, CSVDC :<\/h3>\n<h3><a href=\"https:\/\/se.csbe.qc.ca\/universsocial\/files\/2017\/05\/1840-1896-Notes-de-cours.docx\">1840-1896-Notes de cours<\/a><\/h3>\n<h3><a href=\"https:\/\/se.csbe.qc.ca\/universsocial\/files\/2017\/05\/1840-1896-Notes-de-coursCORRIGE.docx\">1840-1896-Notes de coursCORRIGE<\/a><\/h3>\n<p>&nbsp;<\/p>\n<h3>D\u00e9pliage des connaissances par Katia Guit\u00e9 : <a href=\"https:\/\/se.csbe.qc.ca\/universsocial\/files\/2017\/05\/Histoire-4e-secondaire-d\u00e9pliage-des-connaissances-1.docx\">Histoire 4e secondaire d\u00e9pliage des connaissances (1)<\/a><\/h3>\n<p>&nbsp;<\/p>\n<h3>Par Caroline Bouchard de l&rsquo;\u00c9cole secondaire La Poudri\u00e8re : <a href=\"https:\/\/se.csbe.qc.ca\/universsocial\/files\/2017\/05\/Module-1-SECONDAIRE-4-A-1.doc\">Module-1-SECONDAIRE-4-A<\/a><\/h3>\n<h3><a href=\"https:\/\/se.csbe.qc.ca\/universsocial\/files\/2017\/05\/Cahier-hist-4-module-1-realite-sociale.doc\">Cahier- hist 4 module 1 realite sociale<\/a><\/h3>\n<p>&nbsp;<\/p>\n<!-- WP Attachments -->\r\n        <div style=\"width:100%;margin:10px 0 10px 0;\">\r\n            <h3>Attachments<\/h3>\r\n        <ul class=\"post-attachments\"><li class=\"post-attachment mime-application-vnd-openxmlformats-officedocument-wordprocessingml-document\"><a href=\"https:\/\/se.csbe.qc.ca\/universsocial\/files\/2017\/05\/1840-1896-Notes-de-cours.docx\">1840-1896-Notes de cours<\/a> <small>(5 MB)<\/small><\/li><li class=\"post-attachment mime-application-vnd-openxmlformats-officedocument-wordprocessingml-document\"><a href=\"https:\/\/se.csbe.qc.ca\/universsocial\/files\/2017\/05\/1840-1896-Notes-de-coursCORRIGE.docx\">1840-1896-Notes de coursCORRIGE<\/a> <small>(5 MB)<\/small><\/li><li class=\"post-attachment mime-application-vnd-openxmlformats-officedocument-wordprocessingml-document\"><a href=\"https:\/\/se.csbe.qc.ca\/universsocial\/files\/2017\/05\/Histoire-4e-secondaire-d\u00e9pliage-des-connaissances-1.docx\">Histoire 4e secondaire d\u00e9pliage des connaissances (1)<\/a> <small>(17 kB)<\/small><\/li><li class=\"post-attachment mime-application-msword\"><a href=\"https:\/\/se.csbe.qc.ca\/universsocial\/files\/2017\/05\/Module-1-SECONDAIRE-4-A.doc\">Module 1 SECONDAIRE 4 A<\/a> <small>(5 MB)<\/small><\/li><li class=\"post-attachment mime-application-msword\"><a href=\"https:\/\/se.csbe.qc.ca\/universsocial\/files\/2017\/05\/Module-1-SECONDAIRE-4-A-1.doc\">Module-1-SECONDAIRE-4-A<\/a> <small>(5 MB)<\/small><\/li><li class=\"post-attachment mime-application-msword\"><a href=\"https:\/\/se.csbe.qc.ca\/universsocial\/files\/2017\/05\/Cahier-hist-4-module-1-realite-sociale.doc\">Cahier- hist 4 module 1 realite sociale<\/a> <small>(15 MB)<\/small><\/li><\/ul><\/div><\/div>","protected":false},"excerpt":{"rendered":"<div class=\"page-restrict-output\"><p>Merci \u00e0 tous ceux qui ont partag\u00e9 des ressources ! Dans le cadre du projet pilote 2016-17 en 4e secondaire, voici des notes de cours r\u00e9alis\u00e9es par Sylvie L\u00e9tourneau et Claire Ouellet, CSVDC : 1840-1896-Notes de cours 1840-1896-Notes de coursCORRIGE &nbsp; D\u00e9pliage des connaissances par Katia Guit\u00e9 : Histoire 4e secondaire d\u00e9pliage des connaissances (1) &hellip; <\/p>\n<p><a class=\"more-link btn\" href=\"https:\/\/se.csbe.qc.ca\/universsocial\/notes-de-cours-1840-1896\/\">Lire la suite<\/a><\/p>\n<\/div>","protected":false},"author":209,"featured_media":0,"parent":0,"menu_order":0,"comment_status":"closed","ping_status":"closed","template":"","meta":{"footnotes":""},"class_list":["post-5811","page","type-page","status-publish","hentry","nodate","item-wrap"],"_links":{"self":[{"href":"https:\/\/se.csbe.qc.ca\/universsocial\/wp-json\/wp\/v2\/pages\/5811","targetHints":{"allow":["GET"]}}],"collection":[{"href":"https:\/\/se.csbe.qc.ca\/universsocial\/wp-json\/wp\/v2\/pages"}],"about":[{"href":"https:\/\/se.csbe.qc.ca\/universsocial\/wp-json\/wp\/v2\/types\/page"}],"author":[{"embeddable":true,"href":"https:\/\/se.csbe.qc.ca\/universsocial\/wp-json\/wp\/v2\/users\/209"}],"replies":[{"embeddable":true,"href":"https:\/\/se.csbe.qc.ca\/universsocial\/wp-json\/wp\/v2\/comments?post=5811"}],"version-history":[{"count":9,"href":"https:\/\/se.csbe.qc.ca\/universsocial\/wp-json\/wp\/v2\/pages\/5811\/revisions"}],"predecessor-version":[{"id":5988,"href":"https:\/\/se.csbe.qc.ca\/universsocial\/wp-json\/wp\/v2\/pages\/5811\/revisions\/5988"}],"wp:attachment":[{"href":"https:\/\/se.csbe.qc.ca\/universsocial\/wp-json\/wp\/v2\/media?parent=5811"}],"curies":[{"name":"wp","href":"https:\/\/api.w.org\/{rel}","templated":true}]}}