{"id":5796,"date":"2017-05-19T10:27:11","date_gmt":"2017-05-19T14:27:11","guid":{"rendered":"https:\/\/se.csbe.qc.ca\/universsocial\/?page_id=5796"},"modified":"2017-12-05T11:41:45","modified_gmt":"2017-12-05T16:41:45","slug":"evaluations-1840-1896","status":"publish","type":"page","link":"https:\/\/se.csbe.qc.ca\/universsocial\/evaluations-1840-1896\/","title":{"rendered":"\u00c9valuations (1840-1896)"},"content":{"rendered":"<div class=\"page-restrict-output\"><h3>Merci \u00e0 tous ceux qui ont partag\u00e9 ces ressources!<\/h3>\n<p>&nbsp;<\/p>\n<h3>R\u00c9CITUS :<\/h3>\n<p>&nbsp;<\/p>\n<ul>\n<li><a href=\"https:\/\/se.csbe.qc.ca\/universsocial\/files\/2017\/05\/Question-\u00e0-d\u00e9veloppement-C2-1840-\u00e0-1896-1.docx\" target=\"_blank\" rel=\"noopener noreferrer\">Question \u00e0 d\u00e9veloppement C2 &#8211; 1840 \u00e0 1896<\/a><\/li>\n<li><a href=\"https:\/\/se.csbe.qc.ca\/universsocial\/files\/2017\/05\/Questionscourtes-1840-1896-1.docx\" target=\"_blank\" rel=\"noopener noreferrer\">Questionscourtes-1840-1896<\/a><\/li>\n<li><a href=\"https:\/\/se.csbe.qc.ca\/universsocial\/files\/2017\/05\/Question-\u00e0-d\u00e9veloppement-C1-1840-\u00e0-1896-2.docx\" target=\"_blank\" rel=\"noopener noreferrer\">Question \u00e0 d\u00e9veloppement C1 &#8211; 1840 \u00e0 1896<\/a><\/li>\n<\/ul>\n<h3>Nadia Dufour : \u00c9valuation de connaissances (sans dossier documentaire)<\/h3>\n<ul>\n<li><a href=\"https:\/\/se.csbe.qc.ca\/universsocial\/files\/2017\/05\/Feuille-d\u00e9tude-partie-1-1.docx\" target=\"_blank\" rel=\"noopener noreferrer\">Feuille d&rsquo;\u00e9tude partie 1 (1)<\/a><\/li>\n<li><a href=\"https:\/\/se.csbe.qc.ca\/universsocial\/files\/2017\/05\/\u00c9valuation-partie-1.doc\">\u00c9valuation partie 1<\/a><\/li>\n<\/ul>\n<h3>Partage de Claire Ouellet<\/h3>\n<ul>\n<li><a href=\"https:\/\/se.csbe.qc.ca\/universsocial\/files\/2017\/05\/QL-Crit-RI-Comp-2-1840-1896.zip\" target=\"_blank\" rel=\"noopener noreferrer\">QL- Crit- RI-Comp-2-1840-1896<\/a><\/li>\n<li><a href=\"https:\/\/se.csbe.qc.ca\/universsocial\/files\/2017\/05\/QL-DD_Comp-1_1840-1896.zip\" target=\"_blank\" rel=\"noopener noreferrer\">QL-DD_Comp-1_1840-1896<\/a><\/li>\n<li>EpreuveCritereUAC-1840-1896\n<ul>\n<li><a href=\"https:\/\/se.csbe.qc.ca\/universsocial\/files\/2017\/05\/FR-1840-1896-UAC.docx\">FR-1840-1896-UAC<\/a><\/li>\n<li><a href=\"https:\/\/se.csbe.qc.ca\/universsocial\/files\/2017\/05\/QuestionnaireCritereUAC-1840-1896.docx\">QuestionnaireCritereUAC-1840-1896<\/a><\/li>\n<li><a href=\"https:\/\/se.csbe.qc.ca\/universsocial\/files\/2017\/05\/CORRIGE-1840-1896-UAC.docx\">CORRIGE-1840-1896-UAC<\/a><\/li>\n<li><a href=\"https:\/\/se.csbe.qc.ca\/universsocial\/files\/2017\/05\/DD-1840-1896-UAC.docx\">DD-1840-1896-UAC<\/a><\/li>\n<\/ul>\n<\/li>\n<\/ul>\n<h3>Partage de Philippe Bouffard.\u00a0 Merci Philippe!<\/h3>\n<p><a href=\"https:\/\/se.csbe.qc.ca\/universsocial\/files\/2017\/12\/HQC4_C1_R1_Philippe-Bouffard.docx\">HQC4_C1_R1_Philippe Bouffard<\/a><\/p>\n<h3>Partage de Maude Labont\u00e9 et de Anne-Claude Poirier<\/h3>\n<ul>\n<li><a href=\"https:\/\/se.csbe.qc.ca\/universsocial\/files\/2017\/05\/Formation-de-la-fe\u0301de\u0301ration-canadienne-partie-1-copie-2.pdf\">Formation de la fe\u0301de\u0301ration canadienne partie 1 &#8211; copie<\/a><\/li>\n<\/ul>\n<!-- WP Attachments -->\r\n        <div style=\"width:100%;margin:10px 0 10px 0;\">\r\n            <h3>Attachments<\/h3>\r\n        <ul class=\"post-attachments\"><li class=\"post-attachment mime-application-vnd-openxmlformats-officedocument-wordprocessingml-document\"><a href=\"https:\/\/se.csbe.qc.ca\/universsocial\/files\/2017\/05\/Feuille-d\u00e9tude-partie-1-1.docx\">Feuille d'\u00e9tude partie 1 (1)<\/a> <small>(15 kB)<\/small><\/li><li class=\"post-attachment mime-application-pdf\"><a href=\"https:\/\/se.csbe.qc.ca\/universsocial\/files\/2017\/05\/Formation-de-la-fe\u0301de\u0301ration-canadienne-partie-1-copie.pdf\">Formation de la fe\u0301de\u0301ration canadienne partie 1 - copie<\/a> <small>(509 kB)<\/small><\/li><li class=\"post-attachment mime-application-zip\"><a href=\"https:\/\/se.csbe.qc.ca\/universsocial\/files\/2017\/05\/QL-Crit-RI-Comp-2-1840-1896.zip\">QL- Crit- RI-Comp-2-1840-1896<\/a> <small>(252 kB)<\/small><\/li><li class=\"post-attachment mime-application-zip\"><a href=\"https:\/\/se.csbe.qc.ca\/universsocial\/files\/2017\/05\/QL-DD_Comp-1_1840-1896.zip\">QL-DD_Comp-1_1840-1896<\/a> <small>(360 kB)<\/small><\/li><li class=\"post-attachment mime-application-zip\"><a href=\"https:\/\/se.csbe.qc.ca\/universsocial\/files\/2017\/05\/EpreuveCritereUAC-1840-1896.zip\">EpreuveCritereUAC-1840-1896<\/a> <small>(3 MB)<\/small><\/li><li class=\"post-attachment mime-application-msword\"><a href=\"https:\/\/se.csbe.qc.ca\/universsocial\/files\/2017\/05\/\u00c9valuation-partie-1.doc\">\u00c9valuation partie 1<\/a> <small>(117 kB)<\/small><\/li><li class=\"post-attachment mime-application-pdf\"><a href=\"https:\/\/se.csbe.qc.ca\/universsocial\/files\/2017\/05\/Formation-de-la-fe\u0301de\u0301ration-canadienne-partie-1-copie-1.pdf\">Formation de la fe\u0301de\u0301ration canadienne partie 1 - copie<\/a> <small>(509 kB)<\/small><\/li><li class=\"post-attachment mime-application-vnd-openxmlformats-officedocument-wordprocessingml-document\"><a href=\"https:\/\/se.csbe.qc.ca\/universsocial\/files\/2017\/05\/Question-\u00e0-d\u00e9veloppement-C2-1840-\u00e0-1896.docx\">Question \u00e0 d\u00e9veloppement C2 - 1840 \u00e0 1896<\/a> <small>(3 MB)<\/small><\/li><li class=\"post-attachment mime-application-pdf\"><a href=\"https:\/\/se.csbe.qc.ca\/universsocial\/files\/2017\/05\/Question-longue-C1-1840-1896.pdf\">Question longue C1 - 1840-1896<\/a> <small>(740 kB)<\/small><\/li><li class=\"post-attachment mime-application-pdf\"><a href=\"https:\/\/se.csbe.qc.ca\/universsocial\/files\/2017\/05\/Question-longue-C2-1840-1896.pdf\">Question longue C2 - 1840-1896<\/a> <small>(2 MB)<\/small><\/li><li class=\"post-attachment mime-application-vnd-openxmlformats-officedocument-wordprocessingml-document\"><a href=\"https:\/\/se.csbe.qc.ca\/universsocial\/files\/2017\/05\/Questionscourtes-1840-1896.docx\">Questionscourtes-1840-1896<\/a> <small>(2 MB)<\/small><\/li><li class=\"post-attachment mime-application-pdf\"><a href=\"https:\/\/se.csbe.qc.ca\/universsocial\/files\/2017\/05\/Questionscourtes-1840-1896.pdf\">Questionscourtes-1840-1896<\/a> <small>(664 kB)<\/small><\/li><li class=\"post-attachment mime-application-vnd-openxmlformats-officedocument-wordprocessingml-document\"><a href=\"https:\/\/se.csbe.qc.ca\/universsocial\/files\/2017\/05\/Question-\u00e0-d\u00e9veloppement-C1-1840-\u00e0-1896-1.docx\">Question \u00e0 d\u00e9veloppement C1 - 1840 \u00e0 1896<\/a> <small>(2 MB)<\/small><\/li><li class=\"post-attachment mime-application-vnd-openxmlformats-officedocument-wordprocessingml-document\"><a href=\"https:\/\/se.csbe.qc.ca\/universsocial\/files\/2017\/05\/Question-\u00e0-d\u00e9veloppement-C2-1840-\u00e0-1896-1.docx\">Question \u00e0 d\u00e9veloppement C2 - 1840 \u00e0 1896<\/a> <small>(3 MB)<\/small><\/li><li class=\"post-attachment mime-application-vnd-openxmlformats-officedocument-wordprocessingml-document\"><a href=\"https:\/\/se.csbe.qc.ca\/universsocial\/files\/2017\/05\/Questionscourtes-1840-1896-1.docx\">Questionscourtes-1840-1896<\/a> <small>(2 MB)<\/small><\/li><li class=\"post-attachment mime-application-vnd-openxmlformats-officedocument-wordprocessingml-document\"><a href=\"https:\/\/se.csbe.qc.ca\/universsocial\/files\/2017\/05\/Question-\u00e0-d\u00e9veloppement-C1-1840-\u00e0-1896-2.docx\">Question \u00e0 d\u00e9veloppement C1 - 1840 \u00e0 1896<\/a> <small>(2 MB)<\/small><\/li><li class=\"post-attachment mime-application-msword\"><a href=\"https:\/\/se.csbe.qc.ca\/universsocial\/files\/2017\/05\/\u00c9valuation-partie-1-1.doc\">\u00c9valuation partie 1<\/a> <small>(117 kB)<\/small><\/li><li class=\"post-attachment mime-application-vnd-openxmlformats-officedocument-wordprocessingml-document\"><a href=\"https:\/\/se.csbe.qc.ca\/universsocial\/files\/2017\/05\/FR-1840-1896-UAC.docx\">FR-1840-1896-UAC<\/a> <small>(59 kB)<\/small><\/li><li class=\"post-attachment mime-application-vnd-openxmlformats-officedocument-wordprocessingml-document\"><a href=\"https:\/\/se.csbe.qc.ca\/universsocial\/files\/2017\/05\/QuestionnaireCritereUAC-1840-1896.docx\">QuestionnaireCritereUAC-1840-1896<\/a> <small>(24 kB)<\/small><\/li><li class=\"post-attachment mime-application-vnd-openxmlformats-officedocument-wordprocessingml-document\"><a href=\"https:\/\/se.csbe.qc.ca\/universsocial\/files\/2017\/05\/CORRIGE-1840-1896-UAC.docx\">CORRIGE-1840-1896-UAC<\/a> <small>(61 kB)<\/small><\/li><li class=\"post-attachment mime-application-vnd-openxmlformats-officedocument-wordprocessingml-document\"><a href=\"https:\/\/se.csbe.qc.ca\/universsocial\/files\/2017\/05\/DD-1840-1896-UAC.docx\">DD-1840-1896-UAC<\/a> <small>(3 MB)<\/small><\/li><li class=\"post-attachment mime-application-pdf\"><a href=\"https:\/\/se.csbe.qc.ca\/universsocial\/files\/2017\/05\/Formation-de-la-fe\u0301de\u0301ration-canadienne-partie-1-copie-2.pdf\">Formation de la fe\u0301de\u0301ration canadienne partie 1 - copie<\/a> <small>(509 kB)<\/small><\/li><li class=\"post-attachment mime-application-vnd-openxmlformats-officedocument-wordprocessingml-document\"><a href=\"https:\/\/se.csbe.qc.ca\/universsocial\/files\/2017\/12\/HQC4_C1_R1_Philippe-Bouffard.docx\">HQC4_C1_R1_Philippe Bouffard<\/a> <small>(3 MB)<\/small><\/li><\/ul><\/div><\/div>","protected":false},"excerpt":{"rendered":"<div class=\"page-restrict-output\"><p>Merci \u00e0 tous ceux qui ont partag\u00e9 ces ressources! &nbsp; R\u00c9CITUS : &nbsp; Question \u00e0 d\u00e9veloppement C2 &#8211; 1840 \u00e0 1896 Questionscourtes-1840-1896 Question \u00e0 d\u00e9veloppement C1 &#8211; 1840 \u00e0 1896 Nadia Dufour : \u00c9valuation de connaissances (sans dossier documentaire) Feuille d&rsquo;\u00e9tude partie 1 (1) \u00c9valuation partie 1 Partage de Claire Ouellet QL- Crit- RI-Comp-2-1840-1896 QL-DD_Comp-1_1840-1896 &hellip; <\/p>\n<p><a class=\"more-link btn\" href=\"https:\/\/se.csbe.qc.ca\/universsocial\/evaluations-1840-1896\/\">Lire la suite<\/a><\/p>\n<\/div>","protected":false},"author":209,"featured_media":0,"parent":0,"menu_order":0,"comment_status":"closed","ping_status":"closed","template":"","meta":{"footnotes":""},"class_list":["post-5796","page","type-page","status-publish","hentry","nodate","item-wrap"],"_links":{"self":[{"href":"https:\/\/se.csbe.qc.ca\/universsocial\/wp-json\/wp\/v2\/pages\/5796","targetHints":{"allow":["GET"]}}],"collection":[{"href":"https:\/\/se.csbe.qc.ca\/universsocial\/wp-json\/wp\/v2\/pages"}],"about":[{"href":"https:\/\/se.csbe.qc.ca\/universsocial\/wp-json\/wp\/v2\/types\/page"}],"author":[{"embeddable":true,"href":"https:\/\/se.csbe.qc.ca\/universsocial\/wp-json\/wp\/v2\/users\/209"}],"replies":[{"embeddable":true,"href":"https:\/\/se.csbe.qc.ca\/universsocial\/wp-json\/wp\/v2\/comments?post=5796"}],"version-history":[{"count":10,"href":"https:\/\/se.csbe.qc.ca\/universsocial\/wp-json\/wp\/v2\/pages\/5796\/revisions"}],"predecessor-version":[{"id":6317,"href":"https:\/\/se.csbe.qc.ca\/universsocial\/wp-json\/wp\/v2\/pages\/5796\/revisions\/6317"}],"wp:attachment":[{"href":"https:\/\/se.csbe.qc.ca\/universsocial\/wp-json\/wp\/v2\/media?parent=5796"}],"curies":[{"name":"wp","href":"https:\/\/api.w.org\/{rel}","templated":true}]}}