{"id":5794,"date":"2017-05-19T10:11:48","date_gmt":"2017-05-19T14:11:48","guid":{"rendered":"https:\/\/se.csbe.qc.ca\/universsocial\/?page_id=5794"},"modified":"2017-05-19T10:11:48","modified_gmt":"2017-05-19T14:11:48","slug":"1980-a-nos-jours-les-choix-de-societe-dans-le-quebec-contemporain","status":"publish","type":"page","link":"https:\/\/se.csbe.qc.ca\/universsocial\/1980-a-nos-jours-les-choix-de-societe-dans-le-quebec-contemporain\/","title":{"rendered":"1980 \u00e0 nos jours : Les choix de soci\u00e9t\u00e9 dans le Qu\u00e9bec contemporain"},"content":{"rendered":"<div class=\"page-restrict-output\"><\/div>","protected":false},"excerpt":{"rendered":"<div class=\"page-restrict-output\"><\/div>","protected":false},"author":209,"featured_media":0,"parent":0,"menu_order":0,"comment_status":"closed","ping_status":"closed","template":"","meta":{"footnotes":""},"class_list":["post-5794","page","type-page","status-publish","hentry","nodate","item-wrap"],"_links":{"self":[{"href":"https:\/\/se.csbe.qc.ca\/universsocial\/wp-json\/wp\/v2\/pages\/5794","targetHints":{"allow":["GET"]}}],"collection":[{"href":"https:\/\/se.csbe.qc.ca\/universsocial\/wp-json\/wp\/v2\/pages"}],"about":[{"href":"https:\/\/se.csbe.qc.ca\/universsocial\/wp-json\/wp\/v2\/types\/page"}],"author":[{"embeddable":true,"href":"https:\/\/se.csbe.qc.ca\/universsocial\/wp-json\/wp\/v2\/users\/209"}],"replies":[{"embeddable":true,"href":"https:\/\/se.csbe.qc.ca\/universsocial\/wp-json\/wp\/v2\/comments?post=5794"}],"version-history":[{"count":1,"href":"https:\/\/se.csbe.qc.ca\/universsocial\/wp-json\/wp\/v2\/pages\/5794\/revisions"}],"predecessor-version":[{"id":5795,"href":"https:\/\/se.csbe.qc.ca\/universsocial\/wp-json\/wp\/v2\/pages\/5794\/revisions\/5795"}],"wp:attachment":[{"href":"https:\/\/se.csbe.qc.ca\/universsocial\/wp-json\/wp\/v2\/media?parent=5794"}],"curies":[{"name":"wp","href":"https:\/\/api.w.org\/{rel}","templated":true}]}}