{"id":5792,"date":"2017-05-19T10:11:15","date_gmt":"2017-05-19T14:11:15","guid":{"rendered":"https:\/\/se.csbe.qc.ca\/universsocial\/?page_id=5792"},"modified":"2017-05-19T10:11:15","modified_gmt":"2017-05-19T14:11:15","slug":"1945-a-1980-la-modernisation-du-quebec-et-la-revolution-tranquille","status":"publish","type":"page","link":"https:\/\/se.csbe.qc.ca\/universsocial\/1945-a-1980-la-modernisation-du-quebec-et-la-revolution-tranquille\/","title":{"rendered":"1945 \u00e0 1980 : La modernisation du Qu\u00e9bec et la R\u00e9volution tranquille"},"content":{"rendered":"<div class=\"page-restrict-output\"><\/div>","protected":false},"excerpt":{"rendered":"<div class=\"page-restrict-output\"><\/div>","protected":false},"author":209,"featured_media":0,"parent":0,"menu_order":0,"comment_status":"closed","ping_status":"closed","template":"","meta":{"footnotes":""},"class_list":["post-5792","page","type-page","status-publish","hentry","nodate","item-wrap"],"_links":{"self":[{"href":"https:\/\/se.csbe.qc.ca\/universsocial\/wp-json\/wp\/v2\/pages\/5792","targetHints":{"allow":["GET"]}}],"collection":[{"href":"https:\/\/se.csbe.qc.ca\/universsocial\/wp-json\/wp\/v2\/pages"}],"about":[{"href":"https:\/\/se.csbe.qc.ca\/universsocial\/wp-json\/wp\/v2\/types\/page"}],"author":[{"embeddable":true,"href":"https:\/\/se.csbe.qc.ca\/universsocial\/wp-json\/wp\/v2\/users\/209"}],"replies":[{"embeddable":true,"href":"https:\/\/se.csbe.qc.ca\/universsocial\/wp-json\/wp\/v2\/comments?post=5792"}],"version-history":[{"count":1,"href":"https:\/\/se.csbe.qc.ca\/universsocial\/wp-json\/wp\/v2\/pages\/5792\/revisions"}],"predecessor-version":[{"id":5793,"href":"https:\/\/se.csbe.qc.ca\/universsocial\/wp-json\/wp\/v2\/pages\/5792\/revisions\/5793"}],"wp:attachment":[{"href":"https:\/\/se.csbe.qc.ca\/universsocial\/wp-json\/wp\/v2\/media?parent=5792"}],"curies":[{"name":"wp","href":"https:\/\/api.w.org\/{rel}","templated":true}]}}