{"id":5790,"date":"2017-05-19T10:10:32","date_gmt":"2017-05-19T14:10:32","guid":{"rendered":"https:\/\/se.csbe.qc.ca\/universsocial\/?page_id=5790"},"modified":"2018-01-09T14:19:01","modified_gmt":"2018-01-09T19:19:01","slug":"1896-1945-les-nationalismes-et-lautonomie-du-canada","status":"publish","type":"page","link":"https:\/\/se.csbe.qc.ca\/universsocial\/1896-1945-les-nationalismes-et-lautonomie-du-canada\/","title":{"rendered":"1896-1945 : Les nationalismes et l&rsquo;autonomie du Canada"},"content":{"rendered":"<div class=\"page-restrict-output\"><h3><strong>Dossier documentaire r\u00e9alis\u00e9 par le R\u00c9CIT de l&rsquo;univers social<\/strong><\/h3>\n<p><a href=\"https:\/\/se.csbe.qc.ca\/universsocial\/files\/2018\/01\/Collection-de-documents-1896-\u00e0-1945.docx\">Collection de documents (1896 \u00e0 1945)<\/a><\/p>\n<\/div>","protected":false},"excerpt":{"rendered":"<div class=\"page-restrict-output\"><p>Dossier documentaire r\u00e9alis\u00e9 par le R\u00c9CIT de l&rsquo;univers social Collection de documents (1896 \u00e0 1945)<\/p>\n<\/div>","protected":false},"author":209,"featured_media":0,"parent":0,"menu_order":0,"comment_status":"closed","ping_status":"closed","template":"","meta":{"footnotes":""},"class_list":["post-5790","page","type-page","status-publish","hentry","nodate","item-wrap"],"_links":{"self":[{"href":"https:\/\/se.csbe.qc.ca\/universsocial\/wp-json\/wp\/v2\/pages\/5790","targetHints":{"allow":["GET"]}}],"collection":[{"href":"https:\/\/se.csbe.qc.ca\/universsocial\/wp-json\/wp\/v2\/pages"}],"about":[{"href":"https:\/\/se.csbe.qc.ca\/universsocial\/wp-json\/wp\/v2\/types\/page"}],"author":[{"embeddable":true,"href":"https:\/\/se.csbe.qc.ca\/universsocial\/wp-json\/wp\/v2\/users\/209"}],"replies":[{"embeddable":true,"href":"https:\/\/se.csbe.qc.ca\/universsocial\/wp-json\/wp\/v2\/comments?post=5790"}],"version-history":[{"count":2,"href":"https:\/\/se.csbe.qc.ca\/universsocial\/wp-json\/wp\/v2\/pages\/5790\/revisions"}],"predecessor-version":[{"id":6406,"href":"https:\/\/se.csbe.qc.ca\/universsocial\/wp-json\/wp\/v2\/pages\/5790\/revisions\/6406"}],"wp:attachment":[{"href":"https:\/\/se.csbe.qc.ca\/universsocial\/wp-json\/wp\/v2\/media?parent=5790"}],"curies":[{"name":"wp","href":"https:\/\/api.w.org\/{rel}","templated":true}]}}