{"id":5771,"date":"2017-05-18T11:37:32","date_gmt":"2017-05-18T15:37:32","guid":{"rendered":"https:\/\/se.csbe.qc.ca\/universsocial\/?page_id=5771"},"modified":"2019-03-12T14:55:49","modified_gmt":"2019-03-12T18:55:49","slug":"operations-intellectuelles-hqc","status":"publish","type":"page","link":"https:\/\/se.csbe.qc.ca\/universsocial\/operations-intellectuelles-hqc\/","title":{"rendered":"Op\u00e9rations intellectuelles HQC"},"content":{"rendered":"<div class=\"page-restrict-output\"><h3>AFFICHES<\/h3>\n<h3><\/h3>\n<h3>Voici les affiches de la CSBE remani\u00e9es pour couvrir les op\u00e9rations intellectuelles du <em>Cadre d\u2019\u00e9valuation des apprentissages<\/em> du cours <em>Histoire du Qu\u00e9bec et du Canada<\/em> de 3e secondaire.<\/h3>\n<h3>Des d\u00e9marches qui s&rsquo;adressent \u00e0 l&rsquo;\u00e9l\u00e8ve pour r\u00e9pondre \u00e0 chacune de ces OI vous sont \u00e9galement propos\u00e9es.<\/h3>\n<h3><a href=\"https:\/\/se.csbe.qc.ca\/universsocial\/files\/2016\/05\/Affiches-Op\u00e9rations-intellectuelles-HQC.docx\">Affiches-Op\u00e9rations-intellectuelles-HQC<\/a><\/h3>\n<h3>D\u00e9marches &#8211; Op\u00e9rations intellectuelles:<\/h3>\n<h3><a href=\"https:\/\/se.csbe.qc.ca\/universsocial\/files\/2016\/05\/D\u00e9gager-des-diff\u00e9rences-et-des-similitudes.docx\">D\u00e9gager des diff\u00e9rences et des similitudes<\/a><\/h3>\n<h3><a href=\"https:\/\/se.csbe.qc.ca\/universsocial\/files\/2016\/05\/D\u00e9terminer-des-causes.docx\">D\u00e9terminer des causes<\/a><\/h3>\n<h3><a href=\"https:\/\/se.csbe.qc.ca\/universsocial\/files\/2016\/05\/D\u00e9terminer-des-continuit\u00e9s.docx\">D\u00e9terminer des continuit\u00e9s<\/a><\/h3>\n<h3><a href=\"https:\/\/se.csbe.qc.ca\/universsocial\/files\/2016\/05\/\u00c9tablir-des-faits.docx\">\u00c9tablir des faits<\/a><\/h3>\n<h3><a href=\"https:\/\/se.csbe.qc.ca\/universsocial\/files\/2016\/05\/\u00c9tablir-des-liens-de-causalit\u00e9.docx\">\u00c9tablir des liens de causalit\u00e9<\/a><\/h3>\n<h3><a href=\"https:\/\/se.csbe.qc.ca\/universsocial\/files\/2016\/05\/Mettre-en-relation-des-faits.docx\">Mettre en relation des faits<\/a><\/h3>\n<h3><a href=\"https:\/\/se.csbe.qc.ca\/universsocial\/files\/2016\/05\/Situer.docx\">Situer<\/a><\/h3>\n<hr \/>\n<h3>Banque de questions et activit\u00e9s produits par des enseignants de la CSBE pour travailler les OI plus difficiles.\u00a0 Merci \u00e0 Diane Colgan, Jean-Guy No\u00ebl, Francis Nadeau, Ren\u00e9-Claude Grenon et\u00a0Patrick Pelletier pour la production de ces belles ressources!<\/h3>\n<h3><a href=\"https:\/\/se.csbe.qc.ca\/universsocial\/files\/2018\/03\/HQC3_1608-1760_Ligne-du-temps-2ens..docx\">HQC3_1608-1760_Ligne du temps 2(ens.)<\/a><\/h3>\n<h3><a href=\"https:\/\/se.csbe.qc.ca\/universsocial\/files\/2018\/03\/HQC3_1608-1760_Ligne-du-temps-2.docx\">HQC3_1608-1760_Ligne du temps 2<\/a><\/h3>\n<h3><a href=\"https:\/\/se.csbe.qc.ca\/universsocial\/files\/2018\/03\/HQC3_1760-1791_Ligne-de-temps-3-\u00e9l\u00e8ve.docx\">HQC3_1760-1791_Ligne de temps 3 (\u00e9l\u00e8ve)<\/a><\/h3>\n<h3><a href=\"https:\/\/se.csbe.qc.ca\/universsocial\/files\/2018\/03\/HQC3_1760-1791_Ligne-de-temps-3-ens..docx\">HQC3_1760-1791_Ligne de temps 3 (ens.)<\/a><\/h3>\n<h3><a href=\"https:\/\/se.csbe.qc.ca\/universsocial\/files\/2018\/03\/HQC3_1791-1840_Ligne-de-temps-4-\u00e9l\u00e8ve.docx\">HQC3_1791-1840_Ligne de temps 4 (\u00e9l\u00e8ve)<\/a><\/h3>\n<h3><a href=\"https:\/\/se.csbe.qc.ca\/universsocial\/files\/2018\/03\/HQC3_1791-1840_Ligne-de-temps-4-ens..docx\">HQC3_1791-1840_Ligne de temps 4 (ens.)<\/a><\/h3>\n<h3><a href=\"https:\/\/se.csbe.qc.ca\/universsocial\/files\/2018\/03\/HQC3_Des-origines-\u00e0-1608_Ligne-du-temps-1-\u00e9l\u00e8ve.docx\">HQC3_Des origines \u00e0 1608_Ligne du temps 1 (\u00e9l\u00e8ve)<\/a><\/h3>\n<h3><a href=\"https:\/\/se.csbe.qc.ca\/universsocial\/files\/2018\/03\/HQC3_Des-origines-\u00e0-1608_Ligne-du-temps-1-ens..docx\">HQC3_Des origines \u00e0 1608_Ligne du temps 1 (ens.)<\/a><\/h3>\n<h3><a href=\"https:\/\/se.csbe.qc.ca\/universsocial\/files\/2018\/03\/HQC3_Ligne-du-temps-humaine_R\u00e9alit\u00e9-2.pptx\">HQC3_Ligne du temps humaine_R\u00e9alit\u00e9 2<\/a><\/h3>\n<h3><a href=\"https:\/\/se.csbe.qc.ca\/universsocial\/files\/2018\/03\/HQC3_Ligne-humaine_R\u00e9alit\u00e9-3.pptx\">HQC3_Ligne humaine_R\u00e9alit\u00e9 3<\/a><\/h3>\n<h3><a href=\"https:\/\/se.csbe.qc.ca\/universsocial\/files\/2018\/03\/HQC3_Causes_Cons\u00e9quences.docx\">HQC3_Causes_Cons\u00e9quences<\/a> <a href=\"https:\/\/se.csbe.qc.ca\/universsocial\/files\/2018\/03\/HQC3_Similitudes_Diff\u00e9rences.docx\">HQC3_Similitudes_Diff\u00e9rences<\/a><\/h3>\n<hr \/>\n<h3>ACTIVIT\u00c9S<\/h3>\n<h3><strong>HQC3 et HQC4 \u2013 CENT activit\u00e9s pour travailler les op\u00e9rations intellectuelles<\/strong><\/h3>\n<h3><\/h3>\n<h3>La Commission scolaire de Laval et la Commission scolaire de la Seigneurie des Mille-\u00celes ont offert un atelier lors du congr\u00e8s de l\u2019AQEUS o\u00f9 ils ont pr\u00e9sent\u00e9 des ressources pour travailler les op\u00e9rations intellectuelles.<\/h3>\n<h3><\/h3>\n<h3>Voici le lien vers la pr\u00e9sentation\u00a0: bit.ly\/AQEUS203<\/h3>\n<h3>Les fichiers ont \u00e9t\u00e9 d\u00e9pos\u00e9s sur Onedrive : <a href=\"https:\/\/csbe5-my.sharepoint.com\/:f:\/g\/personal\/claudine_goupil_csbe_qc_ca\/EtI7__mqKFdBqLP9TPWnyqQBJXknsUzwkTSTHlVyLDLlZQ?e=DcmwMU\" target=\"_blank\" rel=\"noopener noreferrer\">https:\/\/csbe5-my.sharepoint.com\/:f:\/g\/personal\/claudine_goupil_csbe_qc_ca\/EtI7__mqKFdBqLP9TPWnyqQBJXknsUzwkTSTHlVyLDLlZQ?e=DcmwMU<\/a><\/h3>\n<h3><strong>2<sup>e<\/sup> cycle<\/strong> (\u00b185 fiches)<\/h3>\n<ul>\n<li>\n<h3>2<sup>e<\/sup> cycle : inventaire : <a href=\"https:\/\/goo.gl\/jRkQ0g\">https:\/\/goo.gl\/jRkQ0g<\/a><\/h3>\n<\/li>\n<li>\n<h3>3<sup>e<\/sup> secondaire : <a href=\"https:\/\/goo.gl\/6SpgcK\">https:\/\/goo.gl\/6SpgcK<\/a><\/h3>\n<\/li>\n<li>\n<h3>4<sup>e<\/sup> secondaire : <a href=\"https:\/\/goo.gl\/Ms9gBC\">https:\/\/goo.gl\/Ms9gBC<\/a><\/h3>\n<\/li>\n<li>\n<h3>Exemple de diff\u00e9renciation (2<sup>e<\/sup> cycle) : <a href=\"https:\/\/goo.gl\/AUxwpR\">https:\/\/goo.gl\/AUxwpR<\/a><\/h3>\n<\/li>\n<li>\n<h3>Exemples d\u00e9contextualis\u00e9s pour modelage : <a href=\"https:\/\/goo.gl\/FmnLSe\">https:\/\/goo.gl\/FmnLSe<\/a><\/h3>\n<\/li>\n<li>\n<h3><a href=\"https:\/\/docs.google.com\/document\/d\/16h4uqjbZTu8R6S6-xOG32_2QPNNoiScx4nCB6xbLbOg\/edit\">Jeu de type \u00ab\u00a0Timeline\u00a0\u00bb<\/a><\/h3>\n<\/li>\n<li>\n<h3><a href=\"https:\/\/docs.google.com\/document\/d\/1M5ZCJaXMtAk4qAyayirAww4n8kG6PgFrHf4p2uonvRs\/edit?usp=sharing\">Jeu de type \u00ab\u00a0Quelques arpents de pi\u00e8ge\u00a0\u00bb<\/a><\/h3>\n<\/li>\n<li>\n<h3><a href=\"https:\/\/docs.google.com\/document\/d\/1auP26cSVCKdoy2Q275QsuamtmuDHY1DsANJPI015y0o\/edit?usp=sharing\">Questionner<\/a><\/h3>\n<\/li>\n<\/ul>\n<!-- WP Attachments -->\r\n        <div style=\"width:100%;margin:10px 0 10px 0;\">\r\n            <h3>Attachments<\/h3>\r\n        <ul class=\"post-attachments\"><li class=\"post-attachment mime-application-vnd-openxmlformats-officedocument-wordprocessingml-document\"><a href=\"https:\/\/se.csbe.qc.ca\/universsocial\/files\/2018\/03\/HQC3_Causes_Cons\u00e9quences.docx\">HQC3_Causes_Cons\u00e9quences<\/a> <small>(6 MB)<\/small><\/li><li class=\"post-attachment mime-application-vnd-openxmlformats-officedocument-wordprocessingml-document\"><a href=\"https:\/\/se.csbe.qc.ca\/universsocial\/files\/2018\/03\/HQC3_Similitudes_Diff\u00e9rences.docx\">HQC3_Similitudes_Diff\u00e9rences<\/a> <small>(493 kB)<\/small><\/li><li class=\"post-attachment mime-application-vnd-openxmlformats-officedocument-presentationml-presentation\"><a href=\"https:\/\/se.csbe.qc.ca\/universsocial\/files\/2018\/03\/HQC3_Ligne-du-temps-humaine_R\u00e9alit\u00e9-2.pptx\">HQC3_Ligne du temps humaine_R\u00e9alit\u00e9 2<\/a> <small>(209 kB)<\/small><\/li><li class=\"post-attachment mime-application-vnd-openxmlformats-officedocument-presentationml-presentation\"><a href=\"https:\/\/se.csbe.qc.ca\/universsocial\/files\/2018\/03\/HQC3_Ligne-humaine_R\u00e9alit\u00e9-3.pptx\">HQC3_Ligne humaine_R\u00e9alit\u00e9 3<\/a> <small>(2 MB)<\/small><\/li><li class=\"post-attachment mime-application-vnd-openxmlformats-officedocument-wordprocessingml-document\"><a href=\"https:\/\/se.csbe.qc.ca\/universsocial\/files\/2018\/03\/HQC3_1608-1760_Ligne-du-temps-2ens..docx\">HQC3_1608-1760_Ligne du temps 2(ens.)<\/a> <small>(294 kB)<\/small><\/li><li class=\"post-attachment mime-application-vnd-openxmlformats-officedocument-wordprocessingml-document\"><a href=\"https:\/\/se.csbe.qc.ca\/universsocial\/files\/2018\/03\/HQC3_1608-1760_Ligne-du-temps-2.docx\">HQC3_1608-1760_Ligne du temps 2<\/a> <small>(293 kB)<\/small><\/li><li class=\"post-attachment mime-application-vnd-openxmlformats-officedocument-wordprocessingml-document\"><a href=\"https:\/\/se.csbe.qc.ca\/universsocial\/files\/2018\/03\/HQC3_1760-1791_Ligne-de-temps-3-\u00e9l\u00e8ve.docx\">HQC3_1760-1791_Ligne de temps 3 (\u00e9l\u00e8ve)<\/a> <small>(329 kB)<\/small><\/li><li class=\"post-attachment mime-application-vnd-openxmlformats-officedocument-wordprocessingml-document\"><a href=\"https:\/\/se.csbe.qc.ca\/universsocial\/files\/2018\/03\/HQC3_1760-1791_Ligne-de-temps-3-ens..docx\">HQC3_1760-1791_Ligne de temps 3 (ens.)<\/a> <small>(329 kB)<\/small><\/li><li class=\"post-attachment mime-application-vnd-openxmlformats-officedocument-wordprocessingml-document\"><a href=\"https:\/\/se.csbe.qc.ca\/universsocial\/files\/2018\/03\/HQC3_1791-1840_Ligne-de-temps-4-\u00e9l\u00e8ve.docx\">HQC3_1791-1840_Ligne de temps 4 (\u00e9l\u00e8ve)<\/a> <small>(170 kB)<\/small><\/li><li class=\"post-attachment mime-application-vnd-openxmlformats-officedocument-wordprocessingml-document\"><a href=\"https:\/\/se.csbe.qc.ca\/universsocial\/files\/2018\/03\/HQC3_1791-1840_Ligne-de-temps-4-ens..docx\">HQC3_1791-1840_Ligne de temps 4 (ens.)<\/a> <small>(170 kB)<\/small><\/li><li class=\"post-attachment mime-application-vnd-openxmlformats-officedocument-wordprocessingml-document\"><a href=\"https:\/\/se.csbe.qc.ca\/universsocial\/files\/2018\/03\/HQC3_Des-origines-\u00e0-1608_Ligne-du-temps-1-\u00e9l\u00e8ve.docx\">HQC3_Des origines \u00e0 1608_Ligne du temps 1 (\u00e9l\u00e8ve)<\/a> <small>(237 kB)<\/small><\/li><li class=\"post-attachment mime-application-vnd-openxmlformats-officedocument-wordprocessingml-document\"><a href=\"https:\/\/se.csbe.qc.ca\/universsocial\/files\/2018\/03\/HQC3_Des-origines-\u00e0-1608_Ligne-du-temps-1-ens..docx\">HQC3_Des origines \u00e0 1608_Ligne du temps 1 (ens.)<\/a> <small>(237 kB)<\/small><\/li><\/ul><\/div><\/div>","protected":false},"excerpt":{"rendered":"<div class=\"page-restrict-output\"><p>AFFICHES Voici les affiches de la CSBE remani\u00e9es pour couvrir les op\u00e9rations intellectuelles du Cadre d\u2019\u00e9valuation des apprentissages du cours Histoire du Qu\u00e9bec et du Canada de 3e secondaire. Des d\u00e9marches qui s&rsquo;adressent \u00e0 l&rsquo;\u00e9l\u00e8ve pour r\u00e9pondre \u00e0 chacune de ces OI vous sont \u00e9galement propos\u00e9es. Affiches-Op\u00e9rations-intellectuelles-HQC D\u00e9marches &#8211; Op\u00e9rations intellectuelles: D\u00e9gager des diff\u00e9rences et &hellip; <\/p>\n<p><a class=\"more-link btn\" href=\"https:\/\/se.csbe.qc.ca\/universsocial\/operations-intellectuelles-hqc\/\">Lire la suite<\/a><\/p>\n<\/div>","protected":false},"author":209,"featured_media":0,"parent":0,"menu_order":0,"comment_status":"closed","ping_status":"closed","template":"","meta":{"footnotes":""},"class_list":["post-5771","page","type-page","status-publish","hentry","nodate","item-wrap"],"_links":{"self":[{"href":"https:\/\/se.csbe.qc.ca\/universsocial\/wp-json\/wp\/v2\/pages\/5771","targetHints":{"allow":["GET"]}}],"collection":[{"href":"https:\/\/se.csbe.qc.ca\/universsocial\/wp-json\/wp\/v2\/pages"}],"about":[{"href":"https:\/\/se.csbe.qc.ca\/universsocial\/wp-json\/wp\/v2\/types\/page"}],"author":[{"embeddable":true,"href":"https:\/\/se.csbe.qc.ca\/universsocial\/wp-json\/wp\/v2\/users\/209"}],"replies":[{"embeddable":true,"href":"https:\/\/se.csbe.qc.ca\/universsocial\/wp-json\/wp\/v2\/comments?post=5771"}],"version-history":[{"count":7,"href":"https:\/\/se.csbe.qc.ca\/universsocial\/wp-json\/wp\/v2\/pages\/5771\/revisions"}],"predecessor-version":[{"id":6811,"href":"https:\/\/se.csbe.qc.ca\/universsocial\/wp-json\/wp\/v2\/pages\/5771\/revisions\/6811"}],"wp:attachment":[{"href":"https:\/\/se.csbe.qc.ca\/universsocial\/wp-json\/wp\/v2\/media?parent=5771"}],"curies":[{"name":"wp","href":"https:\/\/api.w.org\/{rel}","templated":true}]}}