{"id":5670,"date":"2017-04-11T09:26:17","date_gmt":"2017-04-11T13:26:17","guid":{"rendered":"https:\/\/se.csbe.qc.ca\/universsocial\/?page_id=5670"},"modified":"2017-04-11T09:26:17","modified_gmt":"2017-04-11T13:26:17","slug":"histoire-1er-cycle-revision-recitus","status":"publish","type":"page","link":"https:\/\/se.csbe.qc.ca\/universsocial\/histoire-1er-cycle-revision-recitus\/","title":{"rendered":"Histoire 1er cycle : R\u00e9vision (R\u00e9citus)"},"content":{"rendered":"<div class=\"page-restrict-output\"><h3>R\u00e9vision en histoire de 1re et de 2e secondaire (questions \u00e0 r\u00e9ponse courte) du R\u00e9citus<\/h3>\n<h3>1re secondaire<\/h3>\n<h3><a href=\"http:\/\/documents.recitus.qc.ca\/board\/sebastien91\/questions-%C3%A0-r%C3%A9ponse-courte-r%C3%A9vision-1re-secondaire\/4468\" target=\"_blank\">http:\/\/documents.recitus.qc.ca\/board\/sebastien91\/questions-%C3%A0-r%C3%A9ponse-courte-r%C3%A9vision-1re-secondaire\/4468<\/a><\/h3>\n<h3><\/h3>\n<h3>2e secondaire<\/h3>\n<h3><a href=\"http:\/\/documents.recitus.qc.ca\/board\/recitus\/r%C3%A9vision-histoire-2e-secondaire-questions-courtes\/4479\" target=\"_blank\">http:\/\/documents.recitus.qc.ca\/board\/recitus\/r%C3%A9vision-histoire-2e-secondaire-questions-courtes\/4479<\/a><\/h3>\n<p>&nbsp;<\/p>\n<\/div>","protected":false},"excerpt":{"rendered":"<div class=\"page-restrict-output\"><p>R\u00e9vision en histoire de 1re et de 2e secondaire (questions \u00e0 r\u00e9ponse courte) du R\u00e9citus 1re secondaire http:\/\/documents.recitus.qc.ca\/board\/sebastien91\/questions-%C3%A0-r%C3%A9ponse-courte-r%C3%A9vision-1re-secondaire\/4468 2e secondaire http:\/\/documents.recitus.qc.ca\/board\/recitus\/r%C3%A9vision-histoire-2e-secondaire-questions-courtes\/4479 &nbsp;<\/p>\n<\/div>","protected":false},"author":209,"featured_media":0,"parent":0,"menu_order":0,"comment_status":"closed","ping_status":"closed","template":"","meta":{"footnotes":""},"class_list":["post-5670","page","type-page","status-publish","hentry","nodate","item-wrap"],"_links":{"self":[{"href":"https:\/\/se.csbe.qc.ca\/universsocial\/wp-json\/wp\/v2\/pages\/5670","targetHints":{"allow":["GET"]}}],"collection":[{"href":"https:\/\/se.csbe.qc.ca\/universsocial\/wp-json\/wp\/v2\/pages"}],"about":[{"href":"https:\/\/se.csbe.qc.ca\/universsocial\/wp-json\/wp\/v2\/types\/page"}],"author":[{"embeddable":true,"href":"https:\/\/se.csbe.qc.ca\/universsocial\/wp-json\/wp\/v2\/users\/209"}],"replies":[{"embeddable":true,"href":"https:\/\/se.csbe.qc.ca\/universsocial\/wp-json\/wp\/v2\/comments?post=5670"}],"version-history":[{"count":1,"href":"https:\/\/se.csbe.qc.ca\/universsocial\/wp-json\/wp\/v2\/pages\/5670\/revisions"}],"predecessor-version":[{"id":5671,"href":"https:\/\/se.csbe.qc.ca\/universsocial\/wp-json\/wp\/v2\/pages\/5670\/revisions\/5671"}],"wp:attachment":[{"href":"https:\/\/se.csbe.qc.ca\/universsocial\/wp-json\/wp\/v2\/media?parent=5670"}],"curies":[{"name":"wp","href":"https:\/\/api.w.org\/{rel}","templated":true}]}}