{"id":5613,"date":"2017-03-24T12:47:47","date_gmt":"2017-03-24T16:47:47","guid":{"rendered":"https:\/\/se.csbe.qc.ca\/universsocial\/?page_id=5613"},"modified":"2017-03-24T12:47:47","modified_gmt":"2017-03-24T16:47:47","slug":"sae-la-pensee-critique-en-histoire-analyse-dassassins-creed-iii","status":"publish","type":"page","link":"https:\/\/se.csbe.qc.ca\/universsocial\/sae-la-pensee-critique-en-histoire-analyse-dassassins-creed-iii\/","title":{"rendered":"SA\u00c9 &#8211; LA PENS\u00c9E CRITIQUE EN HISTOIRE : ANALYSE D\u2019ASSASSIN\u2019S CREED III"},"content":{"rendered":"<div class=\"page-restrict-output\"><h4>Super int\u00e9ressant !<\/h4>\n<h4>Mathieu Beaus\u00e9jour, enseignant en univers social d&rsquo;une autre CS du Qu\u00e9bec, propose une SA\u00c9 qui sera utile en 3e secondaire, mais qui pourrait \u00eatre int\u00e9ressante pour le 2e secondaire. L\u2019angle d\u2019entr\u00e9e : La ludification pour travailler l\u2019analyse critique et la m\u00e9thode historique en histoire. Cette SA\u00c9 porte sur la R\u00e9volution am\u00e9ricaine via Assassin\u2019s Creed III.<\/h4>\n<h4>L\u2019\u00e9l\u00e8ve sera amen\u00e9 \u00e0 se questionner sur les causes et les cons\u00e9quences de la R\u00e9volution am\u00e9ricaine via l\u2019analyse de documents de sources primaires et secondaires durant 4 p\u00e9ri<span class=\"text_exposed_show\">odes de 60 minutes. Par la m\u00eame occasion, il sera confront\u00e9 \u00e0 l\u2019invasion de la Province of Quebec et \u00e0 l\u2019arriv\u00e9e de milliers de loyalistes au Canada.<\/span><\/h4>\n<div class=\"text_exposed_show\">\n<h4>Toutes les capsules vid\u00e9os sont disponibles via la cha\u00eene Youtube de Productions d\u2019Iberville : <a href=\"https:\/\/www.youtube.com\/channel\/UCdn-wNB3gn8JgsTozHQQ3IQ\/videos?view_as=subscriber\" target=\"_blank\" rel=\"nofollow noopener\">https:\/\/www.youtube.com\/ch\u2026\/UCdn-wNB3gn8JgsTozHQQ3IQ\/videos\u2026<\/a><\/h4>\n<h4>Voyez le montage (gameplay) utilis\u00e9 en classe:<\/h4>\n<div class=\"embed-container\"><iframe loading=\"lazy\" title=\"SA\u00c9 - La pens\u00e9e critique en histoire - ACIII (2018)\" width=\"652\" height=\"367\" src=\"https:\/\/www.youtube.com\/embed\/T-ctH6YpYDU?feature=oembed\" frameborder=\"0\" allow=\"accelerometer; autoplay; clipboard-write; encrypted-media; gyroscope; picture-in-picture; web-share\" referrerpolicy=\"strict-origin-when-cross-origin\" allowfullscreen><\/iframe><\/div>\n<h4><a href=\"https:\/\/www.youtube.com\/watch?v=T-ctH6YpYDU&amp;t=816s\" target=\"_blank\" rel=\"nofollow noopener\">https:\/\/www.youtube.com\/watch?v=T-ctH6YpYDU&amp;t=816s<\/a><\/h4>\n<\/div>\n<h2><strong>Documents :\u00a0<a href=\"https:\/\/se.csbe.qc.ca\/universsocial\/files\/2017\/03\/SAE\u0301-La-pense\u0301e-critique-en-histoire-ACIII-1.docx\">SAE\u0301 &#8211; La pense\u0301e critique en histoire &#8211; ACIII (1)<\/a><\/strong><\/h2>\n<\/div>","protected":false},"excerpt":{"rendered":"<div class=\"page-restrict-output\"><p>Super int\u00e9ressant ! Mathieu Beaus\u00e9jour, enseignant en univers social d&rsquo;une autre CS du Qu\u00e9bec, propose une SA\u00c9 qui sera utile en 3e secondaire, mais qui pourrait \u00eatre int\u00e9ressante pour le 2e secondaire. L\u2019angle d\u2019entr\u00e9e : La ludification pour travailler l\u2019analyse critique et la m\u00e9thode historique en histoire. Cette SA\u00c9 porte sur la R\u00e9volution am\u00e9ricaine via &hellip; <\/p>\n<p><a class=\"more-link btn\" href=\"https:\/\/se.csbe.qc.ca\/universsocial\/sae-la-pensee-critique-en-histoire-analyse-dassassins-creed-iii\/\">Lire la suite<\/a><\/p>\n<\/div>","protected":false},"author":209,"featured_media":0,"parent":0,"menu_order":0,"comment_status":"closed","ping_status":"closed","template":"","meta":{"footnotes":""},"class_list":["post-5613","page","type-page","status-publish","hentry","nodate","item-wrap"],"_links":{"self":[{"href":"https:\/\/se.csbe.qc.ca\/universsocial\/wp-json\/wp\/v2\/pages\/5613","targetHints":{"allow":["GET"]}}],"collection":[{"href":"https:\/\/se.csbe.qc.ca\/universsocial\/wp-json\/wp\/v2\/pages"}],"about":[{"href":"https:\/\/se.csbe.qc.ca\/universsocial\/wp-json\/wp\/v2\/types\/page"}],"author":[{"embeddable":true,"href":"https:\/\/se.csbe.qc.ca\/universsocial\/wp-json\/wp\/v2\/users\/209"}],"replies":[{"embeddable":true,"href":"https:\/\/se.csbe.qc.ca\/universsocial\/wp-json\/wp\/v2\/comments?post=5613"}],"version-history":[{"count":1,"href":"https:\/\/se.csbe.qc.ca\/universsocial\/wp-json\/wp\/v2\/pages\/5613\/revisions"}],"predecessor-version":[{"id":5614,"href":"https:\/\/se.csbe.qc.ca\/universsocial\/wp-json\/wp\/v2\/pages\/5613\/revisions\/5614"}],"wp:attachment":[{"href":"https:\/\/se.csbe.qc.ca\/universsocial\/wp-json\/wp\/v2\/media?parent=5613"}],"curies":[{"name":"wp","href":"https:\/\/api.w.org\/{rel}","templated":true}]}}