{"id":5364,"date":"2017-02-07T14:56:29","date_gmt":"2017-02-07T19:56:29","guid":{"rendered":"https:\/\/se.csbe.qc.ca\/universsocial\/?page_id=5364"},"modified":"2018-01-29T15:11:10","modified_gmt":"2018-01-29T20:11:10","slug":"enseignement-explicite-des-oi-csdl","status":"publish","type":"page","link":"https:\/\/se.csbe.qc.ca\/universsocial\/enseignement-explicite-des-oi-csdl\/","title":{"rendered":"Enseignement explicite des OI (CSDL)"},"content":{"rendered":"<div class=\"page-restrict-output\"><h3>Merci \u00e0 Simon Boisier-Michaud pour ce partage!<\/h3>\n<h3>La Commission scolaire de Laval et la Commission scolaire de la Seigneurie des Mille-\u00celes ont offert un atelier lors du congr\u00e8s de l\u2019AQEUS o\u00f9 ils ont pr\u00e9sent\u00e9 des ressources pour travailler les op\u00e9rations intellectuelles.<\/h3>\n<h3>Vous y trouverez des affiches, une d\u00e9marche d&rsquo;enseignement explicite pour chaque op\u00e9ration intellectuelle de m\u00eame qu&rsquo;une banque d&rsquo;activit\u00e9s pour travailler la compr\u00e9hension des OI aux premier et deuxi\u00e8me cycle du secondaire.<\/h3>\n<p>Vous pouvez consulter les fichiers t\u00e9l\u00e9vers\u00e9 tout en bas de la page, mais vous trouverez des versions \u00e0 jour dans les liens ci-dessous :<\/p>\n<h3>Voici le lien vers la pr\u00e9sentation\u00a0: bit.ly\/AQEUS203<\/h3>\n<h3>1<sup>er<\/sup> cycle (\u00b140 fiches)<\/h3>\n<ul>\n<li>Inventaire : <a href=\"https:\/\/goo.gl\/R2nb1i\">https:\/\/goo.gl\/R2nb1i<\/a><\/li>\n<li>1<sup>re<\/sup> secondaire : <a href=\"https:\/\/goo.gl\/m4W43t\">https:\/\/goo.gl\/m4W43t<\/a><\/li>\n<li>2<sup>e<\/sup> secondaire : <a href=\"https:\/\/goo.gl\/ZPNc44\">https:\/\/goo.gl\/ZPNc44<\/a><\/li>\n<li>G\u00e9ographie : <a href=\"https:\/\/goo.gl\/GmBvQr\">https:\/\/goo.gl\/GmBvQr<\/a><\/li>\n<li>Exemple de diff\u00e9renciation (1<sup>er<\/sup> cycle) : <a href=\"https:\/\/goo.gl\/cFNRxz\">https:\/\/goo.gl\/cFNRxz<\/a><\/li>\n<\/ul>\n<h3>2<sup>e<\/sup> cycle (\u00b185 fiches)<\/h3>\n<ul>\n<li>2<sup>e<\/sup> cycle : inventaire : <a href=\"https:\/\/goo.gl\/jRkQ0g\">https:\/\/goo.gl\/jRkQ0g<\/a><\/li>\n<li>3<sup>e<\/sup> secondaire : <a href=\"https:\/\/goo.gl\/6SpgcK\">https:\/\/goo.gl\/6SpgcK<\/a><\/li>\n<li>4<sup>e<\/sup> secondaire : <a href=\"https:\/\/goo.gl\/Ms9gBC\">https:\/\/goo.gl\/Ms9gBC<\/a><\/li>\n<li>Exemple de diff\u00e9renciation (2<sup>e<\/sup> cycle) : <a href=\"https:\/\/goo.gl\/AUxwpR\">https:\/\/goo.gl\/AUxwpR<\/a><\/li>\n<li>Exemples d\u00e9contextualis\u00e9s pour modelage : <a href=\"https:\/\/goo.gl\/FmnLSe\">https:\/\/goo.gl\/FmnLSe<\/a><\/li>\n<li><a href=\"https:\/\/docs.google.com\/document\/d\/16h4uqjbZTu8R6S6-xOG32_2QPNNoiScx4nCB6xbLbOg\/edit\">Jeu de type \u00ab\u00a0Timeline\u00a0\u00bb<\/a><\/li>\n<li><a href=\"https:\/\/docs.google.com\/document\/d\/1M5ZCJaXMtAk4qAyayirAww4n8kG6PgFrHf4p2uonvRs\/edit?usp=sharing\">Jeu de type \u00ab\u00a0Quelques arpents de pi\u00e8ge\u00a0\u00bb<\/a><\/li>\n<li><a style=\"font-family: inherit;font-size: 12px;font-weight: bold;background-color: #ffffff\" href=\"https:\/\/docs.google.com\/document\/d\/1auP26cSVCKdoy2Q275QsuamtmuDHY1DsANJPI015y0o\/edit?usp=sharing\">Questionner<\/a><\/li>\n<\/ul>\n<h3><\/h3>\n<h3>\u00a0<a href=\"https:\/\/se.csbe.qc.ca\/universsocial\/files\/2017\/02\/Affiches-OI-FINAL.CSDLpdf.pdf\">Affiches OI &#8211; FINAL.CSDLpdf<\/a><\/h3>\n<h3>Premier cycle<\/h3>\n<h3><a href=\"https:\/\/se.csbe.qc.ca\/universsocial\/files\/2017\/02\/1er-cycle-Enseignement-explicite-OI.zip\">1er cycle &#8211; Enseignement explicite OI<\/a><\/h3>\n<h3><a href=\"https:\/\/se.csbe.qc.ca\/universsocial\/files\/2017\/02\/1er-cycle-Fiches-dactivit\u00e9s-OI.zip\">1er cycle &#8211; Fiches d&rsquo;activit\u00e9s OI<\/a><\/h3>\n<h3>Deuxi\u00e8me cycle<\/h3>\n<h3><a href=\"https:\/\/se.csbe.qc.ca\/universsocial\/enseignement-explicite-des-oi-csdl\/2e-cycle-enseignement-explicite-oi\/\" rel=\"attachment wp-att-5365\">2e cycle &#8211; Enseignement explicite OI<\/a><\/h3>\n<h3><a href=\"https:\/\/se.csbe.qc.ca\/universsocial\/files\/2017\/02\/2e-cycle-Fiches-dactivit\u00e9s-OI.zip\">2e cycle &#8211; Fiches d&rsquo;activit\u00e9s OI<\/a><\/h3>\n<p>&nbsp;<\/p>\n<p>&nbsp;<\/p>\n<!-- WP Attachments -->\r\n        <div style=\"width:100%;margin:10px 0 10px 0;\">\r\n            <h3>Attachments<\/h3>\r\n        <ul class=\"post-attachments\"><li class=\"post-attachment mime-application-zip\"><a href=\"https:\/\/se.csbe.qc.ca\/universsocial\/files\/2017\/02\/2e-cycle-Enseignement-explicite-OI.zip\">2e cycle - Enseignement explicite OI<\/a> <small>(30 MB)<\/small><\/li><li class=\"post-attachment mime-application-zip\"><a href=\"https:\/\/se.csbe.qc.ca\/universsocial\/files\/2017\/02\/1er-cycle-Enseignement-explicite-OI.zip\">1er cycle - Enseignement explicite OI<\/a> <small>(60 MB)<\/small><\/li><li class=\"post-attachment mime-application-zip\"><a href=\"https:\/\/se.csbe.qc.ca\/universsocial\/files\/2017\/02\/1er-cycle-Fiches-dactivit\u00e9s-OI.zip\">1er cycle - Fiches d'activit\u00e9s OI<\/a> <small>(7 MB)<\/small><\/li><li class=\"post-attachment mime-application-zip\"><a href=\"https:\/\/se.csbe.qc.ca\/universsocial\/files\/2017\/02\/2e-cycle-Fiches-dactivit\u00e9s-OI.zip\">2e cycle - Fiches d'activit\u00e9s OI<\/a> <small>(38 MB)<\/small><\/li><li class=\"post-attachment mime-application-pdf\"><a href=\"https:\/\/se.csbe.qc.ca\/universsocial\/files\/2017\/02\/Affiches-OI-FINAL.CSDLpdf.pdf\">Affiches OI - FINAL.CSDLpdf<\/a> <small>(328 kB)<\/small><\/li><\/ul><\/div><\/div>","protected":false},"excerpt":{"rendered":"<div class=\"page-restrict-output\"><p>Merci \u00e0 Simon Boisier-Michaud pour ce partage! La Commission scolaire de Laval et la Commission scolaire de la Seigneurie des Mille-\u00celes ont offert un atelier lors du congr\u00e8s de l\u2019AQEUS o\u00f9 ils ont pr\u00e9sent\u00e9 des ressources pour travailler les op\u00e9rations intellectuelles. Vous y trouverez des affiches, une d\u00e9marche d&rsquo;enseignement explicite pour chaque op\u00e9ration intellectuelle de &hellip; <\/p>\n<p><a class=\"more-link btn\" href=\"https:\/\/se.csbe.qc.ca\/universsocial\/enseignement-explicite-des-oi-csdl\/\">Lire la suite<\/a><\/p>\n<\/div>","protected":false},"author":209,"featured_media":0,"parent":0,"menu_order":0,"comment_status":"closed","ping_status":"closed","template":"","meta":{"footnotes":""},"class_list":["post-5364","page","type-page","status-publish","hentry","nodate","item-wrap"],"_links":{"self":[{"href":"https:\/\/se.csbe.qc.ca\/universsocial\/wp-json\/wp\/v2\/pages\/5364","targetHints":{"allow":["GET"]}}],"collection":[{"href":"https:\/\/se.csbe.qc.ca\/universsocial\/wp-json\/wp\/v2\/pages"}],"about":[{"href":"https:\/\/se.csbe.qc.ca\/universsocial\/wp-json\/wp\/v2\/types\/page"}],"author":[{"embeddable":true,"href":"https:\/\/se.csbe.qc.ca\/universsocial\/wp-json\/wp\/v2\/users\/209"}],"replies":[{"embeddable":true,"href":"https:\/\/se.csbe.qc.ca\/universsocial\/wp-json\/wp\/v2\/comments?post=5364"}],"version-history":[{"count":6,"href":"https:\/\/se.csbe.qc.ca\/universsocial\/wp-json\/wp\/v2\/pages\/5364\/revisions"}],"predecessor-version":[{"id":6485,"href":"https:\/\/se.csbe.qc.ca\/universsocial\/wp-json\/wp\/v2\/pages\/5364\/revisions\/6485"}],"wp:attachment":[{"href":"https:\/\/se.csbe.qc.ca\/universsocial\/wp-json\/wp\/v2\/media?parent=5364"}],"curies":[{"name":"wp","href":"https:\/\/api.w.org\/{rel}","templated":true}]}}