{"id":536,"date":"2012-10-31T19:48:08","date_gmt":"2012-10-31T18:48:08","guid":{"rendered":"https:\/\/se.csbe.qc.ca\/universsocial\/?page_id=536"},"modified":"2013-01-14T09:07:48","modified_gmt":"2013-01-14T14:07:48","slug":"sae-nations-unies-monde-contemporain","status":"publish","type":"page","link":"https:\/\/se.csbe.qc.ca\/universsocial\/sae-nations-unies-monde-contemporain\/","title":{"rendered":"SA\u00c9 &#8211; Nations Unies (Monde contemporain)"},"content":{"rendered":"<div class=\"page-restrict-output\"><h2><span style=\"color: #000000;\">Voici une SA\u00c9 portant sur l&rsquo;ONU<\/span><\/h2>\n<h2><\/h2>\n<h2><span style=\"text-decoration: underline;\">Pour y acc\u00e9der, cliquer sur le lien ci-dessous:<\/span><\/h2>\n<h2><em><a href=\"https:\/\/se.csbe.qc.ca\/universsocial\/files\/2012\/10\/SA\u00c9-Nations-Unies.zip\">SA\u00c9 &#8211; Nations Unies<\/a><\/em><\/h2>\n<!-- WP Attachments -->\r\n        <div style=\"width:100%;margin:10px 0 10px 0;\">\r\n            <h3>Attachments<\/h3>\r\n        <ul class=\"post-attachments\"><li class=\"post-attachment mime-application-zip\"><a href=\"https:\/\/se.csbe.qc.ca\/universsocial\/files\/2012\/10\/SA\u00c9-Nations-Unies.zip\">SA\u00c9 - Nations Unies<\/a> <small>(7 MB)<\/small><\/li><\/ul><\/div><\/div>","protected":false},"excerpt":{"rendered":"<div class=\"page-restrict-output\"><p>Voici une SA\u00c9 portant sur l&rsquo;ONU Pour y acc\u00e9der, cliquer sur le lien ci-dessous: SA\u00c9 &#8211; Nations Unies Attachments SA\u00c9 &#8211; Nations Unies (7 MB)<\/p>\n<\/div>","protected":false},"author":9,"featured_media":0,"parent":0,"menu_order":0,"comment_status":"open","ping_status":"open","template":"","meta":{"footnotes":""},"class_list":["post-536","page","type-page","status-publish","hentry","nodate","item-wrap"],"_links":{"self":[{"href":"https:\/\/se.csbe.qc.ca\/universsocial\/wp-json\/wp\/v2\/pages\/536","targetHints":{"allow":["GET"]}}],"collection":[{"href":"https:\/\/se.csbe.qc.ca\/universsocial\/wp-json\/wp\/v2\/pages"}],"about":[{"href":"https:\/\/se.csbe.qc.ca\/universsocial\/wp-json\/wp\/v2\/types\/page"}],"author":[{"embeddable":true,"href":"https:\/\/se.csbe.qc.ca\/universsocial\/wp-json\/wp\/v2\/users\/9"}],"replies":[{"embeddable":true,"href":"https:\/\/se.csbe.qc.ca\/universsocial\/wp-json\/wp\/v2\/comments?post=536"}],"version-history":[{"count":6,"href":"https:\/\/se.csbe.qc.ca\/universsocial\/wp-json\/wp\/v2\/pages\/536\/revisions"}],"predecessor-version":[{"id":1255,"href":"https:\/\/se.csbe.qc.ca\/universsocial\/wp-json\/wp\/v2\/pages\/536\/revisions\/1255"}],"wp:attachment":[{"href":"https:\/\/se.csbe.qc.ca\/universsocial\/wp-json\/wp\/v2\/media?parent=536"}],"curies":[{"name":"wp","href":"https:\/\/api.w.org\/{rel}","templated":true}]}}