{"id":532,"date":"2012-10-31T19:44:37","date_gmt":"2012-10-31T18:44:37","guid":{"rendered":"https:\/\/se.csbe.qc.ca\/universsocial\/?page_id=532"},"modified":"2013-01-14T09:07:24","modified_gmt":"2013-01-14T14:07:24","slug":"sae-environnement-monde-contemporain","status":"publish","type":"page","link":"https:\/\/se.csbe.qc.ca\/universsocial\/sae-environnement-monde-contemporain\/","title":{"rendered":"SA\u00c9 &#8211; Environnement (Monde contemporain)"},"content":{"rendered":"<div class=\"page-restrict-output\"><h2>Voici une SA\u00c9 tir\u00e9e de Projet-civ sur l&rsquo;environnement et datant de 2012<\/h2>\n<h2><\/h2>\n<h2><span style=\"text-decoration: underline;\">Pour y acc\u00e9der, cliquer sur le lien ci-dessous:<\/span><\/h2>\n<h2><em><a href=\"https:\/\/se.csbe.qc.ca\/universsocial\/files\/2012\/10\/SA\u00c9-Environnement-2012.zip\">SA\u00c9 &#8211; Environnement (2012)<\/a><\/em><\/h2>\n<!-- WP Attachments -->\r\n        <div style=\"width:100%;margin:10px 0 10px 0;\">\r\n            <h3>Attachments<\/h3>\r\n        <ul class=\"post-attachments\"><li class=\"post-attachment mime-application-zip\"><a href=\"https:\/\/se.csbe.qc.ca\/universsocial\/files\/2012\/10\/SA\u00c9-Environnement-2012.zip\">SA\u00c9 - Environnement (2012)<\/a> <small>(399 kB)<\/small><\/li><\/ul><\/div><\/div>","protected":false},"excerpt":{"rendered":"<div class=\"page-restrict-output\"><p>Voici une SA\u00c9 tir\u00e9e de Projet-civ sur l&rsquo;environnement et datant de 2012 Pour y acc\u00e9der, cliquer sur le lien ci-dessous: SA\u00c9 &#8211; Environnement (2012) Attachments SA\u00c9 &#8211; Environnement (2012) (399 kB)<\/p>\n<\/div>","protected":false},"author":9,"featured_media":0,"parent":0,"menu_order":0,"comment_status":"open","ping_status":"open","template":"","meta":{"footnotes":""},"class_list":["post-532","page","type-page","status-publish","hentry","nodate","item-wrap"],"_links":{"self":[{"href":"https:\/\/se.csbe.qc.ca\/universsocial\/wp-json\/wp\/v2\/pages\/532","targetHints":{"allow":["GET"]}}],"collection":[{"href":"https:\/\/se.csbe.qc.ca\/universsocial\/wp-json\/wp\/v2\/pages"}],"about":[{"href":"https:\/\/se.csbe.qc.ca\/universsocial\/wp-json\/wp\/v2\/types\/page"}],"author":[{"embeddable":true,"href":"https:\/\/se.csbe.qc.ca\/universsocial\/wp-json\/wp\/v2\/users\/9"}],"replies":[{"embeddable":true,"href":"https:\/\/se.csbe.qc.ca\/universsocial\/wp-json\/wp\/v2\/comments?post=532"}],"version-history":[{"count":5,"href":"https:\/\/se.csbe.qc.ca\/universsocial\/wp-json\/wp\/v2\/pages\/532\/revisions"}],"predecessor-version":[{"id":1254,"href":"https:\/\/se.csbe.qc.ca\/universsocial\/wp-json\/wp\/v2\/pages\/532\/revisions\/1254"}],"wp:attachment":[{"href":"https:\/\/se.csbe.qc.ca\/universsocial\/wp-json\/wp\/v2\/media?parent=532"}],"curies":[{"name":"wp","href":"https:\/\/api.w.org\/{rel}","templated":true}]}}