{"id":527,"date":"2012-10-31T19:41:48","date_gmt":"2012-10-31T18:41:48","guid":{"rendered":"https:\/\/se.csbe.qc.ca\/universsocial\/?page_id=527"},"modified":"2013-01-14T09:08:41","modified_gmt":"2013-01-14T14:08:41","slug":"sae-tensions-et-conflits-guerre-en-irak-monde-contemporain","status":"publish","type":"page","link":"https:\/\/se.csbe.qc.ca\/universsocial\/sae-tensions-et-conflits-guerre-en-irak-monde-contemporain\/","title":{"rendered":"SA\u00c9 &#8211; Tensions et conflits &#8211; Guerre en Irak (Monde contemporain)"},"content":{"rendered":"<div class=\"page-restrict-output\"><h2>Voici une SA\u00c9 qui provient de l&rsquo;Universit\u00e9 de Sherbrooke et qui a \u00e9t\u00e9 pr\u00e9sent\u00e9e lors d&rsquo;un congr\u00e8s de l&rsquo;AQEUS<\/h2>\n<h2><\/h2>\n<h2><span style=\"text-decoration: underline;\">Pour y acc\u00e9der, cliquer sur le lien ci-dessous:<\/span><\/h2>\n<h2><em><a href=\"https:\/\/se.csbe.qc.ca\/universsocial\/files\/2012\/10\/SA\u00c9-Tensions-et-conflits-Guerre-en-Irak.zip\">SA\u00c9 &#8211; Tensions et conflits &#8211; Guerre en Irak<\/a><\/em><\/h2>\n<!-- WP Attachments -->\r\n        <div style=\"width:100%;margin:10px 0 10px 0;\">\r\n            <h3>Attachments<\/h3>\r\n        <ul class=\"post-attachments\"><li class=\"post-attachment mime-application-zip\"><a href=\"https:\/\/se.csbe.qc.ca\/universsocial\/files\/2012\/10\/SA\u00c9-Tensions-et-conflits-Guerre-en-Irak.zip\">SA\u00c9 - Tensions et conflits - Guerre en Irak<\/a> <small>(9 MB)<\/small><\/li><\/ul><\/div><\/div>","protected":false},"excerpt":{"rendered":"<div class=\"page-restrict-output\"><p>Voici une SA\u00c9 qui provient de l&rsquo;Universit\u00e9 de Sherbrooke et qui a \u00e9t\u00e9 pr\u00e9sent\u00e9e lors d&rsquo;un congr\u00e8s de l&rsquo;AQEUS Pour y acc\u00e9der, cliquer sur le lien ci-dessous: SA\u00c9 &#8211; Tensions et conflits &#8211; Guerre en Irak Attachments SA\u00c9 &#8211; Tensions et conflits &#8211; Guerre en Irak (9 MB)<\/p>\n<\/div>","protected":false},"author":9,"featured_media":0,"parent":0,"menu_order":0,"comment_status":"open","ping_status":"open","template":"","meta":{"footnotes":""},"class_list":["post-527","page","type-page","status-publish","hentry","nodate","item-wrap"],"_links":{"self":[{"href":"https:\/\/se.csbe.qc.ca\/universsocial\/wp-json\/wp\/v2\/pages\/527","targetHints":{"allow":["GET"]}}],"collection":[{"href":"https:\/\/se.csbe.qc.ca\/universsocial\/wp-json\/wp\/v2\/pages"}],"about":[{"href":"https:\/\/se.csbe.qc.ca\/universsocial\/wp-json\/wp\/v2\/types\/page"}],"author":[{"embeddable":true,"href":"https:\/\/se.csbe.qc.ca\/universsocial\/wp-json\/wp\/v2\/users\/9"}],"replies":[{"embeddable":true,"href":"https:\/\/se.csbe.qc.ca\/universsocial\/wp-json\/wp\/v2\/comments?post=527"}],"version-history":[{"count":6,"href":"https:\/\/se.csbe.qc.ca\/universsocial\/wp-json\/wp\/v2\/pages\/527\/revisions"}],"predecessor-version":[{"id":1257,"href":"https:\/\/se.csbe.qc.ca\/universsocial\/wp-json\/wp\/v2\/pages\/527\/revisions\/1257"}],"wp:attachment":[{"href":"https:\/\/se.csbe.qc.ca\/universsocial\/wp-json\/wp\/v2\/media?parent=527"}],"curies":[{"name":"wp","href":"https:\/\/api.w.org\/{rel}","templated":true}]}}