{"id":521,"date":"2012-10-31T19:38:02","date_gmt":"2012-10-31T18:38:02","guid":{"rendered":"https:\/\/se.csbe.qc.ca\/universsocial\/?page_id=521"},"modified":"2013-01-14T09:09:09","modified_gmt":"2013-01-14T14:09:09","slug":"sae-vivre-ensemble-en-palestine-et-en-israel-monde-contemporain","status":"publish","type":"page","link":"https:\/\/se.csbe.qc.ca\/universsocial\/sae-vivre-ensemble-en-palestine-et-en-israel-monde-contemporain\/","title":{"rendered":"SA\u00c9 &#8211; Vivre ensemble en Palestine et en Isra\u00ebl (Monde contemporain)"},"content":{"rendered":"<div class=\"page-restrict-output\"><h2><span style=\"color: #000000;\">Voici une SA\u00c9 datant de 2009 et provenant de la C.S. des Patriotes<\/span><\/h2>\n<h2><\/h2>\n<h2><span style=\"text-decoration: underline; color: #000000;\">Pour y acc\u00e9der, cliquer sur le lien ci-dessous:<\/span><\/h2>\n<h2><em><a href=\"https:\/\/se.csbe.qc.ca\/universsocial\/files\/2012\/10\/SA\u00c9-Vivre-ensemble.pdf\" target=\"_blank\">SA\u00c9 Vivre ensemble<\/a><\/em><\/h2>\n<!-- WP Attachments -->\r\n        <div style=\"width:100%;margin:10px 0 10px 0;\">\r\n            <h3>Attachments<\/h3>\r\n        <ul class=\"post-attachments\"><li class=\"post-attachment mime-application-pdf\"><a href=\"https:\/\/se.csbe.qc.ca\/universsocial\/files\/2012\/10\/SA\u00c9-Vivre-ensemble.pdf\">SA\u00c9 Vivre ensemble<\/a> <small>(556 kB)<\/small><\/li><\/ul><\/div><\/div>","protected":false},"excerpt":{"rendered":"<div class=\"page-restrict-output\"><p>Voici une SA\u00c9 datant de 2009 et provenant de la C.S. des Patriotes Pour y acc\u00e9der, cliquer sur le lien ci-dessous: SA\u00c9 Vivre ensemble Attachments SA\u00c9 Vivre ensemble (556 kB)<\/p>\n<\/div>","protected":false},"author":9,"featured_media":0,"parent":0,"menu_order":0,"comment_status":"open","ping_status":"open","template":"","meta":{"footnotes":""},"class_list":["post-521","page","type-page","status-publish","hentry","nodate","item-wrap"],"_links":{"self":[{"href":"https:\/\/se.csbe.qc.ca\/universsocial\/wp-json\/wp\/v2\/pages\/521","targetHints":{"allow":["GET"]}}],"collection":[{"href":"https:\/\/se.csbe.qc.ca\/universsocial\/wp-json\/wp\/v2\/pages"}],"about":[{"href":"https:\/\/se.csbe.qc.ca\/universsocial\/wp-json\/wp\/v2\/types\/page"}],"author":[{"embeddable":true,"href":"https:\/\/se.csbe.qc.ca\/universsocial\/wp-json\/wp\/v2\/users\/9"}],"replies":[{"embeddable":true,"href":"https:\/\/se.csbe.qc.ca\/universsocial\/wp-json\/wp\/v2\/comments?post=521"}],"version-history":[{"count":7,"href":"https:\/\/se.csbe.qc.ca\/universsocial\/wp-json\/wp\/v2\/pages\/521\/revisions"}],"predecessor-version":[{"id":1258,"href":"https:\/\/se.csbe.qc.ca\/universsocial\/wp-json\/wp\/v2\/pages\/521\/revisions\/1258"}],"wp:attachment":[{"href":"https:\/\/se.csbe.qc.ca\/universsocial\/wp-json\/wp\/v2\/media?parent=521"}],"curies":[{"name":"wp","href":"https:\/\/api.w.org\/{rel}","templated":true}]}}