{"id":52,"date":"2012-10-05T15:46:39","date_gmt":"2012-10-05T14:46:39","guid":{"rendered":"https:\/\/se.csbe.qc.ca\/universsocial\/?page_id=52"},"modified":"2013-01-14T08:39:25","modified_gmt":"2013-01-14T13:39:25","slug":"programme-de-formation-de-lecole-quebecoise-pfeq","status":"publish","type":"page","link":"https:\/\/se.csbe.qc.ca\/universsocial\/programme-de-formation-de-lecole-quebecoise-pfeq\/","title":{"rendered":"Programme de formation de l&rsquo;\u00e9cole qu\u00e9b\u00e9coise (PFEQ) &#8211; Histoire (2e cycle)"},"content":{"rendered":"<div class=\"page-restrict-output\"><h2>Voici le PFEQ pour le 2e cycle en Histoire et \u00e9ducation \u00e0 la citoyennet\u00e9<\/h2>\n<p>&nbsp;<\/p>\n<h2><span style=\"text-decoration: underline;\">Pour y acc\u00e9der, cliquer sur le lien ci-dessous:<\/span><\/h2>\n<h2><em><a href=\"https:\/\/se.csbe.qc.ca\/universsocial\/files\/2012\/10\/PFEQ-Histoire-2e-cycle.pdf\" target=\"_blank\">PFEQ &#8211; Histoire (2e cycle)<\/a><\/em><\/h2>\n<!-- WP Attachments -->\r\n        <div style=\"width:100%;margin:10px 0 10px 0;\">\r\n            <h3>Attachments<\/h3>\r\n        <ul class=\"post-attachments\"><li class=\"post-attachment mime-application-pdf\"><a href=\"https:\/\/se.csbe.qc.ca\/universsocial\/files\/2012\/10\/PFEQ-Histoire-2e-cycle.pdf\">PFEQ - Histoire (2e cycle)<\/a> <small>(3 MB)<\/small><\/li><\/ul><\/div><\/div>","protected":false},"excerpt":{"rendered":"<div class=\"page-restrict-output\"><p>Voici le PFEQ pour le 2e cycle en Histoire et \u00e9ducation \u00e0 la citoyennet\u00e9 &nbsp; Pour y acc\u00e9der, cliquer sur le lien ci-dessous: PFEQ &#8211; Histoire (2e cycle) Attachments PFEQ &#8211; Histoire (2e cycle) (3 MB)<\/p>\n<\/div>","protected":false},"author":9,"featured_media":0,"parent":0,"menu_order":0,"comment_status":"open","ping_status":"closed","template":"","meta":{"footnotes":""},"class_list":["post-52","page","type-page","status-publish","hentry","nodate","item-wrap"],"_links":{"self":[{"href":"https:\/\/se.csbe.qc.ca\/universsocial\/wp-json\/wp\/v2\/pages\/52","targetHints":{"allow":["GET"]}}],"collection":[{"href":"https:\/\/se.csbe.qc.ca\/universsocial\/wp-json\/wp\/v2\/pages"}],"about":[{"href":"https:\/\/se.csbe.qc.ca\/universsocial\/wp-json\/wp\/v2\/types\/page"}],"author":[{"embeddable":true,"href":"https:\/\/se.csbe.qc.ca\/universsocial\/wp-json\/wp\/v2\/users\/9"}],"replies":[{"embeddable":true,"href":"https:\/\/se.csbe.qc.ca\/universsocial\/wp-json\/wp\/v2\/comments?post=52"}],"version-history":[{"count":7,"href":"https:\/\/se.csbe.qc.ca\/universsocial\/wp-json\/wp\/v2\/pages\/52\/revisions"}],"predecessor-version":[{"id":1233,"href":"https:\/\/se.csbe.qc.ca\/universsocial\/wp-json\/wp\/v2\/pages\/52\/revisions\/1233"}],"wp:attachment":[{"href":"https:\/\/se.csbe.qc.ca\/universsocial\/wp-json\/wp\/v2\/media?parent=52"}],"curies":[{"name":"wp","href":"https:\/\/api.w.org\/{rel}","templated":true}]}}