{"id":5181,"date":"2017-01-09T09:59:16","date_gmt":"2017-01-09T14:59:16","guid":{"rendered":"https:\/\/se.csbe.qc.ca\/universsocial\/?page_id=5181"},"modified":"2018-04-30T13:07:02","modified_gmt":"2018-04-30T17:07:02","slug":"liste-de-films-pertinents-en-univers-social","status":"publish","type":"page","link":"https:\/\/se.csbe.qc.ca\/universsocial\/liste-de-films-pertinents-en-univers-social\/","title":{"rendered":"Vid\u00e9os &#8211; Univers social"},"content":{"rendered":"<div class=\"page-restrict-output\"><h3><span style=\"color: #800000\"><strong>Vid\u00e9os 360<\/strong><\/span><\/h3>\n<h3>Voici une liste de vid\u00e9os 360 pouvant \u00eatre utilis\u00e9 dans un projet de r\u00e9alit\u00e9 virtuelle entre autres.\u00a0 N&rsquo;h\u00e9sitez pas \u00e0 la bonifier si vous trouvez des perles!<\/h3>\n<h3><a href=\"https:\/\/docs.google.com\/document\/d\/1mGquoxE2J6dyc8On8LkD2DlUvZrCEQ6hZb2YfWJwAnE\/edit\" target=\"_blank\" rel=\"noopener\">https:\/\/docs.google.com\/document\/d\/1mGquoxE2J6dyc8On8LkD2DlUvZrCEQ6hZb2YfWJwAnE\/edit<\/a><\/h3>\n<hr \/>\n<h3><span style=\"color: #800000\"><strong>Films en univers social<\/strong><\/span><\/h3>\n<h3>Cette liste se veut collaborative, elle n\u2019est pour le moment qu\u2019une \u00e9bauche. \u00a0Indiquez le titre des documentaires et films qui sont vos coups de c\u0153ur\u00a0en univers social en fonction de la r\u00e9alit\u00e9 sociale. \u00a0Autant que possible, indiquez dans les commentaires avec quelle intention p\u00e9dagogique ce film peut \u00eatre visionn\u00e9 en classe.<\/h3>\n<h3><a href=\"https:\/\/docs.google.com\/document\/d\/1FMtrGQrKTsvbuLy-M5VBhClkNvV3zDALeNE0HFRc3h8\/edit\" target=\"_blank\" rel=\"noopener\">https:\/\/docs.google.com\/document\/d\/1FMtrGQrKTsvbuLy-M5VBhClkNvV3zDALeNE0HFRc3h8\/edit<\/a><\/h3>\n<h3>Cr\u00e9\u00e9e par Jimmy Grenier, CP CS des Navigateurs<\/h3>\n<\/div>","protected":false},"excerpt":{"rendered":"<div class=\"page-restrict-output\"><p>Vid\u00e9os 360 Voici une liste de vid\u00e9os 360 pouvant \u00eatre utilis\u00e9 dans un projet de r\u00e9alit\u00e9 virtuelle entre autres.\u00a0 N&rsquo;h\u00e9sitez pas \u00e0 la bonifier si vous trouvez des perles! https:\/\/docs.google.com\/document\/d\/1mGquoxE2J6dyc8On8LkD2DlUvZrCEQ6hZb2YfWJwAnE\/edit Films en univers social Cette liste se veut collaborative, elle n\u2019est pour le moment qu\u2019une \u00e9bauche. \u00a0Indiquez le titre des documentaires et films qui sont &hellip; <\/p>\n<p><a class=\"more-link btn\" href=\"https:\/\/se.csbe.qc.ca\/universsocial\/liste-de-films-pertinents-en-univers-social\/\">Lire la suite<\/a><\/p>\n<\/div>","protected":false},"author":209,"featured_media":0,"parent":0,"menu_order":0,"comment_status":"closed","ping_status":"closed","template":"","meta":{"footnotes":""},"class_list":["post-5181","page","type-page","status-publish","hentry","nodate","item-wrap"],"_links":{"self":[{"href":"https:\/\/se.csbe.qc.ca\/universsocial\/wp-json\/wp\/v2\/pages\/5181","targetHints":{"allow":["GET"]}}],"collection":[{"href":"https:\/\/se.csbe.qc.ca\/universsocial\/wp-json\/wp\/v2\/pages"}],"about":[{"href":"https:\/\/se.csbe.qc.ca\/universsocial\/wp-json\/wp\/v2\/types\/page"}],"author":[{"embeddable":true,"href":"https:\/\/se.csbe.qc.ca\/universsocial\/wp-json\/wp\/v2\/users\/209"}],"replies":[{"embeddable":true,"href":"https:\/\/se.csbe.qc.ca\/universsocial\/wp-json\/wp\/v2\/comments?post=5181"}],"version-history":[{"count":3,"href":"https:\/\/se.csbe.qc.ca\/universsocial\/wp-json\/wp\/v2\/pages\/5181\/revisions"}],"predecessor-version":[{"id":6596,"href":"https:\/\/se.csbe.qc.ca\/universsocial\/wp-json\/wp\/v2\/pages\/5181\/revisions\/6596"}],"wp:attachment":[{"href":"https:\/\/se.csbe.qc.ca\/universsocial\/wp-json\/wp\/v2\/media?parent=5181"}],"curies":[{"name":"wp","href":"https:\/\/api.w.org\/{rel}","templated":true}]}}