{"id":5145,"date":"2016-12-20T10:40:56","date_gmt":"2016-12-20T15:40:56","guid":{"rendered":"https:\/\/se.csbe.qc.ca\/universsocial\/?page_id=5145"},"modified":"2016-12-20T10:40:56","modified_gmt":"2016-12-20T15:40:56","slug":"retour-sur-le-prototype-depreuve-administre-aux-eleves-faisant-partie-du-projet-pilote-en-histoire-du-quebec-et-du-canada","status":"publish","type":"page","link":"https:\/\/se.csbe.qc.ca\/universsocial\/retour-sur-le-prototype-depreuve-administre-aux-eleves-faisant-partie-du-projet-pilote-en-histoire-du-quebec-et-du-canada\/","title":{"rendered":"Retour sur le prototype d&rsquo;\u00e9preuve administr\u00e9 aux \u00e9l\u00e8ves faisant partie du projet pilote en histoire du Qu\u00e9bec et du Canada"},"content":{"rendered":"<div class=\"page-restrict-output\"><h3>Voici le diaporama de la pr\u00e9sentation du MEES pr\u00e9sent\u00e9 aux congr\u00e8s de la SPHQ et \u00e0 l&rsquo;AQEUS en octobre et novembre dernier.<\/h3>\n<h3><a href=\"https:\/\/se.csbe.qc.ca\/universsocial\/files\/2016\/12\/VF_Atelier_Congres_2016_Final-1.pdf\">VF_Atelier_Congres_2016_(Final)<\/a><\/h3>\n<h3>On vous y pr\u00e9sente :<\/h3>\n<h3>1.\u00a0\u00a0\u00a0 Les travaux en \u00e9valuation pour l\u2019ann\u00e9e 2016-2017 (HQC, 3e et 4e secondaire; HEC, 4e secondaire). La page 8 pr\u00e9sente la planification des \u00e9preuves de juin 2017 \u00e0 juin 2020. Fait int\u00e9ressant \u00e0 noter\u00a0: L\u2019\u00e9preuve d\u2019Histoire du Qu\u00e9bec et du Canada de 4 secondaire pourrait devenir une \u00e9preuve unique \u00e0 compter de juin 2017.\u00a0 Le statut de l\u2019\u00e9preuve de 3<sup>e<\/sup> secondaire reste toujours \u00e0 d\u00e9terminer\u2026 (prototype ou \u00e9preuve obligatoire)<\/h3>\n<h3>2.\u00a0\u00a0\u00a0 On fait un retour sur le prototype d\u2019\u00e9preuve d\u2019HQC, 3e secondaire administr\u00e9 en juin 2016 dans le cadre du projet pilote.\u00a0 On pr\u00e9sente \u00e9galement une analyse de copies d\u2019\u00e9l\u00e8ves et les ajustements pr\u00e9vus au prototype qui sera administr\u00e9 en juin 2017.<\/h3>\n<h3>3. On fait un retour sur l\u2019\u00e9preuve unique de juin 2016 (questions \u00e0 r\u00e9ponses courtes) et on pr\u00e9sente certaines caract\u00e9ristiques de l\u2019\u00e9preuve HEC4 de juin 2017.\u00a0 Nouveaut\u00e9\u00a0: un cahier de r\u00e9ponses \u00e0 lecture optique o\u00f9 l\u2019enseignant devra noircir le r\u00e9sultat de l\u2019\u00e9l\u00e8ve \u00e0 la question.\u00a0 Les cahiers seront tous retourn\u00e9s au MEES.<\/h3>\n<p>&nbsp;<\/p>\n<!-- WP Attachments -->\r\n        <div style=\"width:100%;margin:10px 0 10px 0;\">\r\n            <h3>Attachments<\/h3>\r\n        <ul class=\"post-attachments\"><li class=\"post-attachment mime-application-pdf\"><a href=\"https:\/\/se.csbe.qc.ca\/universsocial\/files\/2016\/12\/VF_Atelier_Congres_2016_Final.pdf\">VF_Atelier_Congres_2016_(Final)<\/a> <small>(2 MB)<\/small><\/li><li class=\"post-attachment mime-application-pdf\"><a href=\"https:\/\/se.csbe.qc.ca\/universsocial\/files\/2016\/12\/VF_Atelier_Congres_2016_Final-1.pdf\">VF_Atelier_Congres_2016_(Final)<\/a> <small>(2 MB)<\/small><\/li><\/ul><\/div><\/div>","protected":false},"excerpt":{"rendered":"<div class=\"page-restrict-output\"><p>Voici le diaporama de la pr\u00e9sentation du MEES pr\u00e9sent\u00e9 aux congr\u00e8s de la SPHQ et \u00e0 l&rsquo;AQEUS en octobre et novembre dernier. VF_Atelier_Congres_2016_(Final) On vous y pr\u00e9sente : 1.\u00a0\u00a0\u00a0 Les travaux en \u00e9valuation pour l\u2019ann\u00e9e 2016-2017 (HQC, 3e et 4e secondaire; HEC, 4e secondaire). La page 8 pr\u00e9sente la planification des \u00e9preuves de juin 2017 &hellip; <\/p>\n<p><a class=\"more-link btn\" href=\"https:\/\/se.csbe.qc.ca\/universsocial\/retour-sur-le-prototype-depreuve-administre-aux-eleves-faisant-partie-du-projet-pilote-en-histoire-du-quebec-et-du-canada\/\">Lire la suite<\/a><\/p>\n<\/div>","protected":false},"author":209,"featured_media":0,"parent":0,"menu_order":0,"comment_status":"closed","ping_status":"closed","template":"","meta":{"footnotes":""},"class_list":["post-5145","page","type-page","status-publish","hentry","nodate","item-wrap"],"_links":{"self":[{"href":"https:\/\/se.csbe.qc.ca\/universsocial\/wp-json\/wp\/v2\/pages\/5145","targetHints":{"allow":["GET"]}}],"collection":[{"href":"https:\/\/se.csbe.qc.ca\/universsocial\/wp-json\/wp\/v2\/pages"}],"about":[{"href":"https:\/\/se.csbe.qc.ca\/universsocial\/wp-json\/wp\/v2\/types\/page"}],"author":[{"embeddable":true,"href":"https:\/\/se.csbe.qc.ca\/universsocial\/wp-json\/wp\/v2\/users\/209"}],"replies":[{"embeddable":true,"href":"https:\/\/se.csbe.qc.ca\/universsocial\/wp-json\/wp\/v2\/comments?post=5145"}],"version-history":[{"count":1,"href":"https:\/\/se.csbe.qc.ca\/universsocial\/wp-json\/wp\/v2\/pages\/5145\/revisions"}],"predecessor-version":[{"id":5148,"href":"https:\/\/se.csbe.qc.ca\/universsocial\/wp-json\/wp\/v2\/pages\/5145\/revisions\/5148"}],"wp:attachment":[{"href":"https:\/\/se.csbe.qc.ca\/universsocial\/wp-json\/wp\/v2\/media?parent=5145"}],"curies":[{"name":"wp","href":"https:\/\/api.w.org\/{rel}","templated":true}]}}