{"id":5035,"date":"2016-10-24T11:50:00","date_gmt":"2016-10-24T15:50:00","guid":{"rendered":"https:\/\/se.csbe.qc.ca\/universsocial\/?page_id=5035"},"modified":"2018-02-19T15:22:00","modified_gmt":"2018-02-19T20:22:00","slug":"operations-intellectuelles-description-et-comportements-attendus","status":"publish","type":"page","link":"https:\/\/se.csbe.qc.ca\/universsocial\/operations-intellectuelles-description-et-comportements-attendus\/","title":{"rendered":"Op\u00e9rations intellectuelles &#8211; Descriptions et comportements attendus"},"content":{"rendered":"<div class=\"page-restrict-output\"><h3>Voici un tableau pr\u00e9sentant toutes les op\u00e9rations intellectuelles en univers social, leur description et les comportements attendus pour ces op\u00e9rations. (2017)<\/h3>\n<h2><a href=\"https:\/\/se.csbe.qc.ca\/universsocial\/files\/2016\/10\/Tableau-OI-Mise-\u00e0-jour-3.docx\">Tableau OI &#8211; Mise \u00e0 jour<\/a><\/h2>\n<!-- WP Attachments -->\r\n        <div style=\"width:100%;margin:10px 0 10px 0;\">\r\n            <h3>Attachments<\/h3>\r\n        <ul class=\"post-attachments\"><li class=\"post-attachment mime-application-vnd-openxmlformats-officedocument-wordprocessingml-document\"><a href=\"https:\/\/se.csbe.qc.ca\/universsocial\/files\/2016\/10\/Tableau-OI-Mise-\u00e0-jour.docx\">tableau-oi-mise-a-jour<\/a> <small>(24 kB)<\/small><\/li><li class=\"post-attachment mime-application-vnd-openxmlformats-officedocument-wordprocessingml-document\"><a href=\"https:\/\/se.csbe.qc.ca\/universsocial\/files\/2016\/10\/Tableau-OI-Mise-\u00e0-jour-1.docx\">tableau-oi-mise-a-jour<\/a> <small>(24 kB)<\/small><\/li><li class=\"post-attachment mime-application-vnd-openxmlformats-officedocument-wordprocessingml-document\"><a href=\"https:\/\/se.csbe.qc.ca\/universsocial\/files\/2016\/10\/Tableau-OI-Mise-\u00e0-jour-3.docx\">Tableau OI - Mise \u00e0 jour<\/a> <small>(24 kB)<\/small><\/li><\/ul><\/div><\/div>","protected":false},"excerpt":{"rendered":"<div class=\"page-restrict-output\"><p>Voici un tableau pr\u00e9sentant toutes les op\u00e9rations intellectuelles en univers social, leur description et les comportements attendus pour ces op\u00e9rations. (2017) Tableau OI &#8211; Mise \u00e0 jour Attachments tableau-oi-mise-a-jour (24 kB)tableau-oi-mise-a-jour (24 kB)Tableau OI &#8211; Mise \u00e0 jour (24 kB)<\/p>\n<\/div>","protected":false},"author":209,"featured_media":0,"parent":0,"menu_order":0,"comment_status":"closed","ping_status":"closed","template":"","meta":{"footnotes":""},"class_list":["post-5035","page","type-page","status-publish","hentry","nodate","item-wrap"],"_links":{"self":[{"href":"https:\/\/se.csbe.qc.ca\/universsocial\/wp-json\/wp\/v2\/pages\/5035","targetHints":{"allow":["GET"]}}],"collection":[{"href":"https:\/\/se.csbe.qc.ca\/universsocial\/wp-json\/wp\/v2\/pages"}],"about":[{"href":"https:\/\/se.csbe.qc.ca\/universsocial\/wp-json\/wp\/v2\/types\/page"}],"author":[{"embeddable":true,"href":"https:\/\/se.csbe.qc.ca\/universsocial\/wp-json\/wp\/v2\/users\/209"}],"replies":[{"embeddable":true,"href":"https:\/\/se.csbe.qc.ca\/universsocial\/wp-json\/wp\/v2\/comments?post=5035"}],"version-history":[{"count":4,"href":"https:\/\/se.csbe.qc.ca\/universsocial\/wp-json\/wp\/v2\/pages\/5035\/revisions"}],"predecessor-version":[{"id":6053,"href":"https:\/\/se.csbe.qc.ca\/universsocial\/wp-json\/wp\/v2\/pages\/5035\/revisions\/6053"}],"wp:attachment":[{"href":"https:\/\/se.csbe.qc.ca\/universsocial\/wp-json\/wp\/v2\/media?parent=5035"}],"curies":[{"name":"wp","href":"https:\/\/api.w.org\/{rel}","templated":true}]}}