{"id":5020,"date":"2016-10-24T11:10:01","date_gmt":"2016-10-24T15:10:01","guid":{"rendered":"https:\/\/se.csbe.qc.ca\/universsocial\/?page_id=5020"},"modified":"2019-03-12T16:09:01","modified_gmt":"2019-03-12T20:09:01","slug":"enseignement-explicite-des-oi-csbe","status":"publish","type":"page","link":"https:\/\/se.csbe.qc.ca\/universsocial\/enseignement-explicite-des-oi-csbe\/","title":{"rendered":"Enseignement explicite des OI (CSBE)"},"content":{"rendered":"<div class=\"page-restrict-output\"><h3>Voici des\u00a0 d\u00e9marches propos\u00e9es pour enseigner de fa\u00e7on explicite les op\u00e9rations intellectuelles :<\/h3>\n<h5><a href=\"https:\/\/se.csbe.qc.ca\/universsocial\/files\/2019\/03\/HQC3_Situer-1.docx\">HQC3_Situer<\/a><\/p>\n<p><a href=\"https:\/\/se.csbe.qc.ca\/universsocial\/files\/2019\/03\/HQC3_Mettre-en-relation-des-faits-1.docx\">HQC3_Mettre en relation des faits<\/a><\/p>\n<p><a href=\"https:\/\/se.csbe.qc.ca\/universsocial\/files\/2019\/03\/HQC3_\u00c9tablir-des-liens-de-causalit\u00e9-1.docx\">HQC3_\u00c9tablir des liens de causalit\u00e9<\/a><\/p>\n<p><a href=\"https:\/\/se.csbe.qc.ca\/universsocial\/files\/2019\/03\/HQC3_\u00c9tablir-des-faits-1.docx\">HQC3_\u00c9tablir des faits<\/a><\/p>\n<p><a href=\"https:\/\/se.csbe.qc.ca\/universsocial\/files\/2019\/03\/HQC3_D\u00e9terminer-des-changements-1.docx\">HQC3_D\u00e9terminer des changements<\/a><\/p>\n<p><a href=\"https:\/\/se.csbe.qc.ca\/universsocial\/files\/2019\/03\/HQC3_D\u00e9terminer-des-causes-1.docx\">HQC3_D\u00e9terminer des causes<\/a><\/p>\n<p><a href=\"https:\/\/se.csbe.qc.ca\/universsocial\/files\/2019\/03\/HQC3_D\u00e9gager-des-similitudes-1.docx\">HQC3_D\u00e9gager des similitudes<\/a><\/p>\n<p><a href=\"https:\/\/se.csbe.qc.ca\/universsocial\/files\/2019\/01\/HQC4_D\u00e9gager-des-similitudes.docx\">HQC4_D\u00e9gager des similitudes<\/a><\/p>\n<p><a href=\"https:\/\/se.csbe.qc.ca\/universsocial\/files\/2019\/01\/HQC4_D\u00e9terminer-des-causes.docx\">HQC4_D\u00e9terminer des causes<\/a><\/p>\n<p><a href=\"https:\/\/se.csbe.qc.ca\/universsocial\/files\/2019\/01\/HQC4_D\u00e9terminer-des-changements.docx\">HQC4_D\u00e9terminer des changements<\/a><\/p>\n<p><a href=\"https:\/\/se.csbe.qc.ca\/universsocial\/files\/2019\/01\/HQC4_\u00c9tablir-des-faits.docx\">HQC4_\u00c9tablir des faits<\/a><\/p>\n<p><a href=\"https:\/\/se.csbe.qc.ca\/universsocial\/files\/2019\/01\/HQC4_\u00c9tablir-des-liens-de-causalit\u00e9.docx\">HQC4_\u00c9tablir des liens de causalit\u00e9<\/a><\/p>\n<p><a href=\"https:\/\/se.csbe.qc.ca\/universsocial\/files\/2019\/01\/HQC4_Mettre-en-relation-des-faits.docx\">HQC4_Mettre en relation des faits<\/a><\/p>\n<p><a href=\"https:\/\/se.csbe.qc.ca\/universsocial\/files\/2019\/01\/HQC4_Situer.docx\">HQC4_Situer<\/a><\/h5>\n<!-- WP Attachments -->\r\n        <div style=\"width:100%;margin:10px 0 10px 0;\">\r\n            <h3>Attachments<\/h3>\r\n        <ul class=\"post-attachments\"><li class=\"post-attachment mime-application-vnd-openxmlformats-officedocument-wordprocessingml-document\"><a href=\"https:\/\/se.csbe.qc.ca\/universsocial\/files\/2019\/03\/HQC3_D\u00e9gager-des-similitudes.docx\">HQC3_D\u00e9gager des similitudes<\/a> <small>(182 kB)<\/small><\/li><li class=\"post-attachment mime-application-vnd-openxmlformats-officedocument-wordprocessingml-document\"><a href=\"https:\/\/se.csbe.qc.ca\/universsocial\/files\/2019\/03\/HQC3_Mettre-en-relation-des-faits.docx\">HQC3_Mettre en relation des faits<\/a> <small>(150 kB)<\/small><\/li><li class=\"post-attachment mime-application-vnd-openxmlformats-officedocument-wordprocessingml-document\"><a href=\"https:\/\/se.csbe.qc.ca\/universsocial\/files\/2019\/03\/HQC3_\u00c9tablir-des-liens-de-causalit\u00e9.docx\">HQC3_\u00c9tablir des liens de causalit\u00e9<\/a> <small>(196 kB)<\/small><\/li><li class=\"post-attachment mime-application-vnd-openxmlformats-officedocument-wordprocessingml-document\"><a href=\"https:\/\/se.csbe.qc.ca\/universsocial\/files\/2019\/03\/HQC3_D\u00e9terminer-des-causes.docx\">HQC3_D\u00e9terminer des causes<\/a> <small>(135 kB)<\/small><\/li><li class=\"post-attachment mime-application-vnd-openxmlformats-officedocument-wordprocessingml-document\"><a href=\"https:\/\/se.csbe.qc.ca\/universsocial\/files\/2019\/03\/HQC3_Situer.docx\">HQC3_Situer<\/a> <small>(142 kB)<\/small><\/li><li class=\"post-attachment mime-application-vnd-openxmlformats-officedocument-wordprocessingml-document\"><a href=\"https:\/\/se.csbe.qc.ca\/universsocial\/files\/2019\/03\/HQC3_D\u00e9terminer-des-changements.docx\">HQC3_D\u00e9terminer des changements<\/a> <small>(106 kB)<\/small><\/li><li class=\"post-attachment mime-application-vnd-openxmlformats-officedocument-wordprocessingml-document\"><a href=\"https:\/\/se.csbe.qc.ca\/universsocial\/files\/2019\/03\/HQC3_\u00c9tablir-des-faits.docx\">HQC3_\u00c9tablir des faits<\/a> <small>(115 kB)<\/small><\/li><li class=\"post-attachment mime-application-vnd-openxmlformats-officedocument-wordprocessingml-document\"><a href=\"https:\/\/se.csbe.qc.ca\/universsocial\/files\/2019\/03\/HQC3_D\u00e9gager-des-similitudes-1.docx\">HQC3_D\u00e9gager des similitudes<\/a> <small>(182 kB)<\/small><\/li><li class=\"post-attachment mime-application-vnd-openxmlformats-officedocument-wordprocessingml-document\"><a href=\"https:\/\/se.csbe.qc.ca\/universsocial\/files\/2019\/03\/HQC3_D\u00e9terminer-des-causes-1.docx\">HQC3_D\u00e9terminer des causes<\/a> <small>(135 kB)<\/small><\/li><li class=\"post-attachment mime-application-vnd-openxmlformats-officedocument-wordprocessingml-document\"><a href=\"https:\/\/se.csbe.qc.ca\/universsocial\/files\/2019\/03\/HQC3_D\u00e9terminer-des-changements-1.docx\">HQC3_D\u00e9terminer des changements<\/a> <small>(106 kB)<\/small><\/li><li class=\"post-attachment mime-application-vnd-openxmlformats-officedocument-wordprocessingml-document\"><a href=\"https:\/\/se.csbe.qc.ca\/universsocial\/files\/2019\/03\/HQC3_\u00c9tablir-des-faits-1.docx\">HQC3_\u00c9tablir des faits<\/a> <small>(115 kB)<\/small><\/li><li class=\"post-attachment mime-application-vnd-openxmlformats-officedocument-wordprocessingml-document\"><a href=\"https:\/\/se.csbe.qc.ca\/universsocial\/files\/2019\/01\/HQC4_D\u00e9gager-des-similitudes.docx\">HQC4_D\u00e9gager des similitudes<\/a> <small>(101 kB)<\/small><\/li><li class=\"post-attachment mime-application-vnd-openxmlformats-officedocument-wordprocessingml-document\"><a href=\"https:\/\/se.csbe.qc.ca\/universsocial\/files\/2019\/01\/HQC4_D\u00e9terminer-des-causes.docx\">HQC4_D\u00e9terminer des causes<\/a> <small>(242 kB)<\/small><\/li><li class=\"post-attachment mime-application-vnd-openxmlformats-officedocument-wordprocessingml-document\"><a href=\"https:\/\/se.csbe.qc.ca\/universsocial\/files\/2019\/01\/HQC4_D\u00e9terminer-des-changements.docx\">HQC4_D\u00e9terminer des changements<\/a> <small>(77 kB)<\/small><\/li><li class=\"post-attachment mime-application-vnd-openxmlformats-officedocument-wordprocessingml-document\"><a href=\"https:\/\/se.csbe.qc.ca\/universsocial\/files\/2019\/01\/HQC4_\u00c9tablir-des-faits.docx\">HQC4_\u00c9tablir des faits<\/a> <small>(28 kB)<\/small><\/li><li class=\"post-attachment mime-application-vnd-openxmlformats-officedocument-wordprocessingml-document\"><a href=\"https:\/\/se.csbe.qc.ca\/universsocial\/files\/2019\/01\/HQC4_\u00c9tablir-des-liens-de-causalit\u00e9.docx\">HQC4_\u00c9tablir des liens de causalit\u00e9<\/a> <small>(186 kB)<\/small><\/li><li class=\"post-attachment mime-application-vnd-openxmlformats-officedocument-wordprocessingml-document\"><a href=\"https:\/\/se.csbe.qc.ca\/universsocial\/files\/2019\/01\/HQC4_Mettre-en-relation-des-faits.docx\">HQC4_Mettre en relation des faits<\/a> <small>(267 kB)<\/small><\/li><li class=\"post-attachment mime-application-vnd-openxmlformats-officedocument-wordprocessingml-document\"><a href=\"https:\/\/se.csbe.qc.ca\/universsocial\/files\/2019\/01\/HQC4_Situer.docx\">HQC4_Situer<\/a> <small>(142 kB)<\/small><\/li><li class=\"post-attachment mime-application-vnd-openxmlformats-officedocument-wordprocessingml-document\"><a href=\"https:\/\/se.csbe.qc.ca\/universsocial\/files\/2019\/03\/HQC3_\u00c9tablir-des-liens-de-causalit\u00e9-1.docx\">HQC3_\u00c9tablir des liens de causalit\u00e9<\/a> <small>(196 kB)<\/small><\/li><li class=\"post-attachment mime-application-vnd-openxmlformats-officedocument-wordprocessingml-document\"><a href=\"https:\/\/se.csbe.qc.ca\/universsocial\/files\/2019\/03\/HQC3_Mettre-en-relation-des-faits-1.docx\">HQC3_Mettre en relation des faits<\/a> <small>(150 kB)<\/small><\/li><li class=\"post-attachment mime-application-vnd-openxmlformats-officedocument-wordprocessingml-document\"><a href=\"https:\/\/se.csbe.qc.ca\/universsocial\/files\/2019\/03\/HQC3_Situer-1.docx\">HQC3_Situer<\/a> <small>(142 kB)<\/small><\/li><\/ul><\/div><\/div>","protected":false},"excerpt":{"rendered":"<div class=\"page-restrict-output\"><p>Voici des\u00a0 d\u00e9marches propos\u00e9es pour enseigner de fa\u00e7on explicite les op\u00e9rations intellectuelles : HQC3_Situer HQC3_Mettre en relation des faits HQC3_\u00c9tablir des liens de causalit\u00e9 HQC3_\u00c9tablir des faits HQC3_D\u00e9terminer des changements HQC3_D\u00e9terminer des causes HQC3_D\u00e9gager des similitudes HQC4_D\u00e9gager des similitudes HQC4_D\u00e9terminer des causes HQC4_D\u00e9terminer des changements HQC4_\u00c9tablir des faits HQC4_\u00c9tablir des liens de causalit\u00e9 HQC4_Mettre en &hellip; <\/p>\n<p><a class=\"more-link btn\" href=\"https:\/\/se.csbe.qc.ca\/universsocial\/enseignement-explicite-des-oi-csbe\/\">Lire la suite<\/a><\/p>\n<\/div>","protected":false},"author":209,"featured_media":0,"parent":0,"menu_order":0,"comment_status":"closed","ping_status":"closed","template":"","meta":{"footnotes":""},"class_list":["post-5020","page","type-page","status-publish","hentry","nodate","item-wrap"],"_links":{"self":[{"href":"https:\/\/se.csbe.qc.ca\/universsocial\/wp-json\/wp\/v2\/pages\/5020","targetHints":{"allow":["GET"]}}],"collection":[{"href":"https:\/\/se.csbe.qc.ca\/universsocial\/wp-json\/wp\/v2\/pages"}],"about":[{"href":"https:\/\/se.csbe.qc.ca\/universsocial\/wp-json\/wp\/v2\/types\/page"}],"author":[{"embeddable":true,"href":"https:\/\/se.csbe.qc.ca\/universsocial\/wp-json\/wp\/v2\/users\/209"}],"replies":[{"embeddable":true,"href":"https:\/\/se.csbe.qc.ca\/universsocial\/wp-json\/wp\/v2\/comments?post=5020"}],"version-history":[{"count":4,"href":"https:\/\/se.csbe.qc.ca\/universsocial\/wp-json\/wp\/v2\/pages\/5020\/revisions"}],"predecessor-version":[{"id":6827,"href":"https:\/\/se.csbe.qc.ca\/universsocial\/wp-json\/wp\/v2\/pages\/5020\/revisions\/6827"}],"wp:attachment":[{"href":"https:\/\/se.csbe.qc.ca\/universsocial\/wp-json\/wp\/v2\/media?parent=5020"}],"curies":[{"name":"wp","href":"https:\/\/api.w.org\/{rel}","templated":true}]}}