{"id":5015,"date":"2016-10-24T10:55:00","date_gmt":"2016-10-24T14:55:00","guid":{"rendered":"https:\/\/se.csbe.qc.ca\/universsocial\/?page_id=5015"},"modified":"2016-12-20T08:51:00","modified_gmt":"2016-12-20T13:51:00","slug":"des-operations-intellectuelles-explicites-21102016","status":"publish","type":"page","link":"https:\/\/se.csbe.qc.ca\/universsocial\/des-operations-intellectuelles-explicites-21102016\/","title":{"rendered":"Des op\u00e9rations intellectuelles&#8230; explicites! (21\/10\/2016)"},"content":{"rendered":"<div class=\"page-restrict-output\"><h3>Ce dossier comprend les documents pr\u00e9sent\u00e9s lors de la formation du 21 octobre 2016 <em>Des op\u00e9rations intellectuelles&#8230; explicites!<\/em><\/h3>\n<h3>On y retrouve :<\/h3>\n<ul>\n<li>\n<h3>une mise \u00e0 jour et des pr\u00e9cisions sur les op\u00e9rations intellectuelles;<\/h3>\n<h3><a href=\"https:\/\/se.csbe.qc.ca\/universsocial\/files\/2016\/10\/Tableau-OI-Activit\u00e9-1.docx\">Tableau OI &#8211; Activit\u00e9 1<\/a>\u00a0et\u00a0<a href=\"https:\/\/se.csbe.qc.ca\/universsocial\/files\/2016\/10\/Tableau-OI-Mise-\u00e0-jour-2.docx\">Tableau OI &#8211; Mise \u00e0 jour<\/a><\/h3>\n<\/li>\n<\/ul>\n<ul>\n<li>\n<h3>de nouvelles grilles d&rsquo;\u00e9valuation pour chaque crit\u00e8re et chaque comportement attendu;<\/h3>\n<\/li>\n<\/ul>\n<h3>\u00a0 \u00a0 \u00a0\u00a0<a href=\"https:\/\/se.csbe.qc.ca\/universsocial\/files\/2016\/10\/G\u00e9ographie.Grilles2016-2.docx\">G\u00e9ographie.Grilles2016<\/a>\u00a0&#8211;\u00a0 <a href=\"https:\/\/se.csbe.qc.ca\/universsocial\/files\/2016\/10\/HEC.Grilles2016-1.docx\">HEC.Grilles2016<\/a>\u00a0&#8211;\u00a0 <a href=\"https:\/\/se.csbe.qc.ca\/universsocial\/files\/2016\/10\/HQC3.Grilles2016.docx\">HQC3.Grilles2016<\/a><\/h3>\n<ul>\n<li>\n<h3>des canevas et des affiches pour l&rsquo;enseignement explicite de certaines op\u00e9rations intellectuelles (\u00c9tablir des liens de causalit\u00e9 &#8211; D\u00e9terminer des facteurs explicatifs (causes) et des cons\u00e9quences &#8211; \u00c9tablir des comparaisons).<\/h3>\n<h3>\u00a0 <a href=\"https:\/\/se.csbe.qc.ca\/universsocial\/files\/2016\/10\/Ens.exp_.OI_.CSBE_.2016-1.docx\">Ens.exp.OI.CSBE.2016<\/a><\/h3>\n<\/li>\n<\/ul>\n<h3>\u00a0 \u00a0 \u00a0 \u00a0 <a href=\"https:\/\/se.csbe.qc.ca\/universsocial\/files\/2016\/10\/OI.ens_.exp_.Causalit\u00e9-1.docx\">OI.ens.exp.Causalit\u00e9<\/a><\/h3>\n<h3>\u00a0 \u00a0 \u00a0 \u00a0\u00a0<a href=\"https:\/\/se.csbe.qc.ca\/universsocial\/files\/2016\/10\/OI.ens_.expl_.Cause_cons-1.docx\">OI.ens.expl.Cause_cons<\/a><\/h3>\n<h3>\u00a0 \u00a0 \u00a0 \u00a0\u00a0<a href=\"https:\/\/se.csbe.qc.ca\/universsocial\/files\/2016\/10\/OI.ens_.expl_.comparaison-1.docx\">OI.ens.expl.comparaison<\/a><\/h3>\n<ul>\n<li>\n<h3>des exemples de questions sur les op\u00e9rations intellectuelles et les comportements attendus, des affiches et autres documents de r\u00e9f\u00e9rence;<\/h3>\n<\/li>\n<\/ul>\n<h3><em>\u00a0 \u00a0 \u00a0 <a href=\"https:\/\/se.csbe.qc.ca\/universsocial\/files\/2016\/10\/Affiches-des-OI.CSTL_.docx\">Affiches-des-OI.CSTL<\/a><\/em><\/h3>\n<h3><em>\u00a0 \u00a0 \u00a0\u00a0<a href=\"https:\/\/se.csbe.qc.ca\/universsocial\/files\/2016\/10\/Poster-Causes-Cons.pdf\">Poster &#8211; Causes-Cons<\/a><\/em><\/h3>\n<h3><em>\u00a0 \u00a0 \u00a0<a href=\"https:\/\/se.csbe.qc.ca\/universsocial\/files\/2016\/10\/R\u00e9sum\u00e9-des-OI.CSTL_.docx\">R\u00e9sum\u00e9-des-OI.CSTL<\/a> <\/em><\/h3>\n<h3><em>\u00a0 \u00a0 \u00a0<a href=\"https:\/\/se.csbe.qc.ca\/universsocial\/files\/2016\/10\/R\u00f4le-des-documents.HQC_.docx\">R\u00f4le des documents.HQC<\/a><\/em><\/h3>\n<h3><em>\u00a0 \u00a0\u00a0<a href=\"https:\/\/se.csbe.qc.ca\/universsocial\/files\/2016\/10\/tableau_eval_us_MELS.pdf\">tableau_eval_us_MELS<\/a><\/em><\/h3>\n<h3><em>\u00a0 \u00a0\u00a0<a href=\"https:\/\/se.csbe.qc.ca\/universsocial\/files\/2016\/10\/tableau_oi_MELS.pdf\">tableau_oi_MELS<\/a><\/em><\/h3>\n<p>&nbsp;<\/p>\n<h2><\/h2>\n<!-- WP Attachments -->\r\n        <div style=\"width:100%;margin:10px 0 10px 0;\">\r\n            <h3>Attachments<\/h3>\r\n        <ul class=\"post-attachments\"><li class=\"post-attachment mime-application-zip\"><a href=\"https:\/\/se.csbe.qc.ca\/universsocial\/files\/2016\/10\/Des-OI-explicites_21_10_2016.zip\">des-oi-explicites_21_10_2016<\/a> <small>(26 MB)<\/small><\/li><li class=\"post-attachment mime-application-zip\"><a href=\"https:\/\/se.csbe.qc.ca\/universsocial\/files\/2016\/10\/Des-OI-explicites_21_10_2016-1.zip\">Des OI explicites_21_10_2016<\/a> <small>(26 MB)<\/small><\/li><li class=\"post-attachment mime-application-vnd-openxmlformats-officedocument-wordprocessingml-document\"><a href=\"https:\/\/se.csbe.qc.ca\/universsocial\/files\/2016\/10\/Tableau-OI-Activit\u00e9-1.docx\">Tableau OI - Activit\u00e9 1<\/a> <small>(36 kB)<\/small><\/li><li class=\"post-attachment mime-application-vnd-openxmlformats-officedocument-wordprocessingml-document\"><a href=\"https:\/\/se.csbe.qc.ca\/universsocial\/files\/2016\/10\/Tableau-OI-Mise-\u00e0-jour-2.docx\">Tableau OI - Mise \u00e0 jour<\/a> <small>(24 kB)<\/small><\/li><li class=\"post-attachment mime-application-vnd-openxmlformats-officedocument-wordprocessingml-document\"><a href=\"https:\/\/se.csbe.qc.ca\/universsocial\/files\/2016\/10\/G\u00e9ographie.Grilles2016-2.docx\">G\u00e9ographie.Grilles2016<\/a> <small>(40 kB)<\/small><\/li><li class=\"post-attachment mime-application-vnd-openxmlformats-officedocument-wordprocessingml-document\"><a href=\"https:\/\/se.csbe.qc.ca\/universsocial\/files\/2016\/10\/HEC.Grilles2016-1.docx\">HEC.Grilles2016<\/a> <small>(47 kB)<\/small><\/li><li class=\"post-attachment mime-application-vnd-openxmlformats-officedocument-wordprocessingml-document\"><a href=\"https:\/\/se.csbe.qc.ca\/universsocial\/files\/2016\/10\/HQC3.Grilles2016.docx\">HQC3.Grilles2016<\/a> <small>(47 kB)<\/small><\/li><li class=\"post-attachment mime-application-vnd-openxmlformats-officedocument-wordprocessingml-document\"><a href=\"https:\/\/se.csbe.qc.ca\/universsocial\/files\/2016\/10\/Ens.exp_.OI_.CSBE_.2016-1.docx\">Ens.exp.OI.CSBE.2016<\/a> <small>(438 kB)<\/small><\/li><li class=\"post-attachment mime-application-vnd-openxmlformats-officedocument-wordprocessingml-document\"><a href=\"https:\/\/se.csbe.qc.ca\/universsocial\/files\/2016\/10\/OI.ens_.exp_.Causalit\u00e9-1.docx\">OI.ens.exp.Causalit\u00e9<\/a> <small>(2 MB)<\/small><\/li><li class=\"post-attachment mime-application-vnd-openxmlformats-officedocument-wordprocessingml-document\"><a href=\"https:\/\/se.csbe.qc.ca\/universsocial\/files\/2016\/10\/OI.ens_.expl_.Cause_cons-1.docx\">OI.ens.expl.Cause_cons<\/a> <small>(3 MB)<\/small><\/li><li class=\"post-attachment mime-application-vnd-openxmlformats-officedocument-wordprocessingml-document\"><a href=\"https:\/\/se.csbe.qc.ca\/universsocial\/files\/2016\/10\/OI.ens_.expl_.comparaison-1.docx\">OI.ens.expl.comparaison<\/a> <small>(2 MB)<\/small><\/li><li class=\"post-attachment mime-application-vnd-openxmlformats-officedocument-wordprocessingml-document\"><a href=\"https:\/\/se.csbe.qc.ca\/universsocial\/files\/2016\/10\/Affiches-des-OI.CSTL_.docx\">Affiches-des-OI.CSTL<\/a> <small>(6 MB)<\/small><\/li><li class=\"post-attachment mime-application-pdf\"><a href=\"https:\/\/se.csbe.qc.ca\/universsocial\/files\/2016\/10\/Poster-Causes-Cons.pdf\">Poster - Causes-Cons<\/a> <small>(436 kB)<\/small><\/li><li class=\"post-attachment mime-application-vnd-openxmlformats-officedocument-wordprocessingml-document\"><a href=\"https:\/\/se.csbe.qc.ca\/universsocial\/files\/2016\/10\/R\u00e9sum\u00e9-des-OI.CSTL_.docx\">R\u00e9sum\u00e9-des-OI.CSTL<\/a> <small>(8 MB)<\/small><\/li><li class=\"post-attachment mime-application-vnd-openxmlformats-officedocument-wordprocessingml-document\"><a href=\"https:\/\/se.csbe.qc.ca\/universsocial\/files\/2016\/10\/R\u00f4le-des-documents.HQC_.docx\">R\u00f4le des documents.HQC<\/a> <small>(104 kB)<\/small><\/li><li class=\"post-attachment mime-application-pdf\"><a href=\"https:\/\/se.csbe.qc.ca\/universsocial\/files\/2016\/10\/tableau_eval_us_MELS.pdf\">tableau_eval_us_MELS<\/a> <small>(62 kB)<\/small><\/li><li class=\"post-attachment mime-application-pdf\"><a href=\"https:\/\/se.csbe.qc.ca\/universsocial\/files\/2016\/10\/tableau_oi_MELS.pdf\">tableau_oi_MELS<\/a> <small>(74 kB)<\/small><\/li><\/ul><\/div><\/div>","protected":false},"excerpt":{"rendered":"<div class=\"page-restrict-output\"><p>Ce dossier comprend les documents pr\u00e9sent\u00e9s lors de la formation du 21 octobre 2016 Des op\u00e9rations intellectuelles&#8230; explicites! On y retrouve : une mise \u00e0 jour et des pr\u00e9cisions sur les op\u00e9rations intellectuelles; Tableau OI &#8211; Activit\u00e9 1\u00a0et\u00a0Tableau OI &#8211; Mise \u00e0 jour de nouvelles grilles d&rsquo;\u00e9valuation pour chaque crit\u00e8re et chaque comportement attendu; \u00a0 &hellip; <\/p>\n<p><a class=\"more-link btn\" href=\"https:\/\/se.csbe.qc.ca\/universsocial\/des-operations-intellectuelles-explicites-21102016\/\">Lire la suite<\/a><\/p>\n<\/div>","protected":false},"author":209,"featured_media":0,"parent":0,"menu_order":0,"comment_status":"closed","ping_status":"closed","template":"","meta":{"footnotes":""},"class_list":["post-5015","page","type-page","status-publish","hentry","nodate","item-wrap"],"_links":{"self":[{"href":"https:\/\/se.csbe.qc.ca\/universsocial\/wp-json\/wp\/v2\/pages\/5015","targetHints":{"allow":["GET"]}}],"collection":[{"href":"https:\/\/se.csbe.qc.ca\/universsocial\/wp-json\/wp\/v2\/pages"}],"about":[{"href":"https:\/\/se.csbe.qc.ca\/universsocial\/wp-json\/wp\/v2\/types\/page"}],"author":[{"embeddable":true,"href":"https:\/\/se.csbe.qc.ca\/universsocial\/wp-json\/wp\/v2\/users\/209"}],"replies":[{"embeddable":true,"href":"https:\/\/se.csbe.qc.ca\/universsocial\/wp-json\/wp\/v2\/comments?post=5015"}],"version-history":[{"count":5,"href":"https:\/\/se.csbe.qc.ca\/universsocial\/wp-json\/wp\/v2\/pages\/5015\/revisions"}],"predecessor-version":[{"id":5137,"href":"https:\/\/se.csbe.qc.ca\/universsocial\/wp-json\/wp\/v2\/pages\/5015\/revisions\/5137"}],"wp:attachment":[{"href":"https:\/\/se.csbe.qc.ca\/universsocial\/wp-json\/wp\/v2\/media?parent=5015"}],"curies":[{"name":"wp","href":"https:\/\/api.w.org\/{rel}","templated":true}]}}